{"id":753,"date":"2025-08-23T18:13:50","date_gmt":"2025-08-23T16:13:50","guid":{"rendered":"https:\/\/vozolpuff.de\/?post_type=product&#038;p=753"},"modified":"2026-04-15T17:32:26","modified_gmt":"2026-04-15T15:32:26","slug":"vozol-vista-20000-watermelon-bubblegum","status":"publish","type":"product","link":"https:\/\/vozolpuff.de\/es\/producto\/vozol-vista-20000-watermelon-bubblegum\/","title":{"rendered":"Vozol Vista 20000 Sand\u00eda Chicle"},"content":{"rendered":"<h2 class=\"text-xl font-bold text-text-100 mt-1 -mb-0.5\">Vapeador Desechable Vozol Vista 20000 Watermelon Bubblegum<\/h2>\n<p class=\"whitespace-normal break-words\">Experimenta la dulzura nost\u00e1lgica con Vozol VISTA 20000 Watermelon Bubblegum. Este juguet\u00f3n cigarrillo electr\u00f3nico desechable combina la refrescante dulzura de la sand\u00eda con el caracter\u00edstico sabor del chicle para crear una experiencia de sabor \u00fanica con hasta 20.000 dulces caladas.<\/p>\n<h3 class=\"text-lg font-bold text-text-100 mt-1 -mb-1.5\">Caracter\u00edsticas especiales de la versi\u00f3n Watermelon Bubblegum:<\/h3>\n<p class=\"whitespace-normal break-words\"><strong>Control de potencia vers\u00e1til:<\/strong> Seis niveles de vatios finamente ajustables permiten el equilibrio perfecto entre la frescura afrutada de la sand\u00eda y un dulce sabor a chicle.<\/p>\n<p class=\"whitespace-normal break-words\"><strong>Revolucionaria tecnolog\u00eda de doble malla:<\/strong> El innovador dise\u00f1o de la bobina garantiza una combinaci\u00f3n armoniosa de sabores dulces contrastados con el m\u00e1ximo desarrollo del vapor.<\/p>\n<p class=\"whitespace-normal break-words\"><strong>Pantalla de colores brillantes:<\/strong> La interfaz iluminada muestra claramente toda la informaci\u00f3n esencial y hace que su manejo sea un juego de ni\u00f1os.<\/p>\n<p class=\"whitespace-normal break-words\"><strong>Elegante aspecto de cristal:<\/strong> La carcasa completamente transparente ofrece una elegante transparencia y permite controlar constantemente el nivel de e-l\u00edquido.<\/p>\n<p class=\"whitespace-normal break-words\"><strong>Capacidad excepcional:<\/strong> Con 20.000 caladas, esta dulce combinaci\u00f3n promete un disfrute duradero sin interrupciones.<\/p>\n<p class=\"whitespace-normal break-words\"><strong>Concentraci\u00f3n equilibrada de nicotina:<\/strong> La nicotina 5% garantiza una satisfacci\u00f3n perfecta con una suave sensaci\u00f3n en la garganta.<\/p>\n<p class=\"whitespace-normal break-words\"><strong>Tecnolog\u00eda de bater\u00edas de \u00faltima generaci\u00f3n:<\/strong> Bater\u00eda de alto rendimiento de 650 mAh con carga r\u00e1pida Type-C para un rendimiento fiable.<\/p>\n<p class=\"whitespace-normal break-words\"><strong>Dep\u00f3sito de gran volumen:<\/strong> 24ml premium Sweet-E-Liquid garantizan un disfrute duradero del sabor.<\/p>\n<h3 class=\"text-lg font-bold text-text-100 mt-1 -mb-1.5\">Descubre m\u00e1s VOZOL VAPE en vozolpuff<\/h3>\n<p class=\"whitespace-normal break-words\">Descubra m\u00e1s productos de vapor premium en nuestra <strong><a class=\"underline\" href=\"https:\/\/vozolpuff.de\/es\/\">Tienda online Vozol Puff<\/a><\/strong>consulte nuestra gama completa de <strong><a class=\"underline\" href=\"https:\/\/vozolpuff.de\/es\/product-category\/vozol-vape\/\">Colecci\u00f3n VOZOL VAPE<\/a><\/strong> o explore todos los <strong><a class=\"underline\" href=\"https:\/\/vozolpuff.de\/es\/product-category\/vozol-vape\/vozol-vista-20000\/\">Vozol Vista 20000 sabores<\/a><\/strong>.<\/p>","protected":false},"excerpt":{"rendered":"<p>El vapeador desechable Vozol Vista 20000 Watermelon Bubblegum combina la refrescante dulzura de la sand\u00eda con el caracter\u00edstico sabor a chicle para una experiencia de sabor nost\u00e1lgica. Este juguet\u00f3n e-cigarrillo desechable ofrece 20.000 caladas, bater\u00eda de 650mAh y nicotina 5%. Seis niveles de potencia con tecnolog\u00eda de doble malla para un equilibrio armonioso entre la frescura afrutada y el dulce sabor a chicle.<\/p>","protected":false},"featured_media":755,"comment_status":"open","ping_status":"closed","template":"","meta":{"_acf_changed":false},"product_brand":[],"product_cat":[30],"product_tag":[],"class_list":{"0":"post-753","1":"product","2":"type-product","3":"status-publish","4":"has-post-thumbnail","6":"product_cat-vozol-vista-20000","8":"first","9":"instock","10":"shipping-taxable","11":"purchasable","12":"product-type-variable"},"acf":[],"_links":{"self":[{"href":"https:\/\/vozolpuff.de\/es\/wp-json\/wp\/v2\/product\/753","targetHints":{"allow":["GET"]}}],"collection":[{"href":"https:\/\/vozolpuff.de\/es\/wp-json\/wp\/v2\/product"}],"about":[{"href":"https:\/\/vozolpuff.de\/es\/wp-json\/wp\/v2\/types\/product"}],"replies":[{"embeddable":true,"href":"https:\/\/vozolpuff.de\/es\/wp-json\/wp\/v2\/comments?post=753"}],"wp:featuredmedia":[{"embeddable":true,"href":"https:\/\/vozolpuff.de\/es\/wp-json\/wp\/v2\/media\/755"}],"wp:attachment":[{"href":"https:\/\/vozolpuff.de\/es\/wp-json\/wp\/v2\/media?parent=753"}],"wp:term":[{"taxonomy":"product_brand","embeddable":true,"href":"https:\/\/vozolpuff.de\/es\/wp-json\/wp\/v2\/product_brand?post=753"},{"taxonomy":"product_cat","embeddable":true,"href":"https:\/\/vozolpuff.de\/es\/wp-json\/wp\/v2\/product_cat?post=753"},{"taxonomy":"product_tag","embeddable":true,"href":"https:\/\/vozolpuff.de\/es\/wp-json\/wp\/v2\/product_tag?post=753"}],"curies":[{"name":"wp","href":"https:\/\/api.w.org\/{rel}","templated":true}]}}