{"id":767,"date":"2025-08-24T09:33:43","date_gmt":"2025-08-24T07:33:43","guid":{"rendered":"https:\/\/vozolpuff.de\/?post_type=product&#038;p=767"},"modified":"2026-01-15T12:17:36","modified_gmt":"2026-01-15T11:17:36","slug":"vozol-vista-40000-blueberry-ice","status":"publish","type":"product","link":"https:\/\/vozolpuff.de\/es\/producto\/vozol-vista-40000-blueberry-ice\/","title":{"rendered":"Vozol Vista 40000 Blueberry Ice"},"content":{"rendered":"<h2 class=\"text-2xl font-bold mt-1 text-text-100\">Vapeador desechable Vozol Vista 40000 Blueberry Ice<\/h2>\n<p class=\"whitespace-normal break-words\">En <strong>Vozol Vista 40000 Blueberry Ice<\/strong> redefine el vapeo premium con aut\u00e9ntico sabor a ar\u00e1ndanos y refrescante refrigeraci\u00f3n. Este cigarrillo electr\u00f3nico desechable recargable de \u00faltima generaci\u00f3n cuenta con un robusto dispositivo de almacenamiento de energ\u00eda de 1000 mAh con funci\u00f3n de carga r\u00e1pida USB-C. Disfruta de hasta <strong>40.000 sabrosas bocanadas<\/strong> gracias al revolucionario sistema de doble bobina de malla con tecnolog\u00eda S.i.L.C, combinado con el ajuste de vataje de 4 niveles y el control dual del flujo de aire.<\/p>\n<h3 class=\"text-xl font-bold text-text-100 mt-1 -mb-0.5\">Blueberry Ice Vista 40000 Especificaciones:<\/h3>\n<p class=\"whitespace-normal break-words\"><strong>Bater\u00eda de 1000 mAh de alta capacidad:<\/strong> Potencia de larga duraci\u00f3n con carga r\u00e1pida Type-C para una m\u00e1xima vida \u00fatil<\/p>\n<p class=\"whitespace-normal break-words\"><strong>Regulador de caudal de aire de dos etapas:<\/strong> Transici\u00f3n sin fisuras entre las bocanadas apretadas MTL y las nubes de vapor m\u00e1s aireadas.<\/p>\n<p class=\"whitespace-normal break-words\"><strong>Control de potencia Quattro:<\/strong> Ajuste individual de la intensidad del vapor seg\u00fan las preferencias personales<\/p>\n<p class=\"whitespace-normal break-words\"><strong>Pantalla LED panor\u00e1mica de 270\u00b0:<\/strong> Visi\u00f3n completa del n\u00famero de trenes, estado de la bater\u00eda y modo de alimentaci\u00f3n<\/p>\n<p class=\"whitespace-normal break-words\"><strong>Dual-Mesh con S.i.L.C Tech:<\/strong> Tecnolog\u00eda de calentamiento avanzada para disfrutar siempre del Blueberry Ice<\/p>\n<p class=\"whitespace-normal break-words\"><strong>Efectos de iluminaci\u00f3n interactivos:<\/strong> La elegante animaci\u00f3n LED reacciona a cada movimiento<\/p>\n<p class=\"whitespace-normal break-words\"><strong>Potencia de nicotina 50mg\/ml (5%):<\/strong> Suministro \u00f3ptimo de nicotina para las necesidades diarias<\/p>\n<h3 class=\"text-xl font-bold text-text-100 mt-1 -mb-0.5\">Descubre m\u00e1s VOZOL VAPE en vozolpuff<\/h3>\n<p class=\"whitespace-normal break-words\">Compra el Vozol Vista 40000 Blueberry Ice en la tienda de vapeo l\u00edder en Alemania. Visita nuestra <a class=\"underline\" href=\"https:\/\/vozolpuff.de\/es\/\"><strong>P\u00e1gina de inicio<\/strong><\/a> para m\u00e1s productos premium, descubra la <a class=\"underline\" href=\"https:\/\/vozolpuff.de\/es\/product-category\/vozol-vape\/\"><strong>VOZOL VAPE<\/strong><\/a> o navegar por toda la colecci\u00f3n <a class=\"underline\" href=\"https:\/\/vozolpuff.de\/es\/product-category\/vozol-vape\/vozol-vista-40000\/\"><strong>Vozol Vista 40000<\/strong><\/a> Sabores.<\/p>","protected":false},"excerpt":{"rendered":"<p>En <strong>Vapeador desechable Vozol Vista 40000 Blueberry Ice<\/strong> ofrece aut\u00e9ntico sabor a ar\u00e1ndanos con refrescante refrigeraci\u00f3n para hasta 40.000 caladas de sabor intenso. Con robusto almacenamiento de energ\u00eda de 1000 mAh, carga r\u00e1pida USB-C y tecnolog\u00eda S.i.L.C de doble malla. Ajuste de vataje de 4 niveles, doble flujo de aire y pantalla LED de 270\u00b0. Potencia de nicotina: 50mg\/ml (5%).<\/p>","protected":false},"featured_media":770,"comment_status":"open","ping_status":"closed","template":"","meta":{"_acf_changed":false},"product_brand":[],"product_cat":[31],"product_tag":[],"class_list":{"0":"post-767","1":"product","2":"type-product","3":"status-publish","4":"has-post-thumbnail","6":"product_cat-vozol-vista-40000","8":"first","9":"instock","10":"shipping-taxable","11":"purchasable","12":"product-type-variable"},"acf":[],"_links":{"self":[{"href":"https:\/\/vozolpuff.de\/es\/wp-json\/wp\/v2\/product\/767","targetHints":{"allow":["GET"]}}],"collection":[{"href":"https:\/\/vozolpuff.de\/es\/wp-json\/wp\/v2\/product"}],"about":[{"href":"https:\/\/vozolpuff.de\/es\/wp-json\/wp\/v2\/types\/product"}],"replies":[{"embeddable":true,"href":"https:\/\/vozolpuff.de\/es\/wp-json\/wp\/v2\/comments?post=767"}],"wp:featuredmedia":[{"embeddable":true,"href":"https:\/\/vozolpuff.de\/es\/wp-json\/wp\/v2\/media\/770"}],"wp:attachment":[{"href":"https:\/\/vozolpuff.de\/es\/wp-json\/wp\/v2\/media?parent=767"}],"wp:term":[{"taxonomy":"product_brand","embeddable":true,"href":"https:\/\/vozolpuff.de\/es\/wp-json\/wp\/v2\/product_brand?post=767"},{"taxonomy":"product_cat","embeddable":true,"href":"https:\/\/vozolpuff.de\/es\/wp-json\/wp\/v2\/product_cat?post=767"},{"taxonomy":"product_tag","embeddable":true,"href":"https:\/\/vozolpuff.de\/es\/wp-json\/wp\/v2\/product_tag?post=767"}],"curies":[{"name":"wp","href":"https:\/\/api.w.org\/{rel}","templated":true}]}}