{"id":774,"date":"2025-08-24T09:38:07","date_gmt":"2025-08-24T07:38:07","guid":{"rendered":"https:\/\/vozolpuff.de\/?post_type=product&#038;p=774"},"modified":"2026-01-15T12:17:25","modified_gmt":"2026-01-15T11:17:25","slug":"vozol-vista-40000-cherry-cola","status":"publish","type":"product","link":"https:\/\/vozolpuff.de\/es\/producto\/vozol-vista-40000-cherry-cola\/","title":{"rendered":"Vozol Vista 40000 Cereza Cola"},"content":{"rendered":"<h2 class=\"text-2xl font-bold mt-1 text-text-100\">Vozol Vista 40000 Cherry Cola \u2013 Cigarrillo electr\u00f3nico<\/h2>\n<p class=\"whitespace-normal break-words\">Experimenta la <strong>Vozol Vista 40000 Cereza Cola<\/strong> \u2013 Un extraordinario vaporizador desechable recargable que presenta el nost\u00e1lgico sabor a cereza y cola en perfecta armon\u00eda. Equipado con una potente bater\u00eda de 1000 mAh y tecnolog\u00eda de carga r\u00e1pida USB-C, este cigarrillo electr\u00f3nico premium permite hasta <strong>40 000 trenes aut\u00e9nticos<\/strong>. El innovador sistema de bobina de doble malla con tecnolog\u00eda S.i.L.C garantiza un desarrollo constante del aroma, mientras que la regulaci\u00f3n de potencia en cuatro niveles y las opciones de doble flujo de aire ofrecen la m\u00e1xima flexibilidad.<\/p>\n<h3 class=\"text-xl font-bold text-text-100 mt-1 -mb-0.5\">Cherry Cola Vista 40000 Caracter\u00edsticas:<\/h3>\n<p class=\"whitespace-normal break-words\"><strong>Potente bater\u00eda de iones de litio de 1000 mAh:<\/strong> Suministro de energ\u00eda fiable con conexi\u00f3n de carga tipo C ultrarr\u00e1pida<\/p>\n<p class=\"whitespace-normal break-words\"><strong>Control dual del flujo de aire:<\/strong> Cambio sin esfuerzo entre caladas MTL intensas e inhalaciones m\u00e1s relajadas.<\/p>\n<p class=\"whitespace-normal break-words\"><strong>Ajuste de potencia en 4 niveles:<\/strong> Control preciso de la producci\u00f3n de vapor para una experiencia Cherry Cola personalizada<\/p>\n<p class=\"whitespace-normal break-words\"><strong>Pantalla LED panor\u00e1mica de 270\u00b0:<\/strong> Informaci\u00f3n completa sobre contador de puffs, nivel de bater\u00eda y modo de salida.<\/p>\n<p class=\"whitespace-normal break-words\"><strong>Tecnolog\u00eda S.i.L.C Dual-Mesh:<\/strong> Revolucionaria arquitectura de bobinas para un rendimiento \u00f3ptimo del sabor a Cherry Cola.<\/p>\n<p class=\"whitespace-normal break-words\"><strong>Iluminaci\u00f3n LED inteligente:<\/strong> Elegantes efectos luminosos que se sincronizan con cada inhalaci\u00f3n.<\/p>\n<p class=\"whitespace-normal break-words\"><strong>Contenido profesional de nicotina 50 mg\/ml (5%):<\/strong> Nivel de nicotina satisfactorio para usuarios experimentados.<\/p>\n<h3 class=\"text-xl font-bold text-text-100 mt-1 -mb-0.5\">Descubre m\u00e1s VOZOL VAPE en vozolpuff<\/h3>\n<p class=\"whitespace-normal break-words\">Compre el Vozol Vista 40000 Cherry Cola en la tienda de vapeo l\u00edder en Alemania. Visite nuestra <a class=\"underline\" href=\"https:\/\/vozolpuff.de\/es\/\"><strong>P\u00e1gina de inicio<\/strong><\/a> para m\u00e1s productos premium, descubra la <a class=\"underline\" href=\"https:\/\/vozolpuff.de\/es\/product-category\/vozol-vape\/\"><strong>VOZOL VAPE<\/strong><\/a> o navegar por toda la colecci\u00f3n <a class=\"underline\" href=\"https:\/\/vozolpuff.de\/es\/product-category\/vozol-vape\/vozol-vista-40000\/\"><strong>Vozol Vista 40000<\/strong><\/a> Sabores.<\/p>","protected":false},"excerpt":{"rendered":"<p>En <strong>Cigarrillo electr\u00f3nico Vozol Vista 40000 Cherry Cola<\/strong> Ofrece un nost\u00e1lgico sabor a cereza y cola en perfecta armon\u00eda para hasta 40 000 caladas aut\u00e9nticas. Con una potente bater\u00eda de 1000 mAh, tecnolog\u00eda de carga r\u00e1pida USB-C y tecnolog\u00eda Dual-Mesh S.i.L.C. Ajuste de potencia de 4 niveles, control de flujo de aire dual y pantalla LED de 270\u00b0. Contenido de nicotina: 50 mg\/ml (5%).<\/p>","protected":false},"featured_media":777,"comment_status":"open","ping_status":"closed","template":"","meta":{"_acf_changed":false},"product_brand":[],"product_cat":[31],"product_tag":[],"class_list":{"0":"post-774","1":"product","2":"type-product","3":"status-publish","4":"has-post-thumbnail","6":"product_cat-vozol-vista-40000","8":"first","9":"instock","10":"shipping-taxable","11":"purchasable","12":"product-type-variable"},"acf":[],"_links":{"self":[{"href":"https:\/\/vozolpuff.de\/es\/wp-json\/wp\/v2\/product\/774","targetHints":{"allow":["GET"]}}],"collection":[{"href":"https:\/\/vozolpuff.de\/es\/wp-json\/wp\/v2\/product"}],"about":[{"href":"https:\/\/vozolpuff.de\/es\/wp-json\/wp\/v2\/types\/product"}],"replies":[{"embeddable":true,"href":"https:\/\/vozolpuff.de\/es\/wp-json\/wp\/v2\/comments?post=774"}],"wp:featuredmedia":[{"embeddable":true,"href":"https:\/\/vozolpuff.de\/es\/wp-json\/wp\/v2\/media\/777"}],"wp:attachment":[{"href":"https:\/\/vozolpuff.de\/es\/wp-json\/wp\/v2\/media?parent=774"}],"wp:term":[{"taxonomy":"product_brand","embeddable":true,"href":"https:\/\/vozolpuff.de\/es\/wp-json\/wp\/v2\/product_brand?post=774"},{"taxonomy":"product_cat","embeddable":true,"href":"https:\/\/vozolpuff.de\/es\/wp-json\/wp\/v2\/product_cat?post=774"},{"taxonomy":"product_tag","embeddable":true,"href":"https:\/\/vozolpuff.de\/es\/wp-json\/wp\/v2\/product_tag?post=774"}],"curies":[{"name":"wp","href":"https:\/\/api.w.org\/{rel}","templated":true}]}}