{"id":779,"date":"2025-08-24T09:41:19","date_gmt":"2025-08-24T07:41:19","guid":{"rendered":"https:\/\/vozolpuff.de\/?post_type=product&#038;p=779"},"modified":"2026-01-15T12:17:13","modified_gmt":"2026-01-15T11:17:13","slug":"vozol-vista-40000-cool-mint","status":"publish","type":"product","link":"https:\/\/vozolpuff.de\/es\/producto\/vozol-vista-40000-cool-mint\/","title":{"rendered":"Vozol Vista 40000 Cool Mint"},"content":{"rendered":"<h2 class=\"text-2xl font-bold mt-1 text-text-100\">Vapeador desechable Vozol Vista 40000 Cool Mint<\/h2>\n<p class=\"whitespace-normal break-words\">En <strong>Vozol Vista 40000 Cool Mint<\/strong> ofrece la experiencia de frescor definitiva con un intenso sabor a menta y efecto refrescante. Este e-cigarrillo desechable recargable tecnol\u00f3gicamente avanzado est\u00e1 equipado con una potente bater\u00eda de 1000 mAh y carga r\u00e1pida USB-C. Experimenta hasta <strong>40.000 bocanadas refrescantes<\/strong> gracias a la avanzada bobina de malla doble con tecnolog\u00eda S.i.L.C, complementada con regulaci\u00f3n de vataje de 4 etapas y ajustes de flujo de aire dobles.<\/p>\n<h3 class=\"text-xl font-bold text-text-100 mt-1 -mb-0.5\">Cool Mint Vista 40000 Caracter\u00edsticas:<\/h3>\n<p class=\"whitespace-normal break-words\"><strong>Robusta bater\u00eda de 1000 mAh:<\/strong> Potencia continua con funci\u00f3n de carga expr\u00e9s Type-C para un placer de vapeo ininterrumpido<\/p>\n<p class=\"whitespace-normal break-words\"><strong>Resistencia a la tracci\u00f3n binivel:<\/strong> Cambio flexible entre caladas MTL concentradas y experiencias de vapeo m\u00e1s abiertas<\/p>\n<p class=\"whitespace-normal break-words\"><strong>Modulaci\u00f3n cu\u00e1druple:<\/strong> Ajuste fino del desarrollo del vapor para un perfecto aroma a menta fresca<\/p>\n<p class=\"whitespace-normal break-words\"><strong>Monitor LED de 270\u00b0 de c\u00edrculo completo:<\/strong> Visualizaci\u00f3n detallada de las estad\u00edsticas del tren, la carga de la bater\u00eda y el modo de funcionamiento<\/p>\n<p class=\"whitespace-normal break-words\"><strong>Innovaci\u00f3n S.i.L.C Dual-Mesh:<\/strong> Tecnolog\u00eda de bobina de \u00faltima generaci\u00f3n para un sabor constante a menta fresca<\/p>\n<p class=\"whitespace-normal break-words\"><strong>Efectos LED sensibles:<\/strong> Atractivas animaciones luminosas que se activan con cada uso<\/p>\n<p class=\"whitespace-normal break-words\"><strong>Concentraci\u00f3n est\u00e1ndar de nicotina 50mg\/ml (5%):<\/strong> Suministro satisfactorio de nicotina para consumidores habituales<\/p>\n<h3 class=\"text-xl font-bold text-text-100 mt-1 -mb-0.5\">Descubre m\u00e1s VOZOL VAPE en vozolpuff<\/h3>\n<p class=\"whitespace-normal break-words\">Compra el Vozol Vista 40000 Cool Mint en la tienda de vapeo l\u00edder en Alemania. Visita nuestra <a class=\"underline\" href=\"https:\/\/vozolpuff.de\/es\/\"><strong>P\u00e1gina de inicio<\/strong><\/a> para m\u00e1s productos premium, descubra la <a class=\"underline\" href=\"https:\/\/vozolpuff.de\/es\/product-category\/vozol-vape\/\"><strong>VOZOL VAPE<\/strong><\/a> o navegar por toda la colecci\u00f3n <a class=\"underline\" href=\"https:\/\/vozolpuff.de\/es\/product-category\/vozol-vape\/vozol-vista-40000\/\"><strong>Vozol Vista 40000<\/strong><\/a> Sabores.<\/p>","protected":false},"excerpt":{"rendered":"<p>En <strong>Vapeador desechable Vozol Vista 40000 Cool Mint<\/strong> ofrece la experiencia de frescor definitiva con un intenso sabor a menta y un efecto refrescante de hasta 40 000 caladas refrescantes. Con potente bater\u00eda de 1000 mAh, carga r\u00e1pida USB-C y tecnolog\u00eda S.i.L.C de doble malla. Regulaci\u00f3n de vataje en 4 niveles, doble ajuste de flujo de aire y monitor LED de 270\u00b0. Concentraci\u00f3n de nicotina: 50mg\/ml (5%).<\/p>","protected":false},"featured_media":782,"comment_status":"open","ping_status":"closed","template":"","meta":{"_acf_changed":false},"product_brand":[],"product_cat":[31],"product_tag":[],"class_list":{"0":"post-779","1":"product","2":"type-product","3":"status-publish","4":"has-post-thumbnail","6":"product_cat-vozol-vista-40000","8":"first","9":"instock","10":"shipping-taxable","11":"purchasable","12":"product-type-variable"},"acf":[],"_links":{"self":[{"href":"https:\/\/vozolpuff.de\/es\/wp-json\/wp\/v2\/product\/779","targetHints":{"allow":["GET"]}}],"collection":[{"href":"https:\/\/vozolpuff.de\/es\/wp-json\/wp\/v2\/product"}],"about":[{"href":"https:\/\/vozolpuff.de\/es\/wp-json\/wp\/v2\/types\/product"}],"replies":[{"embeddable":true,"href":"https:\/\/vozolpuff.de\/es\/wp-json\/wp\/v2\/comments?post=779"}],"wp:featuredmedia":[{"embeddable":true,"href":"https:\/\/vozolpuff.de\/es\/wp-json\/wp\/v2\/media\/782"}],"wp:attachment":[{"href":"https:\/\/vozolpuff.de\/es\/wp-json\/wp\/v2\/media?parent=779"}],"wp:term":[{"taxonomy":"product_brand","embeddable":true,"href":"https:\/\/vozolpuff.de\/es\/wp-json\/wp\/v2\/product_brand?post=779"},{"taxonomy":"product_cat","embeddable":true,"href":"https:\/\/vozolpuff.de\/es\/wp-json\/wp\/v2\/product_cat?post=779"},{"taxonomy":"product_tag","embeddable":true,"href":"https:\/\/vozolpuff.de\/es\/wp-json\/wp\/v2\/product_tag?post=779"}],"curies":[{"name":"wp","href":"https:\/\/api.w.org\/{rel}","templated":true}]}}