{"id":786,"date":"2025-08-24T09:53:00","date_gmt":"2025-08-24T07:53:00","guid":{"rendered":"https:\/\/vozolpuff.de\/?post_type=product&#038;p=786"},"modified":"2026-01-15T12:17:01","modified_gmt":"2026-01-15T11:17:01","slug":"vozol-vista-40000-double-apple","status":"publish","type":"product","link":"https:\/\/vozolpuff.de\/es\/producto\/vozol-vista-40000-double-apple\/","title":{"rendered":"Vozol Vista 40000 Doble Manzana"},"content":{"rendered":"<h2 class=\"text-2xl font-bold mt-1 text-text-100\">Vozol Vista 40000 Double Apple Vape desechable<\/h2>\n<p class=\"whitespace-normal break-words\">Descubre la <strong>Vozol Vista 40000 Doble Manzana<\/strong> : un exquisito cigarrillo electr\u00f3nico desechable recargable con doble sabor a manzana, con notas dulces y \u00e1cidas. Equipado con una bater\u00eda fiable de 1000 mAh y carga r\u00e1pida USB-C, este innovador vaporizador ofrece hasta <strong>40 000 caladas intensas y afrutadas<\/strong>. La avanzada bobina de doble malla con tecnolog\u00eda S.i.L.C garantiza una transmisi\u00f3n \u00f3ptima del sabor, mientras que el control de potencia de 4 niveles y los modos de flujo de aire dual permiten adaptarlo a las preferencias individuales.<\/p>\n<h3 class=\"text-xl font-bold text-text-100 mt-1 -mb-0.5\">Double Apple Vista 40000 Caracter\u00edsticas:<\/h3>\n<p class=\"whitespace-normal break-words\"><strong>Bater\u00eda de alto rendimiento y larga duraci\u00f3n de 1000 mAh:<\/strong> Potencia continua con sistema de carga ultrarr\u00e1pido tipo C<\/p>\n<p class=\"whitespace-normal break-words\"><strong>Gesti\u00f3n doble del flujo de aire:<\/strong> Transici\u00f3n sencilla entre caladas MTL ajustadas y nubes de vapor sueltas.<\/p>\n<p class=\"whitespace-normal break-words\"><strong>Control cu\u00e1druple de vatios:<\/strong> Producci\u00f3n de vapor a medida para una aut\u00e9ntica experiencia de sabor a doble manzana.<\/p>\n<p class=\"whitespace-normal break-words\"><strong>Pantalla LED con visi\u00f3n panor\u00e1mica de 270\u00b0:<\/strong> Visualizaci\u00f3n completa del n\u00famero de puffs, el estado de la bater\u00eda y el ajuste de potencia.<\/p>\n<p class=\"whitespace-normal break-words\"><strong>Sistema de doble malla S.i.L.C:<\/strong> Tecnolog\u00eda de bobinas de \u00faltima generaci\u00f3n para disfrutar siempre del mismo sabor Double Apple.<\/p>\n<p class=\"whitespace-normal break-words\"><strong>Iluminaci\u00f3n LED adaptativa:<\/strong> Elegantes juegos de luces que reaccionan a cada acci\u00f3n de vaporizaci\u00f3n<\/p>\n<p class=\"whitespace-normal break-words\"><strong>Concentraci\u00f3n de nicotina probada de 50 mg\/ml (5%):<\/strong> Aporte equilibrado de nicotina para el consumo diario.<\/p>\n<h3 class=\"text-xl font-bold text-text-100 mt-1 -mb-0.5\">Descubre m\u00e1s VOZOL VAPE en vozolpuff<\/h3>\n<p class=\"whitespace-normal break-words\">Compra el Vozol Vista 40000 Double Apple en la tienda de vapeo l\u00edder en Alemania. Visita nuestra <a class=\"underline\" href=\"https:\/\/vozolpuff.de\/es\/\"><strong>P\u00e1gina de inicio<\/strong><\/a> para m\u00e1s productos premium, descubra la <a class=\"underline\" href=\"https:\/\/vozolpuff.de\/es\/product-category\/vozol-vape\/\"><strong>VOZOL VAPE<\/strong><\/a> o navegar por toda la colecci\u00f3n <a class=\"underline\" href=\"https:\/\/vozolpuff.de\/es\/product-category\/vozol-vape\/vozol-vista-40000\/\"><strong>Vozol Vista 40000<\/strong><\/a> Sabores.<\/p>","protected":false},"excerpt":{"rendered":"<p>En <strong>Vozol Vista 40000 Double Apple Vape desechable<\/strong> Ofrece un exquisito doble placer de manzana con notas dulces y \u00e1cidas para hasta 40 000 caladas intensas y afrutadas. Con una bater\u00eda fiable de 1000 mAh, carga r\u00e1pida USB-C y tecnolog\u00eda Dual-Mesh S.i.L.C. Control de potencia de 4 niveles, modos de flujo de aire dual y pantalla LED de 270\u00b0. Concentraci\u00f3n de nicotina: 50 mg\/ml (5%).<\/p>","protected":false},"featured_media":789,"comment_status":"open","ping_status":"closed","template":"","meta":{"_acf_changed":false},"product_brand":[],"product_cat":[31],"product_tag":[],"class_list":{"0":"post-786","1":"product","2":"type-product","3":"status-publish","4":"has-post-thumbnail","6":"product_cat-vozol-vista-40000","8":"first","9":"instock","10":"shipping-taxable","11":"purchasable","12":"product-type-variable"},"acf":[],"_links":{"self":[{"href":"https:\/\/vozolpuff.de\/es\/wp-json\/wp\/v2\/product\/786","targetHints":{"allow":["GET"]}}],"collection":[{"href":"https:\/\/vozolpuff.de\/es\/wp-json\/wp\/v2\/product"}],"about":[{"href":"https:\/\/vozolpuff.de\/es\/wp-json\/wp\/v2\/types\/product"}],"replies":[{"embeddable":true,"href":"https:\/\/vozolpuff.de\/es\/wp-json\/wp\/v2\/comments?post=786"}],"wp:featuredmedia":[{"embeddable":true,"href":"https:\/\/vozolpuff.de\/es\/wp-json\/wp\/v2\/media\/789"}],"wp:attachment":[{"href":"https:\/\/vozolpuff.de\/es\/wp-json\/wp\/v2\/media?parent=786"}],"wp:term":[{"taxonomy":"product_brand","embeddable":true,"href":"https:\/\/vozolpuff.de\/es\/wp-json\/wp\/v2\/product_brand?post=786"},{"taxonomy":"product_cat","embeddable":true,"href":"https:\/\/vozolpuff.de\/es\/wp-json\/wp\/v2\/product_cat?post=786"},{"taxonomy":"product_tag","embeddable":true,"href":"https:\/\/vozolpuff.de\/es\/wp-json\/wp\/v2\/product_tag?post=786"}],"curies":[{"name":"wp","href":"https:\/\/api.w.org\/{rel}","templated":true}]}}