{"id":791,"date":"2025-08-24T09:59:47","date_gmt":"2025-08-24T07:59:47","guid":{"rendered":"https:\/\/vozolpuff.de\/?post_type=product&#038;p=791"},"modified":"2026-01-15T12:16:50","modified_gmt":"2026-01-15T11:16:50","slug":"vozol-vista-40000-grape-ice","status":"publish","type":"product","link":"https:\/\/vozolpuff.de\/es\/producto\/vozol-vista-40000-grape-ice\/","title":{"rendered":"Vozol Vista 40000 Uva Ice"},"content":{"rendered":"<h2 class=\"text-2xl font-bold mt-1 text-text-100\">Vapeador desechable Vozol Vista 40000 Grape Ice<\/h2>\n<p class=\"whitespace-normal break-words\">En <strong>Vozol Vista 40000 Uva Ice<\/strong> combina un jugoso sabor a uva con un refrescante frescor para una experiencia de vapeo sin igual. Este cigarrillo electr\u00f3nico desechable recargable de alta calidad tiene una potente bater\u00eda de 1000 mAh con funci\u00f3n de carga r\u00e1pida USB-C. Disfruta de hasta <strong>40.000 bocanadas intensamente afrutadas<\/strong> gracias al revolucionario sistema Dual-Mesh-Coil con tecnolog\u00eda S.i.L.C, respaldado por un ajuste de potencia de 4 niveles y una regulaci\u00f3n flexible del flujo de aire.<\/p>\n<h3 class=\"text-xl font-bold text-text-100 mt-1 -mb-0.5\">Hielo de uva Vista 40000 Highlights:<\/h3>\n<p class=\"whitespace-normal break-words\"><strong>Potente bater\u00eda recargable de 1000 mAh:<\/strong> Fuente de alimentaci\u00f3n estable con tecnolog\u00eda de carga Blitz Type-C<\/p>\n<p class=\"whitespace-normal break-words\"><strong>Doble ajuste del tiro:<\/strong> Cambio fluido entre experiencias MTL concentradas y tipos de calado m\u00e1s abiertos<\/p>\n<p class=\"whitespace-normal break-words\"><strong>Control de vapor de nivel Quattro:<\/strong> Ajuste individual de la producci\u00f3n de vapor para disfrutar al m\u00e1ximo del hielo de uva<\/p>\n<p class=\"whitespace-normal break-words\"><strong>Pantalla LED de 270\u00b0 de visi\u00f3n completa:<\/strong> Informaci\u00f3n completa sobre los n\u00fameros de tren, la capacidad de la bater\u00eda y el modo de funcionamiento<\/p>\n<p class=\"whitespace-normal break-words\"><strong>Tecnolog\u00eda S.i.L.C Dual-Mesh:<\/strong> Elementos calefactores innovadores para un sabor uniforme del hielo de uva<\/p>\n<p class=\"whitespace-normal break-words\"><strong>Iluminaci\u00f3n interactiva:<\/strong> Los indicadores LED din\u00e1micos se activan con cada inhalaci\u00f3n<\/p>\n<p class=\"whitespace-normal break-words\"><strong>Contenido de nicotina de calidad 50mg\/ml (5%):<\/strong> Suministro satisfactorio de nicotina para uso diario<\/p>\n<h3 class=\"text-xl font-bold text-text-100 mt-1 -mb-0.5\">Descubre m\u00e1s VOZOL VAPE en vozolpuff<\/h3>\n<p class=\"whitespace-normal break-words\">Compra el Vozol Vista 40000 Grape Ice en la tienda de vapeo l\u00edder en Alemania. Visita nuestra <a class=\"underline\" href=\"https:\/\/vozolpuff.de\/es\/\"><strong>P\u00e1gina de inicio<\/strong><\/a> para m\u00e1s productos premium, descubra la <a class=\"underline\" href=\"https:\/\/vozolpuff.de\/es\/product-category\/vozol-vape\/\"><strong>VOZOL VAPE<\/strong><\/a> o navegar por toda la colecci\u00f3n <a class=\"underline\" href=\"https:\/\/vozolpuff.de\/es\/product-category\/vozol-vape\/vozol-vista-40000\/\"><strong>Vozol Vista 40000<\/strong><\/a> Sabores.<\/p>","protected":false},"excerpt":{"rendered":"<p>En <strong>Vapeador desechable Vozol Vista 40000 Grape Ice<\/strong> combina un jugoso sabor a uva con una refrescante refrigeraci\u00f3n para hasta 40.000 caladas intensamente afrutadas. Con potente bater\u00eda de 1000 mAh, funci\u00f3n de carga r\u00e1pida USB-C y tecnolog\u00eda S.i.L.C de doble malla. Ajuste de potencia en 4 niveles, regulaci\u00f3n flexible del flujo de aire y pantalla LED de 270\u00b0. Contenido de nicotina: 50mg\/ml (5%).<\/p>","protected":false},"featured_media":794,"comment_status":"open","ping_status":"closed","template":"","meta":{"_acf_changed":false},"product_brand":[],"product_cat":[31],"product_tag":[],"class_list":{"0":"post-791","1":"product","2":"type-product","3":"status-publish","4":"has-post-thumbnail","6":"product_cat-vozol-vista-40000","8":"first","9":"instock","10":"shipping-taxable","11":"purchasable","12":"product-type-variable"},"acf":[],"_links":{"self":[{"href":"https:\/\/vozolpuff.de\/es\/wp-json\/wp\/v2\/product\/791","targetHints":{"allow":["GET"]}}],"collection":[{"href":"https:\/\/vozolpuff.de\/es\/wp-json\/wp\/v2\/product"}],"about":[{"href":"https:\/\/vozolpuff.de\/es\/wp-json\/wp\/v2\/types\/product"}],"replies":[{"embeddable":true,"href":"https:\/\/vozolpuff.de\/es\/wp-json\/wp\/v2\/comments?post=791"}],"wp:featuredmedia":[{"embeddable":true,"href":"https:\/\/vozolpuff.de\/es\/wp-json\/wp\/v2\/media\/794"}],"wp:attachment":[{"href":"https:\/\/vozolpuff.de\/es\/wp-json\/wp\/v2\/media?parent=791"}],"wp:term":[{"taxonomy":"product_brand","embeddable":true,"href":"https:\/\/vozolpuff.de\/es\/wp-json\/wp\/v2\/product_brand?post=791"},{"taxonomy":"product_cat","embeddable":true,"href":"https:\/\/vozolpuff.de\/es\/wp-json\/wp\/v2\/product_cat?post=791"},{"taxonomy":"product_tag","embeddable":true,"href":"https:\/\/vozolpuff.de\/es\/wp-json\/wp\/v2\/product_tag?post=791"}],"curies":[{"name":"wp","href":"https:\/\/api.w.org\/{rel}","templated":true}]}}