{"id":798,"date":"2025-08-24T10:03:52","date_gmt":"2025-08-24T08:03:52","guid":{"rendered":"https:\/\/vozolpuff.de\/?post_type=product&#038;p=798"},"modified":"2026-01-15T12:16:37","modified_gmt":"2026-01-15T11:16:37","slug":"vozol-vista-40000-love-777","status":"publish","type":"product","link":"https:\/\/vozolpuff.de\/es\/producto\/vozol-vista-40000-love-777\/","title":{"rendered":"Vozol Vista 40000 Love 777"},"content":{"rendered":"<h2 class=\"text-2xl font-bold mt-1 text-text-100\">Vapeador desechable Vozol Vista 40000 Love 777<\/h2>\n<p class=\"whitespace-normal break-words\">Experimenta la <strong>Vozol Vista 40000 Love 777<\/strong> - un m\u00edstico e-cigarrillo recargable con una composici\u00f3n de sabor \u00fanica que hace que los corazones latan m\u00e1s r\u00e1pido. Alimentado por una robusta bater\u00eda de 1000 mAh con carga expr\u00e9s USB-C, este extraordinario vapeador permite hasta <strong>40.000 trenes con encanto<\/strong>. El vanguardista sistema de doble bobina de malla con tecnolog\u00eda S.i.L.C garantiza una perfecta armon\u00eda de sabores, mientras que el control de vataje de 4 niveles y las opciones de doble flujo de aire ofrecen la m\u00e1xima personalizaci\u00f3n.<\/p>\n<h3 class=\"text-xl font-bold text-text-100 mt-1 -mb-0.5\">Love 777 Vista 40000 Caracter\u00edsticas especiales:<\/h3>\n<p class=\"whitespace-normal break-words\"><strong>Potente bater\u00eda de litio de 1000 mAh:<\/strong> Suministro de energ\u00eda fiable con proceso de carga Type-C superr\u00e1pido<\/p>\n<p class=\"whitespace-normal break-words\"><strong>Regulaci\u00f3n de aire de doble flujo:<\/strong> Transici\u00f3n sin esfuerzo entre trenes estrechos MTL y otros trenes de vapor<\/p>\n<p class=\"whitespace-normal break-words\"><strong>Modulaci\u00f3n de potencia en 4 etapas:<\/strong> Control preciso del volumen de vapor para una experiencia de sabor Love 777 perfecta<\/p>\n<p class=\"whitespace-normal break-words\"><strong>Interfaz LED Panorama 270\u00b0:<\/strong> Visi\u00f3n detallada del estado de las caladas, el nivel de bater\u00eda y la potencia de salida<\/p>\n<p class=\"whitespace-normal break-words\"><strong>Innovaci\u00f3n S.i.L.C Dual-Mesh:<\/strong> Arquitectura de bobina pionera para un sabor consistente de Love 777<\/p>\n<p class=\"whitespace-normal break-words\"><strong>Sistema Smart Response LED:<\/strong> Elegantes efectos de iluminaci\u00f3n sincronizados con cada acci\u00f3n de vapor<\/p>\n<p class=\"whitespace-normal break-words\"><strong>Nivel de nicotina Premium 50mg\/ml (5%):<\/strong> Suministro \u00f3ptimo de nicotina para vapeadores exigentes<\/p>\n<h3 class=\"text-xl font-bold text-text-100 mt-1 -mb-0.5\">Descubre m\u00e1s VOZOL VAPE en vozolpuff<\/h3>\n<p class=\"whitespace-normal break-words\">Compra el Vozol Vista 40000 Love 777 en la tienda de vapeo l\u00edder en Alemania. Visita nuestra <a class=\"underline\" href=\"https:\/\/vozolpuff.de\/es\/\"><strong>P\u00e1gina de inicio<\/strong><\/a> para m\u00e1s productos premium, descubra la <a class=\"underline\" href=\"https:\/\/vozolpuff.de\/es\/product-category\/vozol-vape\/\"><strong>VOZOL VAPE<\/strong><\/a> o navegar por toda la colecci\u00f3n <a class=\"underline\" href=\"https:\/\/vozolpuff.de\/es\/product-category\/vozol-vape\/vozol-vista-40000\/\"><strong>Vozol Vista 40000<\/strong><\/a> Sabores.<\/p>","protected":false},"excerpt":{"rendered":"<p>En <strong>Vapeador desechable Vozol Vista 40000 Love 777<\/strong> ofrece una composici\u00f3n de sabor m\u00edstica con una armon\u00eda de aromas \u00fanica para hasta 40.000 caladas encantadoras. Con robusta bater\u00eda de 1000 mAh, carga expr\u00e9s USB-C y tecnolog\u00eda S.i.L.C de doble malla. Control de vataje de 4 niveles, opciones de flujo de aire dual e interfaz LED de 270\u00b0. Nivel de nicotina: 50mg\/ml (5%).<\/p>","protected":false},"featured_media":800,"comment_status":"open","ping_status":"closed","template":"","meta":{"_acf_changed":false},"product_brand":[],"product_cat":[31],"product_tag":[],"class_list":{"0":"post-798","1":"product","2":"type-product","3":"status-publish","4":"has-post-thumbnail","6":"product_cat-vozol-vista-40000","8":"first","9":"instock","10":"shipping-taxable","11":"purchasable","12":"product-type-variable"},"acf":[],"_links":{"self":[{"href":"https:\/\/vozolpuff.de\/es\/wp-json\/wp\/v2\/product\/798","targetHints":{"allow":["GET"]}}],"collection":[{"href":"https:\/\/vozolpuff.de\/es\/wp-json\/wp\/v2\/product"}],"about":[{"href":"https:\/\/vozolpuff.de\/es\/wp-json\/wp\/v2\/types\/product"}],"replies":[{"embeddable":true,"href":"https:\/\/vozolpuff.de\/es\/wp-json\/wp\/v2\/comments?post=798"}],"wp:featuredmedia":[{"embeddable":true,"href":"https:\/\/vozolpuff.de\/es\/wp-json\/wp\/v2\/media\/800"}],"wp:attachment":[{"href":"https:\/\/vozolpuff.de\/es\/wp-json\/wp\/v2\/media?parent=798"}],"wp:term":[{"taxonomy":"product_brand","embeddable":true,"href":"https:\/\/vozolpuff.de\/es\/wp-json\/wp\/v2\/product_brand?post=798"},{"taxonomy":"product_cat","embeddable":true,"href":"https:\/\/vozolpuff.de\/es\/wp-json\/wp\/v2\/product_cat?post=798"},{"taxonomy":"product_tag","embeddable":true,"href":"https:\/\/vozolpuff.de\/es\/wp-json\/wp\/v2\/product_tag?post=798"}],"curies":[{"name":"wp","href":"https:\/\/api.w.org\/{rel}","templated":true}]}}