{"id":803,"date":"2025-08-24T10:06:24","date_gmt":"2025-08-24T08:06:24","guid":{"rendered":"https:\/\/vozolpuff.de\/?post_type=product&#038;p=803"},"modified":"2026-01-15T12:16:26","modified_gmt":"2026-01-15T11:16:26","slug":"vozol-vista-40000-mango-ice","status":"publish","type":"product","link":"https:\/\/vozolpuff.de\/es\/producto\/vozol-vista-40000-mango-ice\/","title":{"rendered":"Vozol Vista 40000 Mango Ice"},"content":{"rendered":"<h2 class=\"text-2xl font-bold mt-1 text-text-100\">Vozol Vista 40000 Mango Ice - E-cigarrillo<\/h2>\n<p class=\"whitespace-normal break-words\">En <strong>Vozol Vista 40000 Mango Ice<\/strong> combina la dulzura tropical del mango con un refrescante enfriamiento para crear un irresistible placer de vapor. Este vapeador desechable recargable tecnol\u00f3gicamente avanzado est\u00e1 equipado con una potente bater\u00eda de 1000 mAh y carga r\u00e1pida USB-C. Experimenta hasta <strong>40.000 trenes ex\u00f3ticos y frescos<\/strong> gracias a la innovadora bobina de malla doble con tecnolog\u00eda S.i.L.C, complementada con un ajuste de vataje de 4 etapas y un control de flujo de aire doble.<\/p>\n<h3 class=\"text-xl font-bold text-text-100 mt-1 -mb-0.5\">Especificaciones de Mango Ice Vista 40000:<\/h3>\n<p class=\"whitespace-normal break-words\"><strong>Bater\u00eda de alto rendimiento de 1000 mAh:<\/strong> Potencia de larga duraci\u00f3n con carga Turbo Type-C para un placer de vapeo continuo<\/p>\n<p class=\"whitespace-normal break-words\"><strong>Resistencia a la tracci\u00f3n bimodal:<\/strong> Alternancia flexible entre inhalaciones intensivas MTL e inhalaciones relajadas<\/p>\n<p class=\"whitespace-normal break-words\"><strong>Regulaci\u00f3n de cuatro vatios:<\/strong> Intensidad de vapor individual para una aut\u00e9ntica experiencia de sabor a Mango Ice<\/p>\n<p class=\"whitespace-normal break-words\"><strong>Monitor LED de 270\u00b0 de visi\u00f3n completa:<\/strong> Visualizaci\u00f3n completa de las estad\u00edsticas del tren, el estado de la bater\u00eda y el modo de funcionamiento<\/p>\n<p class=\"whitespace-normal break-words\"><strong>Tecnolog\u00eda S.i.L.C Dual-Mesh:<\/strong> Tecnolog\u00eda de bobina de \u00faltima generaci\u00f3n para disfrutar de Mango Ice de forma constante<\/p>\n<p class=\"whitespace-normal break-words\"><strong>Funciones de iluminaci\u00f3n reactiva:<\/strong> Atractivas animaciones LED que se activan con cada uso<\/p>\n<p class=\"whitespace-normal break-words\"><strong>Concentraci\u00f3n normalizada de nicotina 50mg\/ml (5%):<\/strong> Suministro satisfactorio de nicotina para consumidores habituales<\/p>\n<h3 class=\"text-xl font-bold text-text-100 mt-1 -mb-0.5\">Descubre m\u00e1s VOZOL VAPE en vozolpuff<\/h3>\n<p class=\"whitespace-normal break-words\">Compra el Vozol Vista 40000 Mango Ice en la tienda de vapeo l\u00edder en Alemania. Visita nuestra <a class=\"underline\" href=\"https:\/\/vozolpuff.de\/es\/\"><strong>P\u00e1gina de inicio<\/strong><\/a> para m\u00e1s productos premium, descubra la <a class=\"underline\" href=\"https:\/\/vozolpuff.de\/es\/product-category\/vozol-vape\/\"><strong>VOZOL VAPE<\/strong><\/a> o navegar por toda la colecci\u00f3n <a class=\"underline\" href=\"https:\/\/vozolpuff.de\/es\/product-category\/vozol-vape\/vozol-vista-40000\/\"><strong>Vozol Vista 40000<\/strong><\/a> Sabores.<\/p>","protected":false},"excerpt":{"rendered":"<p>En <strong>Cigarrillo electr\u00f3nico Vozol Vista 40000 Mango Ice<\/strong> combina la dulzura tropical del mango con un refrescante frescor para hasta 40.000 ex\u00f3ticas y frescas caladas. Con una potente bater\u00eda de 1000 mAh, carga r\u00e1pida USB-C y tecnolog\u00eda S.i.L.C de doble malla. Ajuste de vataje de 4 etapas, control de flujo de aire dual y monitor LED de 270\u00b0. Concentraci\u00f3n de nicotina: 50mg\/ml (5%).<\/p>","protected":false},"featured_media":806,"comment_status":"open","ping_status":"closed","template":"","meta":{"_acf_changed":false},"product_brand":[],"product_cat":[31],"product_tag":[],"class_list":{"0":"post-803","1":"product","2":"type-product","3":"status-publish","4":"has-post-thumbnail","6":"product_cat-vozol-vista-40000","8":"first","9":"instock","10":"shipping-taxable","11":"purchasable","12":"product-type-variable"},"acf":[],"_links":{"self":[{"href":"https:\/\/vozolpuff.de\/es\/wp-json\/wp\/v2\/product\/803","targetHints":{"allow":["GET"]}}],"collection":[{"href":"https:\/\/vozolpuff.de\/es\/wp-json\/wp\/v2\/product"}],"about":[{"href":"https:\/\/vozolpuff.de\/es\/wp-json\/wp\/v2\/types\/product"}],"replies":[{"embeddable":true,"href":"https:\/\/vozolpuff.de\/es\/wp-json\/wp\/v2\/comments?post=803"}],"wp:featuredmedia":[{"embeddable":true,"href":"https:\/\/vozolpuff.de\/es\/wp-json\/wp\/v2\/media\/806"}],"wp:attachment":[{"href":"https:\/\/vozolpuff.de\/es\/wp-json\/wp\/v2\/media?parent=803"}],"wp:term":[{"taxonomy":"product_brand","embeddable":true,"href":"https:\/\/vozolpuff.de\/es\/wp-json\/wp\/v2\/product_brand?post=803"},{"taxonomy":"product_cat","embeddable":true,"href":"https:\/\/vozolpuff.de\/es\/wp-json\/wp\/v2\/product_cat?post=803"},{"taxonomy":"product_tag","embeddable":true,"href":"https:\/\/vozolpuff.de\/es\/wp-json\/wp\/v2\/product_tag?post=803"}],"curies":[{"name":"wp","href":"https:\/\/api.w.org\/{rel}","templated":true}]}}