{"id":815,"date":"2025-08-24T10:12:48","date_gmt":"2025-08-24T08:12:48","guid":{"rendered":"https:\/\/vozolpuff.de\/?post_type=product&#038;p=815"},"modified":"2026-01-15T12:16:03","modified_gmt":"2026-01-15T11:16:03","slug":"vozol-vista-40000-mango-peach","status":"publish","type":"product","link":"https:\/\/vozolpuff.de\/es\/producto\/vozol-vista-40000-mango-peach\/","title":{"rendered":"Vozol Vista 40000 Mango Melocot\u00f3n"},"content":{"rendered":"<h2 class=\"text-2xl font-bold mt-1 text-text-100\">Vapeador desechable Vozol Vista 40000 Mango Peach<\/h2>\n<p class=\"whitespace-normal break-words\">En <strong>Vozol Vista 40000 Mango Melocot\u00f3n<\/strong> presenta una armoniosa fusi\u00f3n de jugoso mango y dulce melocot\u00f3n para el sabor frutal definitivo. Este cigarrillo electr\u00f3nico desechable recargable de alta calidad cuenta con una potente bater\u00eda de 1000 mAh con tecnolog\u00eda de carga r\u00e1pida USB-C. Disfruta de hasta <strong>40.000 bocaditos dulces y afrutados<\/strong> gracias a la revolucionaria Dual-Mesh-Coil con tecnolog\u00eda S.i.L.C, respaldada por una regulaci\u00f3n del vataje en 4 etapas y un ajuste flexible del flujo de aire.<\/p>\n<h3 class=\"text-xl font-bold text-text-100 mt-1 -mb-0.5\">Mango Melocot\u00f3n Vista 40000 Caracter\u00edsticas:<\/h3>\n<p class=\"whitespace-normal break-words\"><strong>Robusta bater\u00eda de 1000 mAh:<\/strong> Suministro de energ\u00eda constante con la tecnolog\u00eda de carga Blitz Type-C<\/p>\n<p class=\"whitespace-normal break-words\"><strong>Control del flujo de aire en dos etapas:<\/strong> Transici\u00f3n fluida entre experiencias MTL concentradas y estilos de tracci\u00f3n m\u00e1s abiertos.<\/p>\n<p class=\"whitespace-normal break-words\"><strong>Control de vapor de nivel Quattro:<\/strong> Ajuste individual de la generaci\u00f3n de vapor para disfrutar al m\u00e1ximo del melocot\u00f3n de mango<\/p>\n<p class=\"whitespace-normal break-words\"><strong>Pantalla LED panor\u00e1mica de 270\u00b0:<\/strong> Informaci\u00f3n completa sobre el n\u00famero de trenes, la capacidad de la bater\u00eda y los ajustes de funcionamiento<\/p>\n<p class=\"whitespace-normal break-words\"><strong>Innovaci\u00f3n S.i.L.C Dual-Mesh:<\/strong> Innovadora tecnolog\u00eda de calentamiento para un sabor uniforme a melocot\u00f3n con mango<\/p>\n<p class=\"whitespace-normal break-words\"><strong>Funciones de iluminaci\u00f3n adaptativa:<\/strong> Los indicadores LED din\u00e1micos se activan con cada inhalaci\u00f3n<\/p>\n<p class=\"whitespace-normal break-words\"><strong>Nivel de nicotina de calidad 50mg\/ml (5%):<\/strong> Suministro de nicotina satisfactorio para las necesidades diarias<\/p>\n<h3 class=\"text-xl font-bold text-text-100 mt-1 -mb-0.5\">Descubre m\u00e1s VOZOL VAPE en vozolpuff<\/h3>\n<p class=\"whitespace-normal break-words\">Compra el Vozol Vista 40000 Mango Peach en la tienda de vapeo l\u00edder en Alemania. Visita nuestra <a class=\"underline\" href=\"https:\/\/vozolpuff.de\/es\/\"><strong>P\u00e1gina de inicio<\/strong><\/a> para m\u00e1s productos premium, descubra la <a class=\"underline\" href=\"https:\/\/vozolpuff.de\/es\/product-category\/vozol-vape\/\"><strong>VOZOL VAPE<\/strong><\/a> o navegar por toda la colecci\u00f3n <a class=\"underline\" href=\"https:\/\/vozolpuff.de\/es\/product-category\/vozol-vape\/vozol-vista-40000\/\"><strong>Vozol Vista 40000<\/strong><\/a> Sabores.<\/p>","protected":false},"excerpt":{"rendered":"<p>En <strong>Vapeador desechable Vozol Vista 40000 Mango Peach<\/strong> presenta una armoniosa fusi\u00f3n de jugoso mango y dulce melocot\u00f3n para hasta 40 000 caladas afrutadas y dulces. Con potente bater\u00eda de 1000 mAh, tecnolog\u00eda de carga r\u00e1pida USB-C y tecnolog\u00eda S.i.L.C de doble malla. Regulaci\u00f3n del vataje en 4 niveles, ajuste flexible del flujo de aire y pantalla LED de 270\u00b0. Nivel de nicotina: 50mg\/ml (5%).<\/p>","protected":false},"featured_media":818,"comment_status":"open","ping_status":"closed","template":"","meta":{"_acf_changed":false},"product_brand":[],"product_cat":[31],"product_tag":[],"class_list":{"0":"post-815","1":"product","2":"type-product","3":"status-publish","4":"has-post-thumbnail","6":"product_cat-vozol-vista-40000","8":"first","9":"instock","10":"shipping-taxable","11":"purchasable","12":"product-type-variable"},"acf":[],"_links":{"self":[{"href":"https:\/\/vozolpuff.de\/es\/wp-json\/wp\/v2\/product\/815","targetHints":{"allow":["GET"]}}],"collection":[{"href":"https:\/\/vozolpuff.de\/es\/wp-json\/wp\/v2\/product"}],"about":[{"href":"https:\/\/vozolpuff.de\/es\/wp-json\/wp\/v2\/types\/product"}],"replies":[{"embeddable":true,"href":"https:\/\/vozolpuff.de\/es\/wp-json\/wp\/v2\/comments?post=815"}],"wp:featuredmedia":[{"embeddable":true,"href":"https:\/\/vozolpuff.de\/es\/wp-json\/wp\/v2\/media\/818"}],"wp:attachment":[{"href":"https:\/\/vozolpuff.de\/es\/wp-json\/wp\/v2\/media?parent=815"}],"wp:term":[{"taxonomy":"product_brand","embeddable":true,"href":"https:\/\/vozolpuff.de\/es\/wp-json\/wp\/v2\/product_brand?post=815"},{"taxonomy":"product_cat","embeddable":true,"href":"https:\/\/vozolpuff.de\/es\/wp-json\/wp\/v2\/product_cat?post=815"},{"taxonomy":"product_tag","embeddable":true,"href":"https:\/\/vozolpuff.de\/es\/wp-json\/wp\/v2\/product_tag?post=815"}],"curies":[{"name":"wp","href":"https:\/\/api.w.org\/{rel}","templated":true}]}}