{"id":827,"date":"2025-08-24T10:19:22","date_gmt":"2025-08-24T08:19:22","guid":{"rendered":"https:\/\/vozolpuff.de\/?post_type=product&#038;p=827"},"modified":"2026-01-15T12:15:40","modified_gmt":"2026-01-15T11:15:40","slug":"vozol-vista-40000-peach-berry","status":"publish","type":"product","link":"https:\/\/vozolpuff.de\/es\/producto\/vozol-vista-40000-peach-berry\/","title":{"rendered":"Vozol Vista 40000 Melocot\u00f3n Baya"},"content":{"rendered":"<h2 class=\"text-2xl font-bold mt-1 text-text-100\">Vapeador desechable Vozol Vista 40000 Peach Berry<\/h2>\n<p class=\"whitespace-normal break-words\">En <strong>Vozol Vista 40000 Melocot\u00f3n Baya<\/strong> combina jugosos melocotones con bayas aromatizadas para crear un irresistible c\u00f3ctel de frutas. Este e-cigarrillo desechable recargable tecnol\u00f3gicamente avanzado est\u00e1 equipado con una robusta bater\u00eda de 1000 mAh y funci\u00f3n de carga r\u00e1pida USB-C. Experimenta hasta <strong>40.000 bocanadas afrutadas e intensas<\/strong> gracias a la revolucionaria bobina de malla dual con tecnolog\u00eda S.i.L.C, complementada con un ajuste de vataje de 4 etapas y regulaci\u00f3n dual del flujo de aire.<\/p>\n<h3 class=\"text-xl font-bold text-text-100 mt-1 -mb-0.5\">Peach Berry Vista 40000 Caracter\u00edsticas:<\/h3>\n<p class=\"whitespace-normal break-words\"><strong>Sistema de bater\u00eda de alto rendimiento de 1000 mAh:<\/strong> Potencia continua con carga expr\u00e9s Type-C para un placer de vapeo ininterrumpido<\/p>\n<p class=\"whitespace-normal break-words\"><strong>Resistencia a la tracci\u00f3n binivel:<\/strong> Transici\u00f3n flexible entre caladas MTL intensas e inhalaciones m\u00e1s relajadas.<\/p>\n<p class=\"whitespace-normal break-words\"><strong>Control Quattro-Watt:<\/strong> Intensidad de vapor individual para una experiencia perfecta de sabor a melocot\u00f3n y bayas<\/p>\n<p class=\"whitespace-normal break-words\"><strong>Monitor LED con visi\u00f3n panor\u00e1mica de 270\u00b0:<\/strong> Informaci\u00f3n completa sobre el contador de tracci\u00f3n, el estado de la bater\u00eda y el modo de funcionamiento.<\/p>\n<p class=\"whitespace-normal break-words\"><strong>Sistema de doble malla S.i.L.C:<\/strong> Tecnolog\u00eda de bobina de \u00faltima generaci\u00f3n para disfrutar siempre de Peach Berry<\/p>\n<p class=\"whitespace-normal break-words\"><strong>Funciones de iluminaci\u00f3n reactiva:<\/strong> Atractivos espect\u00e1culos LED que se activan con cada uso<\/p>\n<p class=\"whitespace-normal break-words\"><strong>Contenido normalizado de nicotina 50mg\/ml (5%):<\/strong> Suministro satisfactorio de nicotina para vapeadores habituales<\/p>\n<h3 class=\"text-xl font-bold text-text-100 mt-1 -mb-0.5\">Descubre m\u00e1s VOZOL VAPE en vozolpuff<\/h3>\n<p class=\"whitespace-normal break-words\">Compra el Vozol Vista 40000 Peach Berry en la tienda de vapeo l\u00edder en Alemania. Visita nuestra <a class=\"underline\" href=\"https:\/\/vozolpuff.de\/es\/\"><strong>P\u00e1gina de inicio<\/strong><\/a> para m\u00e1s productos premium, descubra la <a class=\"underline\" href=\"https:\/\/vozolpuff.de\/es\/product-category\/vozol-vape\/\"><strong>VOZOL VAPE<\/strong><\/a> o navegar por toda la colecci\u00f3n <a class=\"underline\" href=\"https:\/\/vozolpuff.de\/es\/product-category\/vozol-vape\/vozol-vista-40000\/\"><strong>Vozol Vista 40000<\/strong><\/a> Sabores.<\/p>","protected":false},"excerpt":{"rendered":"<p>En <strong>Vapeador desechable Vozol Vista 40000 Peach Berry<\/strong> combina jugosos melocotones con bayas aromatizadas para crear un irresistible c\u00f3ctel de frutas de hasta 40.000 caladas afrutadas e intensas. Con robusta bater\u00eda de 1000 mAh, funci\u00f3n de carga r\u00e1pida USB-C y tecnolog\u00eda S.i.L.C de doble malla. Ajuste de vataje en 4 niveles, regulaci\u00f3n dual del flujo de aire y monitor LED de 270\u00b0. Contenido de nicotina: 50mg\/ml (5%).<\/p>","protected":false},"featured_media":830,"comment_status":"open","ping_status":"closed","template":"","meta":{"_acf_changed":false},"product_brand":[],"product_cat":[31],"product_tag":[],"class_list":{"0":"post-827","1":"product","2":"type-product","3":"status-publish","4":"has-post-thumbnail","6":"product_cat-vozol-vista-40000","8":"first","9":"instock","10":"shipping-taxable","11":"purchasable","12":"product-type-variable"},"acf":[],"_links":{"self":[{"href":"https:\/\/vozolpuff.de\/es\/wp-json\/wp\/v2\/product\/827","targetHints":{"allow":["GET"]}}],"collection":[{"href":"https:\/\/vozolpuff.de\/es\/wp-json\/wp\/v2\/product"}],"about":[{"href":"https:\/\/vozolpuff.de\/es\/wp-json\/wp\/v2\/types\/product"}],"replies":[{"embeddable":true,"href":"https:\/\/vozolpuff.de\/es\/wp-json\/wp\/v2\/comments?post=827"}],"wp:featuredmedia":[{"embeddable":true,"href":"https:\/\/vozolpuff.de\/es\/wp-json\/wp\/v2\/media\/830"}],"wp:attachment":[{"href":"https:\/\/vozolpuff.de\/es\/wp-json\/wp\/v2\/media?parent=827"}],"wp:term":[{"taxonomy":"product_brand","embeddable":true,"href":"https:\/\/vozolpuff.de\/es\/wp-json\/wp\/v2\/product_brand?post=827"},{"taxonomy":"product_cat","embeddable":true,"href":"https:\/\/vozolpuff.de\/es\/wp-json\/wp\/v2\/product_cat?post=827"},{"taxonomy":"product_tag","embeddable":true,"href":"https:\/\/vozolpuff.de\/es\/wp-json\/wp\/v2\/product_tag?post=827"}],"curies":[{"name":"wp","href":"https:\/\/api.w.org\/{rel}","templated":true}]}}