{"id":8307,"date":"2025-11-19T09:24:38","date_gmt":"2025-11-19T08:24:38","guid":{"rendered":"https:\/\/vozolpuff.de\/?post_type=product&#038;p=8307"},"modified":"2025-11-19T09:24:39","modified_gmt":"2025-11-19T08:24:39","slug":"bang-leader-120k-watermelon-bubble-gum-mixed-fruit","status":"publish","type":"product","link":"https:\/\/vozolpuff.de\/es\/producto\/bang-leader-120k-watermelon-bubble-gum-mixed-fruit\/","title":{"rendered":"Bang Leader 120K Chicle Sand\u00eda\/Mezcla de frutas"},"content":{"rendered":"<h2 class=\"font-claude-response-heading text-text-100 mt-1 -mb-0.5\">Bang Leader 120K Sand\u00eda Chicle\/Fruta Mixta Cigarrillo electr\u00f3nico desechable<\/h2>\n<p class=\"font-claude-response-body whitespace-normal break-words\">El Bang Leader 120K ofrece la impresionante cifra de 120 000 caladas con un avanzado dise\u00f1o de doble c\u00e1mara 2 en 1. Cambia f\u00e1cilmente entre el dulce chicle de sand\u00eda y la vers\u00e1til mezcla de frutas gracias a los sistemas de bobina separados que conservan los perfiles de sabor puros. Las bobinas de malla de alta tecnolog\u00eda, la potente bater\u00eda recargable y el dise\u00f1o ergon\u00f3mico proporcionan una producci\u00f3n de vapor constante durante toda su prolongada vida \u00fatil. La tecnolog\u00eda de vapeo desechable de primera calidad se une a la m\u00e1xima comodidad y variedad de sabores en un dispositivo innovador.<\/p>\n<h3 class=\"font-claude-response-subheading text-text-100 mt-1 -mb-1.5\">Bang Leader 120K Watermelon Bubble Gum\/Mixed Fruit caladas: lo m\u00e1s destacado:<\/h3>\n<p class=\"font-claude-response-body whitespace-normal break-words\">El cigarrillo electr\u00f3nico Bang Vape establece nuevos est\u00e1ndares en el vapeo desechable con su espectacular capacidad de 120 000 caladas. Este rendimiento excepcional garantiza meses de disfrute continuo sin concesiones y ofrece una excelente relaci\u00f3n calidad-precio para los usuarios exigentes que esperan un rendimiento prolongado y una calidad de sabor constante durante toda la vida \u00fatil del dispositivo.<\/p>\n<p class=\"font-claude-response-body whitespace-normal break-words\">La tecnolog\u00eda Vape 2 en 1 utiliza un dise\u00f1o inteligente de doble c\u00e1mara que garantiza una separaci\u00f3n perfecta de los sabores. Este avanzado sistema permite cambiar espont\u00e1neamente entre perfiles de sabor contrastantes con una integridad absoluta del sabor. Cada c\u00e1mara funciona de forma independiente y ofrece experiencias de sabor aut\u00e9nticas en cada calada.<\/p>\n<p class=\"font-claude-response-body whitespace-normal break-words\">Impulsado por la innovadora tecnolog\u00eda Dual Mesh Coil, el 120k Vape garantiza un excelente desarrollo del sabor y una generaci\u00f3n de vapor uniforme. La bater\u00eda de alta capacidad con carga r\u00e1pida tipo C proporciona una fuente de energ\u00eda fiable, mientras que la tecnolog\u00eda de chip inteligente mantiene un control perfecto de la temperatura para ambas c\u00e1maras de sabor.<\/p>\n<p class=\"font-claude-response-body whitespace-normal break-words\">El Bang Leader 120K destaca por su dise\u00f1o ergon\u00f3mico con una clara visibilidad del e-l\u00edquido y un manejo intuitivo. El sistema de flujo de aire, ajustado con precisi\u00f3n, permite una producci\u00f3n de vapor personalizada, mientras que los m\u00faltiples mecanismos de seguridad garantizan un uso sin preocupaciones durante toda la prolongada vida \u00fatil del dispositivo.<\/p>\n<h3 class=\"font-claude-response-subheading text-text-100 mt-1 -mb-1.5\">Especificaciones t\u00e9cnicas:<\/h3>\n<p class=\"font-claude-response-body whitespace-normal break-words\">TRENES: 120.000 trenes<br \/>\nBater\u00eda: 650 mAh<br \/>\n\u2611 Resistencia: 1,0 Ohm<br \/>\nConexi\u00f3n de carga Tipo-C<br \/>\n\u2611 Nicotina: 0% \/ 2% \/ 3% \/ 5%<\/p>\n<h3 class=\"font-claude-response-subheading text-text-100 mt-1 -mb-1.5\">Descubre m\u00e1s BANG VAPE en vozolpuff<\/h3>\n<p class=\"font-claude-response-body whitespace-normal break-words\">Eche un vistazo a nuestra variada oferta. <strong><a class=\"underline\" href=\"https:\/\/vozolpuff.de\/es\/\">Gama de cigarrillos electr\u00f3nicos<\/a><\/strong> . Explore toda nuestra <strong><a class=\"underline\" href=\"https:\/\/vozolpuff.de\/es\/product-category\/bang-vape\/\">Gama de productos BANG VAPE<\/a><\/strong> o informarse sobre todos <strong><a class=\"underline\" href=\"https:\/\/vozolpuff.de\/es\/product-category\/bang-vape\/bang-leader-120k\/\">Bang Leader 120K variantes de sabor<\/a><\/strong>.<\/p>","protected":false},"excerpt":{"rendered":"<p class=\"font-claude-response-body whitespace-normal break-words\">El Bang Leader 120K Watermelon Bubble Gum\/Mixed Fruit revoluciona los vapeadores desechables con 120 000 caladas y un innovador sistema de doble c\u00e1mara. Cambia f\u00e1cilmente entre el dulce Watermelon Bubble Gum y el vers\u00e1til Mixed Fruit gracias a las bobinas de malla separadas. Bater\u00eda de 650 mAh con carga r\u00e1pida tipo C para disfrutar de un vapor de primera calidad durante meses.<\/p>","protected":false},"featured_media":8309,"comment_status":"open","ping_status":"closed","template":"","meta":{"_acf_changed":false},"product_brand":[],"product_cat":[93],"product_tag":[],"class_list":{"0":"post-8307","1":"product","2":"type-product","3":"status-publish","4":"has-post-thumbnail","6":"product_cat-bang-leader-120k","8":"first","9":"instock","10":"shipping-taxable","11":"purchasable","12":"product-type-variable"},"acf":[],"_links":{"self":[{"href":"https:\/\/vozolpuff.de\/es\/wp-json\/wp\/v2\/product\/8307","targetHints":{"allow":["GET"]}}],"collection":[{"href":"https:\/\/vozolpuff.de\/es\/wp-json\/wp\/v2\/product"}],"about":[{"href":"https:\/\/vozolpuff.de\/es\/wp-json\/wp\/v2\/types\/product"}],"replies":[{"embeddable":true,"href":"https:\/\/vozolpuff.de\/es\/wp-json\/wp\/v2\/comments?post=8307"}],"wp:featuredmedia":[{"embeddable":true,"href":"https:\/\/vozolpuff.de\/es\/wp-json\/wp\/v2\/media\/8309"}],"wp:attachment":[{"href":"https:\/\/vozolpuff.de\/es\/wp-json\/wp\/v2\/media?parent=8307"}],"wp:term":[{"taxonomy":"product_brand","embeddable":true,"href":"https:\/\/vozolpuff.de\/es\/wp-json\/wp\/v2\/product_brand?post=8307"},{"taxonomy":"product_cat","embeddable":true,"href":"https:\/\/vozolpuff.de\/es\/wp-json\/wp\/v2\/product_cat?post=8307"},{"taxonomy":"product_tag","embeddable":true,"href":"https:\/\/vozolpuff.de\/es\/wp-json\/wp\/v2\/product_tag?post=8307"}],"curies":[{"name":"wp","href":"https:\/\/api.w.org\/{rel}","templated":true}]}}