{"id":832,"date":"2025-08-24T10:22:09","date_gmt":"2025-08-24T08:22:09","guid":{"rendered":"https:\/\/vozolpuff.de\/?post_type=product&#038;p=832"},"modified":"2026-01-15T12:15:27","modified_gmt":"2026-01-15T11:15:27","slug":"vozol-vista-40000-peach-ice","status":"publish","type":"product","link":"https:\/\/vozolpuff.de\/es\/producto\/vozol-vista-40000-peach-ice\/","title":{"rendered":"Vozol Vista 40000 Melocot\u00f3n Hielo"},"content":{"rendered":"<h2 class=\"text-2xl font-bold mt-1 text-text-100\">Vozol Vista 40000 Peach Ice Vape desechable<\/h2>\n<p class=\"whitespace-normal break-words\">Descubre la <strong>Vozol Vista 40000 Melocot\u00f3n Hielo<\/strong> : un refrescante cigarrillo electr\u00f3nico recargable que combina melocotones dulces con un refrescante toque revitalizante para crear una experiencia veraniega perfecta. Alimentado por una potente bater\u00eda de 1000 mAh con carga r\u00e1pida USB-C, este vaporizador de alta calidad ofrece hasta <strong>40 000 caladas refrescantes y afrutadas<\/strong>. El innovador sistema de bobina de doble malla con tecnolog\u00eda S.i.L.C garantiza un desarrollo \u00f3ptimo de los aromas, mientras que el control de potencia de 4 niveles y los modos de flujo de aire duales permiten la m\u00e1xima flexibilidad.<\/p>\n<h3 class=\"text-xl font-bold text-text-100 mt-1 -mb-0.5\">Especificaciones de Peach Ice Vista 40000:<\/h3>\n<p class=\"whitespace-normal break-words\"><strong>Bater\u00eda de alta capacidad de 1000 mAh de larga duraci\u00f3n:<\/strong> Suministro continuo de energ\u00eda con sistema de carga ultrarr\u00e1pido tipo C.<\/p>\n<p class=\"whitespace-normal break-words\"><strong>Administraci\u00f3n de doble flujo de aire:<\/strong> Cambio sencillo entre caladas MTL ajustadas y nubes de vapor aireadas<\/p>\n<p class=\"whitespace-normal break-words\"><strong>Regulaci\u00f3n cu\u00e1druple de la potencia:<\/strong> Producci\u00f3n de vapor a medida para un aut\u00e9ntico aroma a hielo de melocot\u00f3n<\/p>\n<p class=\"whitespace-normal break-words\"><strong>Pantalla LED panor\u00e1mica de 270\u00b0:<\/strong> Visualizaci\u00f3n completa del contador de caladas, el nivel de bater\u00eda y el modo de alimentaci\u00f3n<\/p>\n<p class=\"whitespace-normal break-words\"><strong>Innovaci\u00f3n S.i.L.C Dual-Mesh:<\/strong> Tecnolog\u00eda de bobina de \u00faltima generaci\u00f3n para un sabor constante a Peach Ice.<\/p>\n<p class=\"whitespace-normal break-words\"><strong>Iluminaci\u00f3n LED inteligente:<\/strong> Los elegantes efectos luminosos responden a cada acci\u00f3n del vapor<\/p>\n<p class=\"whitespace-normal break-words\"><strong>Nivel de nicotina probado: 50 mg\/ml (5%):<\/strong> Ingesta equilibrada de nicotina para uso diario<\/p>\n<h3 class=\"text-xl font-bold text-text-100 mt-1 -mb-0.5\">Descubre m\u00e1s VOZOL VAPE en vozolpuff<\/h3>\n<p class=\"whitespace-normal break-words\">Compra el Vozol Vista 40000 Peach Ice en la tienda l\u00edder en Alemania especializada en vapeo. Visita nuestra <a class=\"underline\" href=\"https:\/\/vozolpuff.de\/es\/\"><strong>P\u00e1gina de inicio<\/strong><\/a> para m\u00e1s productos premium, descubra la <a class=\"underline\" href=\"https:\/\/vozolpuff.de\/es\/product-category\/vozol-vape\/\"><strong>VOZOL VAPE<\/strong><\/a> o navegar por toda la colecci\u00f3n <a class=\"underline\" href=\"https:\/\/vozolpuff.de\/es\/product-category\/vozol-vape\/vozol-vista-40000\/\"><strong>Vozol Vista 40000<\/strong><\/a> Sabores.<\/p>","protected":false},"excerpt":{"rendered":"<p>En <strong>Vozol Vista 40000 Peach Ice Vape desechable<\/strong> Combina melocotones dulces con un refrescante toque revitalizante para crear una experiencia veraniega perfecta con hasta 40 000 caladas refrescantes y afrutadas. Con una potente bater\u00eda de 1000 mAh, carga r\u00e1pida USB-C y tecnolog\u00eda Dual-Mesh S.i.L.C. Control de potencia de 4 niveles, modos de flujo de aire dual y pantalla LED de 270\u00b0. Nivel de nicotina: 50 mg\/ml (5%).<\/p>","protected":false},"featured_media":835,"comment_status":"open","ping_status":"closed","template":"","meta":{"_acf_changed":false},"product_brand":[],"product_cat":[31],"product_tag":[],"class_list":{"0":"post-832","1":"product","2":"type-product","3":"status-publish","4":"has-post-thumbnail","6":"product_cat-vozol-vista-40000","8":"first","9":"instock","10":"shipping-taxable","11":"purchasable","12":"product-type-variable"},"acf":[],"_links":{"self":[{"href":"https:\/\/vozolpuff.de\/es\/wp-json\/wp\/v2\/product\/832","targetHints":{"allow":["GET"]}}],"collection":[{"href":"https:\/\/vozolpuff.de\/es\/wp-json\/wp\/v2\/product"}],"about":[{"href":"https:\/\/vozolpuff.de\/es\/wp-json\/wp\/v2\/types\/product"}],"replies":[{"embeddable":true,"href":"https:\/\/vozolpuff.de\/es\/wp-json\/wp\/v2\/comments?post=832"}],"wp:featuredmedia":[{"embeddable":true,"href":"https:\/\/vozolpuff.de\/es\/wp-json\/wp\/v2\/media\/835"}],"wp:attachment":[{"href":"https:\/\/vozolpuff.de\/es\/wp-json\/wp\/v2\/media?parent=832"}],"wp:term":[{"taxonomy":"product_brand","embeddable":true,"href":"https:\/\/vozolpuff.de\/es\/wp-json\/wp\/v2\/product_brand?post=832"},{"taxonomy":"product_cat","embeddable":true,"href":"https:\/\/vozolpuff.de\/es\/wp-json\/wp\/v2\/product_cat?post=832"},{"taxonomy":"product_tag","embeddable":true,"href":"https:\/\/vozolpuff.de\/es\/wp-json\/wp\/v2\/product_tag?post=832"}],"curies":[{"name":"wp","href":"https:\/\/api.w.org\/{rel}","templated":true}]}}