{"id":8331,"date":"2025-11-19T09:38:38","date_gmt":"2025-11-19T08:38:38","guid":{"rendered":"https:\/\/vozolpuff.de\/?post_type=product&#038;p=8331"},"modified":"2025-11-19T09:39:21","modified_gmt":"2025-11-19T08:39:21","slug":"bang-leader-120k-blueberry-ice-raspberry-lemon","status":"publish","type":"product","link":"https:\/\/vozolpuff.de\/es\/producto\/bang-leader-120k-blueberry-ice-raspberry-lemon\/","title":{"rendered":"Bang Leader 120K Blueberry Ice\/Raspberry Lemon"},"content":{"rendered":"<h2 class=\"font-claude-response-heading text-text-100 mt-1 -mb-0.5\">Bang Leader 120K Blueberry Ice\/Raspberry Lemon Cigarrillo electr\u00f3nico desechable<\/h2>\n<p class=\"font-claude-response-body whitespace-normal break-words\">El Bang Leader 120K ofrece 120 000 caladas excepcionales con un avanzado dise\u00f1o de doble c\u00e1mara 2 en 1. Cambia f\u00e1cilmente entre el refrescante Blueberry Ice y el chispeante Raspberry Lemon gracias a los sistemas de bobinas separados que conservan los perfiles de sabor puros. Las bobinas de malla de \u00faltima generaci\u00f3n, la potente bater\u00eda recargable y el dise\u00f1o ergon\u00f3mico y compacto proporcionan una producci\u00f3n de vapor constante durante toda su prolongada vida \u00fatil. La tecnolog\u00eda de vapeo desechable de primera calidad se une a la m\u00e1xima comodidad y variedad de sabores en un dispositivo de alta calidad.<\/p>\n<h3 class=\"font-claude-response-subheading text-text-100 mt-1 -mb-1.5\">Bang Leader 120K Blueberry Ice\/Raspberry Lemon caladas: lo m\u00e1s destacado:<\/h3>\n<p class=\"font-claude-response-body whitespace-normal break-words\">El cigarrillo electr\u00f3nico Bang Vape redefine el vapeo desechable con su notable capacidad de 120 000 caladas. Este extraordinario rendimiento garantiza meses de disfrute continuo sin concesiones y ofrece una excelente relaci\u00f3n calidad-precio para los vapeadores exigentes que buscan tanto durabilidad como una calidad de sabor constante durante toda la vida \u00fatil del dispositivo.<\/p>\n<p class=\"font-claude-response-body whitespace-normal break-words\">La tecnolog\u00eda Vape 2 en 1 utiliza un dise\u00f1o inteligente de doble c\u00e1mara que garantiza una separaci\u00f3n perfecta de los sabores. Este innovador sistema permite cambiar instant\u00e1neamente entre perfiles de sabor contrastantes con total integridad del sabor. Cada c\u00e1mara funciona de forma independiente y ofrece una experiencia de sabor aut\u00e9ntica en cada calada.<\/p>\n<p class=\"font-claude-response-body whitespace-normal break-words\">Equipado con la tecnolog\u00eda de doble bobina de malla de \u00faltima generaci\u00f3n, el 120k Vape garantiza un sabor de primera clase y una producci\u00f3n constante de vapor. La bater\u00eda de alta capacidad con carga r\u00e1pida tipo C proporciona una fuente de energ\u00eda fiable, mientras que la tecnolog\u00eda de chip inteligente mantiene un control perfecto de la temperatura en ambas c\u00e1maras de sabor.<\/p>\n<p class=\"font-claude-response-body whitespace-normal break-words\">El Bang Leader 120K destaca por su dise\u00f1o ergon\u00f3mico con clara visibilidad del e-l\u00edquido y un manejo muy sencillo. El sistema de flujo de aire, ajustado con precisi\u00f3n, permite una producci\u00f3n de vapor personalizada, mientras que los mecanismos de seguridad integrales garantizan un uso sin preocupaciones durante toda la prolongada vida \u00fatil del dispositivo.<\/p>\n<h3 class=\"font-claude-response-subheading text-text-100 mt-1 -mb-1.5\">Especificaciones t\u00e9cnicas:<\/h3>\n<p class=\"font-claude-response-body whitespace-normal break-words\">TRENES: 120.000 trenes<br \/>\nBater\u00eda: 650 mAh<br \/>\n\u2611 Resistencia: 1,0 Ohm<br \/>\nConexi\u00f3n de carga Tipo-C<br \/>\n\u2611 Nicotina: 0% \/ 2% \/ 3% \/ 5%<\/p>\n<h3 class=\"font-claude-response-subheading text-text-100 mt-1 -mb-1.5\">Descubre m\u00e1s BANG VAPE en vozolpuff<\/h3>\n<p class=\"font-claude-response-body whitespace-normal break-words\">Descubra productos de vapor de primera calidad en nuestra <strong><a class=\"underline\" href=\"https:\/\/vozolpuff.de\/es\/\">P\u00e1gina de inicio<\/a><\/strong>. Vea nuestra completa <strong><a class=\"underline\" href=\"https:\/\/vozolpuff.de\/es\/product-category\/bang-vape\/\">Gama de productos BANG VAPE<\/a><\/strong> o elija entre todos <strong><a class=\"underline\" href=\"https:\/\/vozolpuff.de\/es\/product-category\/bang-vape\/bang-leader-120k\/\">Bang Leader 120K Variedades<\/a><\/strong>.<\/p>","protected":false},"excerpt":{"rendered":"<p class=\"font-claude-response-body whitespace-normal break-words\">El Bang Leader 120K Blueberry Ice\/Raspberry Lemon revoluciona los vapeadores desechables con 120 000 caladas y un innovador sistema de doble c\u00e1mara. Cambia f\u00e1cilmente entre el refrescante Blueberry Ice y el chispeante Raspberry Lemon gracias a las bobinas de malla separadas. Bater\u00eda de 650 mAh con carga r\u00e1pida tipo C para disfrutar de un vapor de primera calidad durante meses.<\/p>","protected":false},"featured_media":8334,"comment_status":"open","ping_status":"closed","template":"","meta":{"_acf_changed":false},"product_brand":[],"product_cat":[93],"product_tag":[],"class_list":{"0":"post-8331","1":"product","2":"type-product","3":"status-publish","4":"has-post-thumbnail","6":"product_cat-bang-leader-120k","8":"first","9":"instock","10":"shipping-taxable","11":"purchasable","12":"product-type-variable"},"acf":[],"_links":{"self":[{"href":"https:\/\/vozolpuff.de\/es\/wp-json\/wp\/v2\/product\/8331","targetHints":{"allow":["GET"]}}],"collection":[{"href":"https:\/\/vozolpuff.de\/es\/wp-json\/wp\/v2\/product"}],"about":[{"href":"https:\/\/vozolpuff.de\/es\/wp-json\/wp\/v2\/types\/product"}],"replies":[{"embeddable":true,"href":"https:\/\/vozolpuff.de\/es\/wp-json\/wp\/v2\/comments?post=8331"}],"wp:featuredmedia":[{"embeddable":true,"href":"https:\/\/vozolpuff.de\/es\/wp-json\/wp\/v2\/media\/8334"}],"wp:attachment":[{"href":"https:\/\/vozolpuff.de\/es\/wp-json\/wp\/v2\/media?parent=8331"}],"wp:term":[{"taxonomy":"product_brand","embeddable":true,"href":"https:\/\/vozolpuff.de\/es\/wp-json\/wp\/v2\/product_brand?post=8331"},{"taxonomy":"product_cat","embeddable":true,"href":"https:\/\/vozolpuff.de\/es\/wp-json\/wp\/v2\/product_cat?post=8331"},{"taxonomy":"product_tag","embeddable":true,"href":"https:\/\/vozolpuff.de\/es\/wp-json\/wp\/v2\/product_tag?post=8331"}],"curies":[{"name":"wp","href":"https:\/\/api.w.org\/{rel}","templated":true}]}}