{"id":8341,"date":"2025-11-19T09:43:24","date_gmt":"2025-11-19T08:43:24","guid":{"rendered":"https:\/\/vozolpuff.de\/?post_type=product&#038;p=8341"},"modified":"2025-11-19T09:43:25","modified_gmt":"2025-11-19T08:43:25","slug":"bang-leader-120k-red-energy-ice-grape-ice","status":"publish","type":"product","link":"https:\/\/vozolpuff.de\/es\/producto\/bang-leader-120k-red-energy-ice-grape-ice\/","title":{"rendered":"Bang Leader 120K Red Energy Ice\/Grape Ice"},"content":{"rendered":"<h2 class=\"font-claude-response-heading text-text-100 mt-1 -mb-0.5\">Bang Leader 120K Red Energy Ice\/Grape Ice Cigarrillo electr\u00f3nico desechable<\/h2>\n<p class=\"font-claude-response-body whitespace-normal break-words\">El Bang Leader 120K ofrece la impresionante cifra de 120 000 caladas con un revolucionario dise\u00f1o de doble c\u00e1mara 2 en 1. Cambia f\u00e1cilmente entre el estimulante Red Energy Ice y el refrescante Grape Ice gracias a los sistemas de bobinas separados, que conservan los perfiles de sabor puros. Las avanzadas bobinas de malla, la potente bater\u00eda recargable y el dise\u00f1o ergon\u00f3mico proporcionan una producci\u00f3n de vapor constante durante toda su prolongada vida \u00fatil. La tecnolog\u00eda de vapeo desechable de primera calidad se une a la m\u00e1xima comodidad y variedad de sabores en un dispositivo innovador.<\/p>\n<h3 class=\"font-claude-response-subheading text-text-100 mt-1 -mb-1.5\">Bang Leader 120K Red Energy Ice\/Grape Ice caladas: lo m\u00e1s destacado:<\/h3>\n<p class=\"font-claude-response-body whitespace-normal break-words\">Este Bang Vape establece nuevos est\u00e1ndares en el vapeo desechable con su extraordinaria capacidad de 120 000 caladas. Este espectacular rendimiento garantiza meses de disfrute sin interrupciones y sin p\u00e9rdida de calidad, y ofrece una excelente relaci\u00f3n calidad-precio para los usuarios que valoran tanto el rendimiento prolongado como la calidad constante del sabor durante toda la vida \u00fatil del dispositivo.<\/p>\n<p class=\"font-claude-response-body whitespace-normal break-words\">La tecnolog\u00eda 2 en 1 Vape se basa en un sofisticado dise\u00f1o de doble c\u00e1mara que garantiza una separaci\u00f3n perfecta de los sabores. Este avanzado sistema permite cambiar sin esfuerzo entre perfiles de aromas energ\u00e9ticos con una integridad absoluta del sabor. Cada c\u00e1mara funciona de forma independiente y ofrece una experiencia de sabor aut\u00e9ntica en cada calada.<\/p>\n<p class=\"font-claude-response-body whitespace-normal break-words\">Impulsado por la innovadora tecnolog\u00eda Dual Mesh Coil, el 120k Vape garantiza un desarrollo \u00f3ptimo del sabor y una generaci\u00f3n de vapor uniforme. La bater\u00eda de alta capacidad con carga r\u00e1pida tipo C proporciona una fuente de energ\u00eda fiable, mientras que la tecnolog\u00eda de chip inteligente mantiene un control perfecto de la temperatura en ambas c\u00e1maras de sabor.<\/p>\n<p class=\"font-claude-response-body whitespace-normal break-words\">El Bang Leader 120K destaca por su dise\u00f1o ergon\u00f3mico, la clara visibilidad del e-l\u00edquido y su manejo intuitivo. El sofisticado sistema de flujo de aire permite personalizar la producci\u00f3n de vapor, mientras que los m\u00faltiples mecanismos de seguridad garantizan un uso sin preocupaciones durante toda la prolongada vida \u00fatil del dispositivo.<\/p>\n<h3 class=\"font-claude-response-subheading text-text-100 mt-1 -mb-1.5\">Especificaciones t\u00e9cnicas:<\/h3>\n<p class=\"font-claude-response-body whitespace-normal break-words\">TRENES: 120.000 trenes<br \/>\nBater\u00eda: 650 mAh<br \/>\n\u2611 Resistencia: 1,0 Ohm<br \/>\nConexi\u00f3n de carga Tipo-C<br \/>\n\u2611 Nicotina: 0% \/ 2% \/ 3% \/ 5%<\/p>\n<h3 class=\"font-claude-response-subheading text-text-100 mt-1 -mb-1.5\">Descubre m\u00e1s BANG VAPE en vozolpuff<\/h3>\n<p class=\"font-claude-response-body whitespace-normal break-words\">Encontrar\u00e1 soluciones de vapeo de alta calidad en nuestra <strong><a class=\"underline\" href=\"https:\/\/vozolpuff.de\/es\/\">Tienda en l\u00ednea<\/a><\/strong>. Descubra nuestra amplia <strong><a class=\"underline\" href=\"https:\/\/vozolpuff.de\/es\/product-category\/bang-vape\/\">Paleta BANG VAPE<\/a><\/strong> o eche un vistazo a todos <strong><a class=\"underline\" href=\"https:\/\/vozolpuff.de\/es\/product-category\/bang-vape\/bang-leader-120k\/\">Opciones Bang Leader 120K<\/a><\/strong> a.<\/p>","protected":false},"excerpt":{"rendered":"<p class=\"font-claude-response-body whitespace-normal break-words\">El Bang Leader 120K Red Energy Ice\/Grape Ice revoluciona los vapeadores desechables con 120 000 caladas y un innovador sistema de doble c\u00e1mara. Cambia f\u00e1cilmente entre el estimulante Red Energy Ice y el refrescante Grape Ice gracias a las bobinas de malla separadas. Bater\u00eda de 650 mAh con carga r\u00e1pida tipo C para disfrutar de un vapor de primera calidad durante meses.<\/p>","protected":false},"featured_media":8343,"comment_status":"open","ping_status":"closed","template":"","meta":{"_acf_changed":false},"product_brand":[],"product_cat":[93],"product_tag":[],"class_list":{"0":"post-8341","1":"product","2":"type-product","3":"status-publish","4":"has-post-thumbnail","6":"product_cat-bang-leader-120k","8":"first","9":"instock","10":"shipping-taxable","11":"purchasable","12":"product-type-variable"},"acf":[],"_links":{"self":[{"href":"https:\/\/vozolpuff.de\/es\/wp-json\/wp\/v2\/product\/8341","targetHints":{"allow":["GET"]}}],"collection":[{"href":"https:\/\/vozolpuff.de\/es\/wp-json\/wp\/v2\/product"}],"about":[{"href":"https:\/\/vozolpuff.de\/es\/wp-json\/wp\/v2\/types\/product"}],"replies":[{"embeddable":true,"href":"https:\/\/vozolpuff.de\/es\/wp-json\/wp\/v2\/comments?post=8341"}],"wp:featuredmedia":[{"embeddable":true,"href":"https:\/\/vozolpuff.de\/es\/wp-json\/wp\/v2\/media\/8343"}],"wp:attachment":[{"href":"https:\/\/vozolpuff.de\/es\/wp-json\/wp\/v2\/media?parent=8341"}],"wp:term":[{"taxonomy":"product_brand","embeddable":true,"href":"https:\/\/vozolpuff.de\/es\/wp-json\/wp\/v2\/product_brand?post=8341"},{"taxonomy":"product_cat","embeddable":true,"href":"https:\/\/vozolpuff.de\/es\/wp-json\/wp\/v2\/product_cat?post=8341"},{"taxonomy":"product_tag","embeddable":true,"href":"https:\/\/vozolpuff.de\/es\/wp-json\/wp\/v2\/product_tag?post=8341"}],"curies":[{"name":"wp","href":"https:\/\/api.w.org\/{rel}","templated":true}]}}