{"id":8351,"date":"2025-11-19T09:46:34","date_gmt":"2025-11-19T08:46:34","guid":{"rendered":"https:\/\/vozolpuff.de\/?post_type=product&#038;p=8351"},"modified":"2025-11-19T09:46:34","modified_gmt":"2025-11-19T08:46:34","slug":"bang-leader-120k-strawberry-watermelon-orange-soda","status":"publish","type":"product","link":"https:\/\/vozolpuff.de\/es\/producto\/bang-leader-120k-strawberry-watermelon-orange-soda\/","title":{"rendered":"Bang Leader 120K Refresco de fresa, sand\u00eda y naranja"},"content":{"rendered":"<h2 class=\"font-claude-response-heading text-text-100 mt-1 -mb-0.5\">Bang Leader 120K Fresa Sand\u00eda\/Naranja Soda Cigarrillo electr\u00f3nico desechable<\/h2>\n<p class=\"font-claude-response-body whitespace-normal break-words\">El Bang Leader 120K combina la sensacional cifra de 120 000 caladas con un innovador dise\u00f1o de doble c\u00e1mara 2 en 1. Disfrute de un cambio fluido entre la fresa y la sand\u00eda afrutadas y la refrescante naranja con gas gracias a los sistemas de bobina separados, que conservan los perfiles de sabor puros. Las bobinas de malla de alta tecnolog\u00eda, la potente bater\u00eda recargable y el dise\u00f1o ergon\u00f3mico y compacto proporcionan una producci\u00f3n de vapor constante durante toda su prolongada vida \u00fatil. La tecnolog\u00eda de vapeo desechable de primera calidad se une a la m\u00e1xima comodidad y variedad de sabores en un elegante dispositivo.<\/p>\n<h3 class=\"font-claude-response-subheading text-text-100 mt-1 -mb-1.5\">Bang Leader 120K Strawberry Watermelon\/Orange Soda caladas: lo m\u00e1s destacado:<\/h3>\n<p class=\"font-claude-response-body whitespace-normal break-words\">El cigarrillo electr\u00f3nico Bang Vape revoluciona los est\u00e1ndares de los desechables con su extraordinaria capacidad de 120 000 caladas. Esta notable resistencia garantiza meses de disfrute constante del vapor sin concesiones y ofrece una relaci\u00f3n calidad-precio inmejorable para los vapeadores que esperan tanto durabilidad como una calidad de sabor constante durante toda la vida \u00fatil del dispositivo.<\/p>\n<p class=\"font-claude-response-body whitespace-normal break-words\">La tecnolog\u00eda Vape 2 en 1 cuenta con un sofisticado dise\u00f1o de doble c\u00e1mara que garantiza una separaci\u00f3n impecable de los sabores. Este innovador sistema permite cambiar r\u00e1pidamente entre refrescantes perfiles de aroma con total integridad del sabor. Cada c\u00e1mara funciona de forma independiente y ofrece una aut\u00e9ntica experiencia de sabor en cada calada.<\/p>\n<p class=\"font-claude-response-body whitespace-normal break-words\">Equipado con la avanzada tecnolog\u00eda Dual Mesh Coil, el 120k Vape garantiza un excelente desarrollo del sabor y una generaci\u00f3n constante de vapor. La bater\u00eda de alta capacidad con carga r\u00e1pida tipo C proporciona una fuente de energ\u00eda fiable, mientras que la tecnolog\u00eda de chip inteligente mantiene un control perfecto de la temperatura en ambas c\u00e1maras de sabor.<\/p>\n<p class=\"font-claude-response-body whitespace-normal break-words\">El Bang Leader 120K convence por su dise\u00f1o ergon\u00f3mico con clara visibilidad del e-l\u00edquido y un manejo muy sencillo. El sofisticado sistema de flujo de aire permite una producci\u00f3n de vapor personalizada, mientras que los completos mecanismos de seguridad garantizan un uso sin preocupaciones durante toda la prolongada vida \u00fatil del dispositivo.<\/p>\n<h3 class=\"font-claude-response-subheading text-text-100 mt-1 -mb-1.5\">Especificaciones t\u00e9cnicas:<\/h3>\n<p class=\"font-claude-response-body whitespace-normal break-words\">TRENES: 120.000 trenes<br \/>\nBater\u00eda: 650 mAh<br \/>\n\u2611 Resistencia: 1,0 Ohm<br \/>\nConexi\u00f3n de carga Tipo-C<br \/>\n\u2611 Nicotina: 0% \/ 2% \/ 3% \/ 5%<\/p>\n<h3 class=\"font-claude-response-subheading text-text-100 mt-1 -mb-1.5\">Descubre m\u00e1s BANG VAPE en vozolpuff<\/h3>\n<p class=\"font-claude-response-body whitespace-normal break-words\">Navegue por nuestra <strong><a class=\"underline\" href=\"https:\/\/vozolpuff.de\/es\/\">Gama completa<\/a><\/strong> para vaporizadores premium. Echa un vistazo a nuestra popular <strong><a class=\"underline\" href=\"https:\/\/vozolpuff.de\/es\/product-category\/bang-vape\/\">L\u00ednea BANG VAPE<\/a><\/strong> o comparar todos <strong><a class=\"underline\" href=\"https:\/\/vozolpuff.de\/es\/product-category\/bang-vape\/bang-leader-120k\/\">Bang Leader 120K Sabores<\/a><\/strong>.<\/p>","protected":false},"excerpt":{"rendered":"<p class=\"font-claude-response-body whitespace-normal break-words\">El Bang Leader 120K Strawberry Watermelon\/Orange Soda revoluciona los vapeadores desechables con 120 000 caladas y un innovador sistema de doble c\u00e1mara. Cambia f\u00e1cilmente entre la frutal Strawberry Watermelon y la refrescante Orange Soda gracias a las bobinas de malla separadas. Bater\u00eda de 650 mAh con carga r\u00e1pida tipo C para disfrutar de un vapor de primera calidad durante meses.<\/p>","protected":false},"featured_media":8353,"comment_status":"open","ping_status":"closed","template":"","meta":{"_acf_changed":false},"product_brand":[],"product_cat":[93],"product_tag":[],"class_list":{"0":"post-8351","1":"product","2":"type-product","3":"status-publish","4":"has-post-thumbnail","6":"product_cat-bang-leader-120k","8":"first","9":"instock","10":"shipping-taxable","11":"purchasable","12":"product-type-variable"},"acf":[],"_links":{"self":[{"href":"https:\/\/vozolpuff.de\/es\/wp-json\/wp\/v2\/product\/8351","targetHints":{"allow":["GET"]}}],"collection":[{"href":"https:\/\/vozolpuff.de\/es\/wp-json\/wp\/v2\/product"}],"about":[{"href":"https:\/\/vozolpuff.de\/es\/wp-json\/wp\/v2\/types\/product"}],"replies":[{"embeddable":true,"href":"https:\/\/vozolpuff.de\/es\/wp-json\/wp\/v2\/comments?post=8351"}],"wp:featuredmedia":[{"embeddable":true,"href":"https:\/\/vozolpuff.de\/es\/wp-json\/wp\/v2\/media\/8353"}],"wp:attachment":[{"href":"https:\/\/vozolpuff.de\/es\/wp-json\/wp\/v2\/media?parent=8351"}],"wp:term":[{"taxonomy":"product_brand","embeddable":true,"href":"https:\/\/vozolpuff.de\/es\/wp-json\/wp\/v2\/product_brand?post=8351"},{"taxonomy":"product_cat","embeddable":true,"href":"https:\/\/vozolpuff.de\/es\/wp-json\/wp\/v2\/product_cat?post=8351"},{"taxonomy":"product_tag","embeddable":true,"href":"https:\/\/vozolpuff.de\/es\/wp-json\/wp\/v2\/product_tag?post=8351"}],"curies":[{"name":"wp","href":"https:\/\/api.w.org\/{rel}","templated":true}]}}