{"id":8365,"date":"2025-11-19T09:53:08","date_gmt":"2025-11-19T08:53:08","guid":{"rendered":"https:\/\/vozolpuff.de\/?post_type=product&#038;p=8365"},"modified":"2025-11-19T09:53:40","modified_gmt":"2025-11-19T08:53:40","slug":"bang-leader-120k-blueberry-ice-black-currant","status":"publish","type":"product","link":"https:\/\/vozolpuff.de\/es\/producto\/bang-leader-120k-blueberry-ice-black-currant\/","title":{"rendered":"Bang Leader 120K Ar\u00e1ndano Helado\/Grosella Negra"},"content":{"rendered":"<h2 class=\"font-claude-response-heading text-text-100 mt-1 -mb-0.5\">Bang Leader 120K Blueberry Ice\/Black Currant Cigarrillo electr\u00f3nico desechable<\/h2>\n<p class=\"font-claude-response-body whitespace-normal break-words\">El Bang Leader 120K ofrece la sensacional cifra de 120 000 caladas con un revolucionario dise\u00f1o de doble c\u00e1mara 2 en 1. Cambia f\u00e1cilmente entre el refrescante Blueberry Ice y el intenso Black Currant gracias a los sistemas de bobina separados, que conservan los perfiles de sabor puros. Las bobinas de malla de alta tecnolog\u00eda, la potente bater\u00eda recargable y el dise\u00f1o ergon\u00f3mico y compacto proporcionan una producci\u00f3n de vapor constante durante toda su prolongada vida \u00fatil. La tecnolog\u00eda de vapeo desechable de primera calidad se une a la m\u00e1xima comodidad y variedad de sabores en un dispositivo sofisticado.<\/p>\n<h3 class=\"font-claude-response-subheading text-text-100 mt-1 -mb-1.5\">Bang Leader 120K Blueberry Ice\/Black Currant caladas: lo m\u00e1s destacado:<\/h3>\n<p class=\"font-claude-response-body whitespace-normal break-words\">El cigarrillo electr\u00f3nico Bang Vape revoluciona el vapeo desechable con su impresionante capacidad de 120 000 caladas. Esta extraordinaria resistencia garantiza meses de disfrute continuo sin p\u00e9rdida de calidad y ofrece una excelente relaci\u00f3n calidad-precio para los vapeadores que esperan tanto durabilidad como una calidad de sabor constante durante toda la vida \u00fatil del dispositivo.<\/p>\n<p class=\"font-claude-response-body whitespace-normal break-words\">La tecnolog\u00eda Vape 2 en 1 utiliza un dise\u00f1o inteligente de doble c\u00e1mara que garantiza una separaci\u00f3n impecable de los sabores. Este sistema pionero permite cambiar sin esfuerzo entre potentes perfiles arom\u00e1ticos con total integridad del sabor. Cada c\u00e1mara funciona de forma independiente y ofrece una experiencia de sabor aut\u00e9ntica en cada calada.<\/p>\n<p class=\"font-claude-response-body whitespace-normal break-words\">Impulsado por la tecnolog\u00eda Dual Mesh Coil m\u00e1s avanzada, el 120k Vape garantiza un excelente desarrollo del sabor y una generaci\u00f3n constante de vapor. La bater\u00eda de alta capacidad con carga r\u00e1pida tipo C proporciona una fuente de energ\u00eda fiable, mientras que la tecnolog\u00eda de chip inteligente mantiene un control perfecto de la temperatura en ambas c\u00e1maras de sabor.<\/p>\n<p class=\"font-claude-response-body whitespace-normal break-words\">El Bang Leader 120K destaca por su dise\u00f1o ergon\u00f3mico con una clara visibilidad del e-l\u00edquido y un manejo muy sencillo. El sofisticado sistema de flujo de aire permite una producci\u00f3n de vapor personalizada, mientras que los completos mecanismos de seguridad garantizan un uso sin preocupaciones durante toda la prolongada vida \u00fatil del dispositivo.<\/p>\n<h3 class=\"font-claude-response-subheading text-text-100 mt-1 -mb-1.5\">Especificaciones t\u00e9cnicas:<\/h3>\n<p class=\"font-claude-response-body whitespace-normal break-words\">TRENES: 120.000 trenes<br \/>\nBater\u00eda: 650 mAh<br \/>\n\u2611 Resistencia: 1,0 Ohm<br \/>\nConexi\u00f3n de carga Tipo-C<br \/>\n\u2611 Nicotina: 0% \/ 2% \/ 3% \/ 5%<\/p>\n<h3 class=\"font-claude-response-subheading text-text-100 mt-1 -mb-1.5\">Descubre m\u00e1s BANG VAPE en vozolpuff<\/h3>\n<p class=\"font-claude-response-body whitespace-normal break-words\">Encontrar\u00e1 m\u00e1s productos premium en nuestra <strong><a class=\"underline\" href=\"https:\/\/vozolpuff.de\/es\/\">P\u00e1gina de inicio<\/a><\/strong>. Eche un vistazo a nuestra innovadora <strong><a class=\"underline\" href=\"https:\/\/vozolpuff.de\/es\/product-category\/bang-vape\/\">Colecci\u00f3n BANG VAPE<\/a><\/strong> o descubra todos los <strong><a class=\"underline\" href=\"https:\/\/vozolpuff.de\/es\/product-category\/bang-vape\/bang-leader-120k\/\">Bang Leader 120K Aromas<\/a><\/strong>.<\/p>","protected":false},"excerpt":{"rendered":"<p class=\"font-claude-response-body whitespace-normal break-words\">El Bang Leader 120K Blueberry Ice\/Black Currant revoluciona los vapeadores desechables con 120 000 caladas y un innovador sistema de doble c\u00e1mara. Cambia f\u00e1cilmente entre el refrescante Blueberry Ice y el intenso Black Currant gracias a las bobinas de malla separadas. Bater\u00eda de 650 mAh con carga r\u00e1pida tipo C para disfrutar de un vapor de primera calidad durante meses.<\/p>","protected":false},"featured_media":8367,"comment_status":"open","ping_status":"closed","template":"","meta":{"_acf_changed":false},"product_brand":[],"product_cat":[93],"product_tag":[],"class_list":{"0":"post-8365","1":"product","2":"type-product","3":"status-publish","4":"has-post-thumbnail","6":"product_cat-bang-leader-120k","8":"first","9":"instock","10":"shipping-taxable","11":"purchasable","12":"product-type-variable"},"acf":[],"_links":{"self":[{"href":"https:\/\/vozolpuff.de\/es\/wp-json\/wp\/v2\/product\/8365","targetHints":{"allow":["GET"]}}],"collection":[{"href":"https:\/\/vozolpuff.de\/es\/wp-json\/wp\/v2\/product"}],"about":[{"href":"https:\/\/vozolpuff.de\/es\/wp-json\/wp\/v2\/types\/product"}],"replies":[{"embeddable":true,"href":"https:\/\/vozolpuff.de\/es\/wp-json\/wp\/v2\/comments?post=8365"}],"wp:featuredmedia":[{"embeddable":true,"href":"https:\/\/vozolpuff.de\/es\/wp-json\/wp\/v2\/media\/8367"}],"wp:attachment":[{"href":"https:\/\/vozolpuff.de\/es\/wp-json\/wp\/v2\/media?parent=8365"}],"wp:term":[{"taxonomy":"product_brand","embeddable":true,"href":"https:\/\/vozolpuff.de\/es\/wp-json\/wp\/v2\/product_brand?post=8365"},{"taxonomy":"product_cat","embeddable":true,"href":"https:\/\/vozolpuff.de\/es\/wp-json\/wp\/v2\/product_cat?post=8365"},{"taxonomy":"product_tag","embeddable":true,"href":"https:\/\/vozolpuff.de\/es\/wp-json\/wp\/v2\/product_tag?post=8365"}],"curies":[{"name":"wp","href":"https:\/\/api.w.org\/{rel}","templated":true}]}}