{"id":857,"date":"2025-08-24T10:37:20","date_gmt":"2025-08-24T08:37:20","guid":{"rendered":"https:\/\/vozolpuff.de\/?post_type=product&#038;p=857"},"modified":"2026-01-15T12:14:23","modified_gmt":"2026-01-15T11:14:23","slug":"vozol-vista-40000-strawberry-watermelon","status":"publish","type":"product","link":"https:\/\/vozolpuff.de\/es\/producto\/vozol-vista-40000-strawberry-watermelon\/","title":{"rendered":"Vozol Vista 40000 Fresa Sand\u00eda"},"content":{"rendered":"<h2 class=\"text-2xl font-bold mt-1 text-text-100\">Vozol Vista 40000 Sand\u00eda y fresa Vape desechable<\/h2>\n<p class=\"whitespace-normal break-words\">En <strong>Vozol Vista 40000 Fresa Sand\u00eda<\/strong> combina fresas dulces con el jugoso sabor de la sand\u00eda para crear la experiencia frutal definitiva del verano. Este cigarrillo electr\u00f3nico desechable y recargable, tecnol\u00f3gicamente avanzado, cuenta con una potente bater\u00eda de 1000 mAh con funci\u00f3n de carga r\u00e1pida USB-C. Disfrute de hasta <strong>40 000 trenes frescos y veraniegos<\/strong> gracias a la revolucionaria Dual-Mesh-Coil con tecnolog\u00eda S.i.L.C, respaldada por una regulaci\u00f3n del vataje en 4 etapas y un ajuste flexible del flujo de aire.<\/p>\n<h3 class=\"text-xl font-bold text-text-100 mt-1 -mb-0.5\">Especificaciones de Strawberry Watermelon Vista 40000:<\/h3>\n<p class=\"whitespace-normal break-words\"><strong>Robusta bater\u00eda de 1000 mAh:<\/strong> Suministro de energ\u00eda constante con tecnolog\u00eda de carga Lightning Type-C<\/p>\n<p class=\"whitespace-normal break-words\"><strong>Control del flujo de aire en dos etapas:<\/strong> Transici\u00f3n fluida entre experiencias MTL concentradas y estilos de calada m\u00e1s abiertos.<\/p>\n<p class=\"whitespace-normal break-words\"><strong>Control de vapor de nivel Quattro:<\/strong> Ajuste individual de la generaci\u00f3n de vapor para disfrutar al m\u00e1ximo del sabor a fresa y sand\u00eda.<\/p>\n<p class=\"whitespace-normal break-words\"><strong>Pantalla LED con visi\u00f3n completa de 270\u00b0:<\/strong> Informaci\u00f3n completa sobre el n\u00famero de trenes, la capacidad de la bater\u00eda y los ajustes de funcionamiento<\/p>\n<p class=\"whitespace-normal break-words\"><strong>Tecnolog\u00eda S.i.L.C Dual-Mesh:<\/strong> Tecnolog\u00eda de calentamiento innovadora para un sabor constante a fresa y sand\u00eda.<\/p>\n<p class=\"whitespace-normal break-words\"><strong>Funciones de iluminaci\u00f3n adaptativa:<\/strong> Las animaciones LED din\u00e1micas se activan con cada inhalaci\u00f3n.<\/p>\n<p class=\"whitespace-normal break-words\"><strong>Contenido de nicotina de calidad 50mg\/ml (5%):<\/strong> Suministro de nicotina satisfactorio para las necesidades diarias<\/p>\n<h3 class=\"text-xl font-bold text-text-100 mt-1 -mb-0.5\">Descubre m\u00e1s VOZOL VAPE en vozolpuff<\/h3>\n<p class=\"whitespace-normal break-words\">Compra el Vozol Vista 40000 Strawberry Watermelon en la tienda de vapeo l\u00edder en Alemania. Visita nuestra <a class=\"underline\" href=\"https:\/\/vozolpuff.de\/es\/\"><strong>P\u00e1gina de inicio<\/strong><\/a> para m\u00e1s productos premium, descubra la <a class=\"underline\" href=\"https:\/\/vozolpuff.de\/es\/product-category\/vozol-vape\/\"><strong>VOZOL VAPE<\/strong><\/a> o navegar por toda la colecci\u00f3n <a class=\"underline\" href=\"https:\/\/vozolpuff.de\/es\/product-category\/vozol-vape\/vozol-vista-40000\/\"><strong>Vozol Vista 40000<\/strong><\/a> Sabores.<\/p>","protected":false},"excerpt":{"rendered":"<p>En <strong>Vozol Vista 40000 Sand\u00eda y fresa Vape desechable<\/strong> Combina fresas dulces con el jugoso sabor de la sand\u00eda para crear la experiencia frutal definitiva del verano, con hasta 40 000 caladas frescas y veraniegas. Con una potente bater\u00eda de 1000 mAh, carga r\u00e1pida USB-C y tecnolog\u00eda Dual-Mesh S.i.L.C. Regulaci\u00f3n de vatios en 4 niveles, ajuste flexible del flujo de aire y pantalla LED de 270\u00b0. Contenido de nicotina: 50 mg\/ml (5%).<\/p>","protected":false},"featured_media":860,"comment_status":"open","ping_status":"closed","template":"","meta":{"_acf_changed":false},"product_brand":[],"product_cat":[31],"product_tag":[],"class_list":{"0":"post-857","1":"product","2":"type-product","3":"status-publish","4":"has-post-thumbnail","6":"product_cat-vozol-vista-40000","8":"first","9":"instock","10":"shipping-taxable","11":"purchasable","12":"product-type-variable"},"acf":[],"_links":{"self":[{"href":"https:\/\/vozolpuff.de\/es\/wp-json\/wp\/v2\/product\/857","targetHints":{"allow":["GET"]}}],"collection":[{"href":"https:\/\/vozolpuff.de\/es\/wp-json\/wp\/v2\/product"}],"about":[{"href":"https:\/\/vozolpuff.de\/es\/wp-json\/wp\/v2\/types\/product"}],"replies":[{"embeddable":true,"href":"https:\/\/vozolpuff.de\/es\/wp-json\/wp\/v2\/comments?post=857"}],"wp:featuredmedia":[{"embeddable":true,"href":"https:\/\/vozolpuff.de\/es\/wp-json\/wp\/v2\/media\/860"}],"wp:attachment":[{"href":"https:\/\/vozolpuff.de\/es\/wp-json\/wp\/v2\/media?parent=857"}],"wp:term":[{"taxonomy":"product_brand","embeddable":true,"href":"https:\/\/vozolpuff.de\/es\/wp-json\/wp\/v2\/product_brand?post=857"},{"taxonomy":"product_cat","embeddable":true,"href":"https:\/\/vozolpuff.de\/es\/wp-json\/wp\/v2\/product_cat?post=857"},{"taxonomy":"product_tag","embeddable":true,"href":"https:\/\/vozolpuff.de\/es\/wp-json\/wp\/v2\/product_tag?post=857"}],"curies":[{"name":"wp","href":"https:\/\/api.w.org\/{rel}","templated":true}]}}