{"id":8601,"date":"2025-11-26T07:57:44","date_gmt":"2025-11-26T06:57:44","guid":{"rendered":"https:\/\/vozolpuff.de\/?post_type=product&#038;p=8601"},"modified":"2025-11-26T07:57:44","modified_gmt":"2025-11-26T06:57:44","slug":"jnr-rage-gorilla-55000-watermelon-ice","status":"publish","type":"product","link":"https:\/\/vozolpuff.de\/es\/producto\/jnr-rage-gorilla-55000-watermelon-ice\/","title":{"rendered":"JNR Rage Gorilla 55000 Sand\u00eda helada"},"content":{"rendered":"<h2 class=\"font-claude-response-heading text-text-100 mt-1 -mb-0.5\">JNR Rage Gorilla 55000 Watermelon Ice Vape desechable<\/h2>\n<p class=\"font-claude-response-body whitespace-normal break-words\">El JNR Rage Gorilla 55000 Watermelon Ice aporta un refrescante toque veraniego a tus momentos de vapeo: la jugosa sand\u00eda se combina con un estimulante frescor. Con 55 000 generosas caladas de 42 ml de e-l\u00edquido de primera calidad, este cigarrillo electr\u00f3nico desechable garantiza semanas de disfrute. Las potentes bobinas de doble malla extraen el dulzor natural de las sand\u00edas maduras y lo combinan con un refrescante toque de frescor. La pantalla inteligente supervisa continuamente el estado de la bater\u00eda y del l\u00edquido, mientras que la bater\u00eda de 950 mAh con tecnolog\u00eda tipo C se recarga en un abrir y cerrar de ojos.<\/p>\n<h3 class=\"font-claude-response-subheading text-text-100 mt-1 -mb-1.5\">Ventajas del JNR Rage Gorilla 55000 Watermelon Ice:<\/h3>\n<p class=\"font-claude-response-body whitespace-normal break-words\">Con un contenido de nicotina estandarizado de 2%, este dispositivo cumple con todas las normas de la UE y ofrece una experiencia de vapeo suave sin irritar la garganta. Watermelon Ice es la elecci\u00f3n ideal para los calurosos d\u00edas de verano o cuando desee disfrutar de un descanso afrutado y refrescante, con un sabor sutil pero intenso.<\/p>\n<p class=\"font-claude-response-body whitespace-normal break-words\">La avanzada tecnolog\u00eda Dual Mesh distribuye el calor de manera m\u00e1s uniforme, lo que permite apreciar todos los matices de los aut\u00e9nticos aromas de la sand\u00eda. En combinaci\u00f3n con el efecto refrescante, se obtiene un perfil de sabor armonioso que convence de principio a fin.<\/p>\n<p class=\"font-claude-response-body whitespace-normal break-words\">Con una autonom\u00eda excepcional de 55 000 caladas, no tendr\u00e1 que preocuparse por reponerlo durante mucho tiempo. El dep\u00f3sito de 42 ml ofrece capacidad suficiente para largas sesiones de vapeo sin p\u00e9rdida de calidad.<\/p>\n<p class=\"font-claude-response-body whitespace-normal break-words\">La bater\u00eda de 950 mAh est\u00e1 dise\u00f1ada para ofrecer una gran autonom\u00eda y aguantar sin problemas todo el d\u00eda. Si alguna vez necesita recargar la energ\u00eda, la carga r\u00e1pida tipo C garantiza que estar\u00e1 listo para funcionar en media hora. Gracias a la clara pantalla LED, podr\u00e1 ver toda la informaci\u00f3n importante de un vistazo.<\/p>\n<p class=\"font-claude-response-body whitespace-normal break-words\">El dise\u00f1o combina l\u00edneas elegantes con detalles met\u00e1licos de alta calidad, una declaraci\u00f3n de intenciones para los vapeadores exigentes. Cada detalle es sin\u00f3nimo de calidad y durabilidad.<\/p>\n<h3 class=\"font-claude-response-subheading text-text-100 mt-1 -mb-1.5\">Datos t\u00e9cnicos:<\/h3>\n<p class=\"font-claude-response-body whitespace-normal break-words\"><strong>concentraci\u00f3n de nicotina:<\/strong> 2% Nicotina<br \/>\n<strong>N\u00famero de trenes:<\/strong> 55 000 trenes<br \/>\n<strong>Volumen del dep\u00f3sito:<\/strong> 42 ml<br \/>\n<strong>Sistema vaporizador:<\/strong> Bobina de malla doble<br \/>\n<strong>Pantalla:<\/strong> Pantalla inteligente<br \/>\n<strong>Capacidad de la bater\u00eda:<\/strong> 950 mAh recargable<br \/>\n<strong>Interfaz de carga:<\/strong> Carga r\u00e1pida Tipo-C<br \/>\n<strong>Sabor:<\/strong> Hielo de sand\u00eda<\/p>\n<h3 class=\"font-claude-response-subheading text-text-100 mt-1 -mb-1.5\">Descubre m\u00e1s JNR VAPE en vozolpuff<\/h3>\n<p class=\"font-claude-response-body whitespace-normal break-words\">Eche un vistazo a otros productos destacados en nuestra <strong><a class=\"underline\" href=\"https:\/\/vozolpuff.de\/es\/\">P\u00e1gina de inicio<\/a><\/strong> o explore la innovadora <strong><a class=\"underline\" href=\"https:\/\/vozolpuff.de\/es\/product-category\/jnr-vape\/\">Categor\u00eda JNR VAPE<\/a><\/strong> para la tecnolog\u00eda de vapor m\u00e1s moderna. Le presentamos todos los aromas disponibles del Rage Gorilla 55000 en nuestra <strong><a class=\"underline\" href=\"https:\/\/vozolpuff.de\/es\/product-category\/jnr-vape\/jnr-rage-gorilla-55000\/\">Resumen de sabores<\/a><\/strong>.<\/p>","protected":false},"excerpt":{"rendered":"<p class=\"font-claude-response-body whitespace-normal break-words\">El JNR Rage Gorilla 55000 Watermelon Ice ofrece jugosa sand\u00eda con un refrescante efecto refrescante. Con 55 000 caladas, 42 ml de e-l\u00edquido y bobinas de malla doble, disfrutar\u00e1 de la frescura del verano. Pantalla inteligente, bater\u00eda de 950 mAh con carga tipo C: disfrute duradero sin necesidad de recargar.<\/p>","protected":false},"featured_media":8603,"comment_status":"open","ping_status":"closed","template":"","meta":{"_acf_changed":false},"product_brand":[],"product_cat":[96],"product_tag":[],"class_list":{"0":"post-8601","1":"product","2":"type-product","3":"status-publish","4":"has-post-thumbnail","6":"product_cat-jnr-rage-gorilla-55000","8":"first","9":"instock","10":"shipping-taxable","11":"purchasable","12":"product-type-variable"},"acf":[],"_links":{"self":[{"href":"https:\/\/vozolpuff.de\/es\/wp-json\/wp\/v2\/product\/8601","targetHints":{"allow":["GET"]}}],"collection":[{"href":"https:\/\/vozolpuff.de\/es\/wp-json\/wp\/v2\/product"}],"about":[{"href":"https:\/\/vozolpuff.de\/es\/wp-json\/wp\/v2\/types\/product"}],"replies":[{"embeddable":true,"href":"https:\/\/vozolpuff.de\/es\/wp-json\/wp\/v2\/comments?post=8601"}],"wp:featuredmedia":[{"embeddable":true,"href":"https:\/\/vozolpuff.de\/es\/wp-json\/wp\/v2\/media\/8603"}],"wp:attachment":[{"href":"https:\/\/vozolpuff.de\/es\/wp-json\/wp\/v2\/media?parent=8601"}],"wp:term":[{"taxonomy":"product_brand","embeddable":true,"href":"https:\/\/vozolpuff.de\/es\/wp-json\/wp\/v2\/product_brand?post=8601"},{"taxonomy":"product_cat","embeddable":true,"href":"https:\/\/vozolpuff.de\/es\/wp-json\/wp\/v2\/product_cat?post=8601"},{"taxonomy":"product_tag","embeddable":true,"href":"https:\/\/vozolpuff.de\/es\/wp-json\/wp\/v2\/product_tag?post=8601"}],"curies":[{"name":"wp","href":"https:\/\/api.w.org\/{rel}","templated":true}]}}