{"id":867,"date":"2025-08-24T10:43:10","date_gmt":"2025-08-24T08:43:10","guid":{"rendered":"https:\/\/vozolpuff.de\/?post_type=product&#038;p=867"},"modified":"2026-01-15T12:13:59","modified_gmt":"2026-01-15T11:13:59","slug":"vozol-vista-40000-watermelon-ice","status":"publish","type":"product","link":"https:\/\/vozolpuff.de\/es\/producto\/vozol-vista-40000-watermelon-ice\/","title":{"rendered":"Vozol Vista 40000 Sand\u00eda Helada"},"content":{"rendered":"<h2 class=\"text-2xl font-bold mt-1 text-text-100\">Vozol Vista 40000 Watermelon Ice Vape desechable<\/h2>\n<p class=\"whitespace-normal break-words\">En <strong>Vozol Vista 40000 Sand\u00eda Helada<\/strong> ofrece la experiencia refrescante definitiva con un jugoso sabor a sand\u00eda y un refrescante efecto revitalizante, perfecto para los d\u00edas de verano. Este cigarrillo electr\u00f3nico desechable recargable de alta calidad est\u00e1 equipado con una potente bater\u00eda de 1000 mAh y funci\u00f3n de carga r\u00e1pida USB-C. Disfrute de hasta <strong>40 000 caladas refrescantes y afrutadas<\/strong> gracias a la innovadora bobina Dual Mesh con tecnolog\u00eda S.i.L.C, complementada con un ajuste de vatios de 4 niveles y una regulaci\u00f3n de flujo de aire dual.<\/p>\n<h3 class=\"text-xl font-bold text-text-100 mt-1 -mb-0.5\">Watermelon Ice Vista 40000 Caracter\u00edsticas:<\/h3>\n<p class=\"whitespace-normal break-words\"><strong>Sistema de bater\u00eda de alto rendimiento de 1000 mAh:<\/strong> Potencia duradera con carga r\u00e1pida Type-C para disfrutar de vapor de forma continua.<\/p>\n<p class=\"whitespace-normal break-words\"><strong>Resistencia a la tracci\u00f3n binivel:<\/strong> Transici\u00f3n flexible entre caladas MTL intensas e inhalaciones m\u00e1s relajadas.<\/p>\n<p class=\"whitespace-normal break-words\"><strong>Control Quattro-Watt:<\/strong> Intensidad de vapor personalizada para disfrutar al m\u00e1ximo del sabor Watermelon Ice.<\/p>\n<p class=\"whitespace-normal break-words\"><strong>Monitor LED con visi\u00f3n panor\u00e1mica de 270\u00b0:<\/strong> Informaci\u00f3n completa sobre el contador de tracci\u00f3n, el estado de la bater\u00eda y el modo de funcionamiento.<\/p>\n<p class=\"whitespace-normal break-words\"><strong>Tecnolog\u00eda S.i.L.C Dual-Mesh:<\/strong> Tecnolog\u00eda de bobina de \u00faltima generaci\u00f3n para disfrutar de un sabor uniforme a sand\u00eda helada.<\/p>\n<p class=\"whitespace-normal break-words\"><strong>Funciones de iluminaci\u00f3n reactiva:<\/strong> Atractivos espect\u00e1culos LED que se activan con cada uso<\/p>\n<p class=\"whitespace-normal break-words\"><strong>Concentraci\u00f3n de nicotina estandarizada 50 mg\/ml (5%):<\/strong> Suministro satisfactorio de nicotina para vapeadores habituales<\/p>\n<h3 class=\"text-xl font-bold text-text-100 mt-1 -mb-0.5\">Descubre m\u00e1s VOZOL VAPE en vozolpuff<\/h3>\n<p class=\"whitespace-normal break-words\">Compra el Vozol Vista 40000 Watermelon Ice en la tienda de vapeo l\u00edder en Alemania. Visita nuestra <a class=\"underline\" href=\"https:\/\/vozolpuff.de\/es\/\"><strong>P\u00e1gina de inicio<\/strong><\/a> para m\u00e1s productos premium, descubra la <a class=\"underline\" href=\"https:\/\/vozolpuff.de\/es\/product-category\/vozol-vape\/\"><strong>VOZOL VAPE<\/strong><\/a> o navegar por toda la colecci\u00f3n <a class=\"underline\" href=\"https:\/\/vozolpuff.de\/es\/product-category\/vozol-vape\/vozol-vista-40000\/\"><strong>Vozol Vista 40000<\/strong><\/a> Sabores.<\/p>","protected":false},"excerpt":{"rendered":"<p>En <strong>Vozol Vista 40000 Watermelon Ice Vape desechable<\/strong> Ofrece la experiencia refrescante definitiva con un jugoso sabor a sand\u00eda y un refrescante efecto revitalizante para hasta 40 000 caladas refrescantes y afrutadas. Con una potente bater\u00eda de 1000 mAh, funci\u00f3n de carga r\u00e1pida USB-C y tecnolog\u00eda Dual-Mesh S.i.L.C. Ajuste de vatios en 4 niveles, regulaci\u00f3n de flujo de aire dual y monitor LED de 270\u00b0. Concentraci\u00f3n de nicotina: 50 mg\/ml (5%).<\/p>","protected":false},"featured_media":870,"comment_status":"open","ping_status":"closed","template":"","meta":{"_acf_changed":false},"product_brand":[],"product_cat":[31],"product_tag":[],"class_list":{"0":"post-867","1":"product","2":"type-product","3":"status-publish","4":"has-post-thumbnail","6":"product_cat-vozol-vista-40000","8":"first","9":"instock","10":"shipping-taxable","11":"purchasable","12":"product-type-variable"},"acf":[],"_links":{"self":[{"href":"https:\/\/vozolpuff.de\/es\/wp-json\/wp\/v2\/product\/867","targetHints":{"allow":["GET"]}}],"collection":[{"href":"https:\/\/vozolpuff.de\/es\/wp-json\/wp\/v2\/product"}],"about":[{"href":"https:\/\/vozolpuff.de\/es\/wp-json\/wp\/v2\/types\/product"}],"replies":[{"embeddable":true,"href":"https:\/\/vozolpuff.de\/es\/wp-json\/wp\/v2\/comments?post=867"}],"wp:featuredmedia":[{"embeddable":true,"href":"https:\/\/vozolpuff.de\/es\/wp-json\/wp\/v2\/media\/870"}],"wp:attachment":[{"href":"https:\/\/vozolpuff.de\/es\/wp-json\/wp\/v2\/media?parent=867"}],"wp:term":[{"taxonomy":"product_brand","embeddable":true,"href":"https:\/\/vozolpuff.de\/es\/wp-json\/wp\/v2\/product_brand?post=867"},{"taxonomy":"product_cat","embeddable":true,"href":"https:\/\/vozolpuff.de\/es\/wp-json\/wp\/v2\/product_cat?post=867"},{"taxonomy":"product_tag","embeddable":true,"href":"https:\/\/vozolpuff.de\/es\/wp-json\/wp\/v2\/product_tag?post=867"}],"curies":[{"name":"wp","href":"https:\/\/api.w.org\/{rel}","templated":true}]}}