{"id":883,"date":"2025-08-24T14:47:48","date_gmt":"2025-08-24T12:47:48","guid":{"rendered":"https:\/\/vozolpuff.de\/?post_type=product&#038;p=883"},"modified":"2026-01-15T11:56:08","modified_gmt":"2026-01-15T10:56:08","slug":"vozol-rave-40000-watermelon-ice","status":"publish","type":"product","link":"https:\/\/vozolpuff.de\/es\/producto\/vozol-rave-40000-watermelon-ice\/","title":{"rendered":"Vozol Rave 40000 Sand\u00eda Helada"},"content":{"rendered":"<h2 class=\"text-xl font-bold text-text-100 mt-1 -mb-0.5\">Vozol Rave 40000 Watermelon Ice Cigarrillo electr\u00f3nico desechable<\/h2>\n<p class=\"whitespace-normal break-words\">En <strong>VOZOL RAVE 40000 caladas Watermelon Ice Vape desechable<\/strong> Combina la refrescante sand\u00eda con un final fresco para ofrecer la mejor experiencia de vapeo veraniega. Con hasta 40 000 caladas y una potente bater\u00eda recargable de 1000 mAh, este cigarrillo electr\u00f3nico premium ofrece una duraci\u00f3n excepcionalmente larga. La innovadora pantalla Beat Sensing de 270\u00b0 con tecnolog\u00eda 3D y dos modos de encendido garantizan una experiencia de vapeo personalizada con un intenso sabor a sand\u00eda fresca.<\/p>\n<h3 class=\"text-lg font-bold text-text-100 mt-1 -mb-1.5\">VOZOL RAVE 40000 Watermelon Ice Especificaciones:<\/h3>\n<p class=\"whitespace-normal break-words\"><strong>Capacidad de e-l\u00edquido:<\/strong> 20 ml de l\u00edquido Premium Watermelon Ice<br \/>\n<strong>Rendimiento de la bater\u00eda:<\/strong> 1000 mAh recargable con USB tipo C<br \/>\n<strong>Capacidad del tren:<\/strong> Hasta 40 000 caladas (modo est\u00e1ndar) | 25 000 caladas (modo potente)<br \/>\n<strong>Contenido de nicotina:<\/strong> 5% (50 mg) para un aut\u00e9ntico golpe en la garganta<br \/>\n<strong>Sistema de bobina:<\/strong> Bobinas de malla para un desarrollo \u00f3ptimo del sabor<br \/>\n<strong>Control del flujo de aire:<\/strong> Corriente de aire ajustable seg\u00fan las preferencias personales<br \/>\n<strong>Pantalla inteligente:<\/strong> Indicador digital del estado de la bater\u00eda y del nivel de l\u00edquido<br \/>\n<strong>Sensaci\u00f3n de latido:<\/strong> Pantalla din\u00e1mica de 270\u00b0 con retroalimentaci\u00f3n en directo<br \/>\n<strong>Modo dual:<\/strong> Est\u00e1ndar para un vapor suave, potencia para caladas intensas<br \/>\n<strong>Tecnolog\u00eda:<\/strong> Chips MCU duales de S.i.L.C Tech<\/p>\n<h3 class=\"text-lg font-bold text-text-100 mt-1 -mb-1.5\">Descubre m\u00e1s VOZOL VAPE en vozolpuff<\/h3>\n<p class=\"whitespace-normal break-words\">Descubra m\u00e1s cigarrillos electr\u00f3nicos de alta calidad en nuestro <strong><a class=\"underline\" href=\"https:\/\/vozolpuff.de\/es\/\">Tienda en l\u00ednea<\/a><\/strong> o explore la completa <strong><a class=\"underline\" href=\"https:\/\/vozolpuff.de\/es\/product-category\/vozol-vape\/\">Gama de productos VOZOL VAPE<\/a><\/strong>. Encontrar\u00e1 todos los sabores disponibles en nuestra <strong><a class=\"underline\" href=\"https:\/\/vozolpuff.de\/es\/product-category\/vozol-vape\/vozol-rave-40000\/\">Colecci\u00f3n Vozol Rave 40000<\/a><\/strong>.<\/p>","protected":false},"excerpt":{"rendered":"<p>En <strong>VOZOL RAVE 40000 Watermelon Ice Cigarrillo electr\u00f3nico desechable<\/strong> Combina la refrescante sand\u00eda con un acabado fresco para disfrutar al m\u00e1ximo del vapeo veraniego durante hasta 40 000 caladas. Con una potente bater\u00eda recargable de 1000 mAh, 20 ml de capacidad de l\u00edquido y una innovadora pantalla con sensor de latidos de 270\u00b0. Modo dual, bobinas de malla y tecnolog\u00eda S.i.L.C Dual MCU. Contenido de nicotina: 5% (50 mg).<\/p>","protected":false},"featured_media":886,"comment_status":"open","ping_status":"closed","template":"","meta":{"_acf_changed":false},"product_brand":[],"product_cat":[32],"product_tag":[],"class_list":{"0":"post-883","1":"product","2":"type-product","3":"status-publish","4":"has-post-thumbnail","6":"product_cat-vozol-rave-40000","8":"first","9":"instock","10":"shipping-taxable","11":"purchasable","12":"product-type-variable"},"acf":[],"_links":{"self":[{"href":"https:\/\/vozolpuff.de\/es\/wp-json\/wp\/v2\/product\/883","targetHints":{"allow":["GET"]}}],"collection":[{"href":"https:\/\/vozolpuff.de\/es\/wp-json\/wp\/v2\/product"}],"about":[{"href":"https:\/\/vozolpuff.de\/es\/wp-json\/wp\/v2\/types\/product"}],"replies":[{"embeddable":true,"href":"https:\/\/vozolpuff.de\/es\/wp-json\/wp\/v2\/comments?post=883"}],"wp:featuredmedia":[{"embeddable":true,"href":"https:\/\/vozolpuff.de\/es\/wp-json\/wp\/v2\/media\/886"}],"wp:attachment":[{"href":"https:\/\/vozolpuff.de\/es\/wp-json\/wp\/v2\/media?parent=883"}],"wp:term":[{"taxonomy":"product_brand","embeddable":true,"href":"https:\/\/vozolpuff.de\/es\/wp-json\/wp\/v2\/product_brand?post=883"},{"taxonomy":"product_cat","embeddable":true,"href":"https:\/\/vozolpuff.de\/es\/wp-json\/wp\/v2\/product_cat?post=883"},{"taxonomy":"product_tag","embeddable":true,"href":"https:\/\/vozolpuff.de\/es\/wp-json\/wp\/v2\/product_tag?post=883"}],"curies":[{"name":"wp","href":"https:\/\/api.w.org\/{rel}","templated":true}]}}