{"id":888,"date":"2025-08-24T14:52:42","date_gmt":"2025-08-24T12:52:42","guid":{"rendered":"https:\/\/vozolpuff.de\/?post_type=product&#038;p=888"},"modified":"2026-01-15T11:55:55","modified_gmt":"2026-01-15T10:55:55","slug":"vozol-rave-40000-grape-ice","status":"publish","type":"product","link":"https:\/\/vozolpuff.de\/es\/producto\/vozol-rave-40000-grape-ice\/","title":{"rendered":"Vozol Rave 40000 Uva Ice"},"content":{"rendered":"<h2 class=\"text-xl font-bold text-text-100 mt-1 -mb-0.5\">Vozol Rave 40000 Grape Ice Cigarrillo electr\u00f3nico desechable<\/h2>\n<p class=\"whitespace-normal break-words\">En <strong>VOZOL RAVE 40000 caladas Grape Ice Vape desechable<\/strong> Disfruta del delicioso sabor de las uvas maduras, refinado con un toque refrescante. Este dispositivo de vapeo de \u00faltima generaci\u00f3n ofrece la impresionante cifra de 40 000 caladas y tiene una capacidad de 20 ml de l\u00edquido para semanas de uso. La revolucionaria pantalla 3D con tecnolog\u00eda Beat Sensing de 270\u00b0 y dos modos de disparo diferentes hacen que la experiencia de vapeo Grape Ice sea un verdadero placer.<\/p>\n<h3 class=\"text-lg font-bold text-text-100 mt-1 -mb-1.5\">VOZOL RAVE 40000 Grape Ice Detalles del producto:<\/h3>\n<p class=\"whitespace-normal break-words\"><strong>Volumen de l\u00edquido:<\/strong> 20 ml de aroma intenso a uva helada<br \/>\n<strong>Alimentaci\u00f3n por bater\u00eda:<\/strong> 1000 mAh con carga r\u00e1pida USB tipo C<br \/>\n<strong>Recuento de puff:<\/strong> Aproximadamente 40 000 movimientos (modo normal) | 25 000 movimientos (modo turbo)<br \/>\n<strong>Nivel de nicotina:<\/strong> 5% (50 mg) para un golpe de cuello potente<br \/>\n<strong>Vaporizador:<\/strong> Bobinas de malla para una producci\u00f3n uniforme de vapor<br \/>\n<strong>Resistencia al tiro:<\/strong> Flujo de aire ajustable individualmente<br \/>\n<strong>Pantalla LCD:<\/strong> Supervisi\u00f3n del nivel de la bater\u00eda y del nivel de l\u00edquido electr\u00f3nico<br \/>\n<strong>Pantalla de 270\u00b0:<\/strong> Pantalla interactiva con respuesta en tiempo real<br \/>\n<strong>Modos de funcionamiento:<\/strong> Modo suave y modo intensivo disponibles<br \/>\n<strong>Chipset:<\/strong> Chips MCU dobles de S.i.L.C Tech<\/p>\n<h3 class=\"text-lg font-bold text-text-100 mt-1 -mb-1.5\">Descubre m\u00e1s VOZOL VAPE en vozolpuff<\/h3>\n<p class=\"whitespace-normal break-words\">Descubra m\u00e1s cigarrillos electr\u00f3nicos de alta calidad en nuestro <strong><a class=\"underline\" href=\"https:\/\/vozolpuff.de\/es\/\">Tienda en l\u00ednea<\/a><\/strong> o explore la completa <strong><a class=\"underline\" href=\"https:\/\/vozolpuff.de\/es\/product-category\/vozol-vape\/\">Gama de productos VOZOL VAPE<\/a><\/strong>. Encontrar\u00e1 todos los sabores disponibles en nuestra <strong><a class=\"underline\" href=\"https:\/\/vozolpuff.de\/es\/product-category\/vozol-vape\/vozol-rave-40000\/\">Colecci\u00f3n Vozol Rave 40000<\/a><\/strong>.<\/p>","protected":false},"excerpt":{"rendered":"<p>En <strong>VOZOL RAVE 40000 Grape Ice Cigarrillo electr\u00f3nico desechable<\/strong> Disfruta de un delicioso sabor a uva y un refrescante toque fr\u00edo durante hasta 40 000 caladas. Con 20 ml de capacidad de l\u00edquido, bater\u00eda USB tipo C de 1000 mAh y revolucionaria pantalla 3D con tecnolog\u00eda Beat Sensing de 270\u00b0. Dos modos de disparo, bobinas de malla y chips MCU S.i.L.C dobles. Nivel de nicotina: 5% (50 mg).<\/p>","protected":false},"featured_media":891,"comment_status":"open","ping_status":"closed","template":"","meta":{"_acf_changed":false},"product_brand":[],"product_cat":[32],"product_tag":[],"class_list":{"0":"post-888","1":"product","2":"type-product","3":"status-publish","4":"has-post-thumbnail","6":"product_cat-vozol-rave-40000","8":"first","9":"instock","10":"shipping-taxable","11":"purchasable","12":"product-type-variable"},"acf":[],"_links":{"self":[{"href":"https:\/\/vozolpuff.de\/es\/wp-json\/wp\/v2\/product\/888","targetHints":{"allow":["GET"]}}],"collection":[{"href":"https:\/\/vozolpuff.de\/es\/wp-json\/wp\/v2\/product"}],"about":[{"href":"https:\/\/vozolpuff.de\/es\/wp-json\/wp\/v2\/types\/product"}],"replies":[{"embeddable":true,"href":"https:\/\/vozolpuff.de\/es\/wp-json\/wp\/v2\/comments?post=888"}],"wp:featuredmedia":[{"embeddable":true,"href":"https:\/\/vozolpuff.de\/es\/wp-json\/wp\/v2\/media\/891"}],"wp:attachment":[{"href":"https:\/\/vozolpuff.de\/es\/wp-json\/wp\/v2\/media?parent=888"}],"wp:term":[{"taxonomy":"product_brand","embeddable":true,"href":"https:\/\/vozolpuff.de\/es\/wp-json\/wp\/v2\/product_brand?post=888"},{"taxonomy":"product_cat","embeddable":true,"href":"https:\/\/vozolpuff.de\/es\/wp-json\/wp\/v2\/product_cat?post=888"},{"taxonomy":"product_tag","embeddable":true,"href":"https:\/\/vozolpuff.de\/es\/wp-json\/wp\/v2\/product_tag?post=888"}],"curies":[{"name":"wp","href":"https:\/\/api.w.org\/{rel}","templated":true}]}}