{"id":893,"date":"2025-08-24T14:56:43","date_gmt":"2025-08-24T12:56:43","guid":{"rendered":"https:\/\/vozolpuff.de\/?post_type=product&#038;p=893"},"modified":"2026-01-15T11:55:43","modified_gmt":"2026-01-15T10:55:43","slug":"vozol-rave-40000-mango-ice","status":"publish","type":"product","link":"https:\/\/vozolpuff.de\/es\/producto\/vozol-rave-40000-mango-ice\/","title":{"rendered":"Vozol Rave 40000 Mango Ice"},"content":{"rendered":"<h2 class=\"text-xl font-bold text-text-100 mt-1 -mb-0.5\">Vozol Rave 40000 Mango Ice Cigarrillo electr\u00f3nico desechable<\/h2>\n<p class=\"whitespace-normal break-words\">En <strong>VOZOL RAVE 40000 caladas Mango Ice Vape<\/strong> Te transporta a mundos tropicales con aut\u00e9ntico sabor a mango y una brisa refrescante. Este cigarrillo electr\u00f3nico desechable premium destaca por sus enormes 40 000 caladas y su generosa carga de 18-20 ml de e-l\u00edquido. La avanzada tecnolog\u00eda de pantalla Beat Sensing con un campo de visi\u00f3n de 270\u00b0 y los modos inteligentes Dual Fire garantizan una experiencia de vapeo de mango de primera clase.<\/p>\n<h3 class=\"text-lg font-bold text-text-100 mt-1 -mb-1.5\">Caracter\u00edsticas del VOZOL RAVE 40000 Mango Ice:<\/h3>\n<p class=\"whitespace-normal break-words\"><strong>Cantidad de e-l\u00edquido:<\/strong> 20 ml de l\u00edquido ex\u00f3tico Mango Ice<br \/>\n<strong>Capacidad de la bater\u00eda:<\/strong> 1000 mAh con carga r\u00e1pida tipo C<br \/>\n<strong>Rendimiento de los trenes:<\/strong> M\u00e1ximo 40 000 movimientos (normal) | 25 000 movimientos (turbo)<br \/>\n<strong>Potencia de nicotina:<\/strong> 5% (50 mg) para un impacto \u00f3ptimo en la laringe<br \/>\n<strong>Sistema vaporizador:<\/strong> Bobinas de malla premium para un sabor puro<br \/>\n<strong>Regulaci\u00f3n del flujo de aire:<\/strong> Dibujo ajustable sin escalonamientos<br \/>\n<strong>Control digital:<\/strong> Pantalla inteligente para todos los datos importantes<br \/>\n<strong>Tecnolog\u00eda Beat:<\/strong> Pantalla con visi\u00f3n panor\u00e1mica de 270\u00b0 y actualizaciones en directo<br \/>\n<strong>Modos de rendimiento:<\/strong> Modo confort y modo potencia seleccionables<br \/>\n<strong>Procesador:<\/strong> Arquitectura de chip MCU dual de S.i.L.C Tech<\/p>\n<h3 class=\"text-lg font-bold text-text-100 mt-1 -mb-1.5\">Descubre m\u00e1s VOZOL VAPE en vozolpuff<\/h3>\n<p class=\"whitespace-normal break-words\">Descubra m\u00e1s cigarrillos electr\u00f3nicos de alta calidad en nuestro <strong><a class=\"underline\" href=\"https:\/\/vozolpuff.de\/es\/\">Tienda en l\u00ednea<\/a><\/strong> o explore la completa <strong><a class=\"underline\" href=\"https:\/\/vozolpuff.de\/es\/product-category\/vozol-vape\/\">Gama de productos VOZOL VAPE<\/a><\/strong>. Encontrar\u00e1 todos los sabores disponibles en nuestra <strong><a class=\"underline\" href=\"https:\/\/vozolpuff.de\/es\/product-category\/vozol-vape\/vozol-rave-40000\/\">Colecci\u00f3n Vozol Rave 40000<\/a><\/strong>.<\/p>","protected":false},"excerpt":{"rendered":"<p>En <strong>VOZOL RAVE 40000 Mango Ice Cigarrillo electr\u00f3nico desechable<\/strong> Te transporta a mundos tropicales con aut\u00e9ntico sabor a mango y una brisa refrescante para hasta 40 000 caladas. Con 20 ml de e-l\u00edquido, carga r\u00e1pida de 1000 mAh tipo C y tecnolog\u00eda avanzada de pantalla con detecci\u00f3n de latidos de 270\u00b0. Modos de doble disparo, bobinas de malla premium y arquitectura de chip MCU dual S.i.L.C. Concentraci\u00f3n de nicotina: 5% (50 mg).<\/p>","protected":false},"featured_media":896,"comment_status":"open","ping_status":"closed","template":"","meta":{"_acf_changed":false},"product_brand":[],"product_cat":[32],"product_tag":[],"class_list":{"0":"post-893","1":"product","2":"type-product","3":"status-publish","4":"has-post-thumbnail","6":"product_cat-vozol-rave-40000","8":"first","9":"instock","10":"shipping-taxable","11":"purchasable","12":"product-type-variable"},"acf":[],"_links":{"self":[{"href":"https:\/\/vozolpuff.de\/es\/wp-json\/wp\/v2\/product\/893","targetHints":{"allow":["GET"]}}],"collection":[{"href":"https:\/\/vozolpuff.de\/es\/wp-json\/wp\/v2\/product"}],"about":[{"href":"https:\/\/vozolpuff.de\/es\/wp-json\/wp\/v2\/types\/product"}],"replies":[{"embeddable":true,"href":"https:\/\/vozolpuff.de\/es\/wp-json\/wp\/v2\/comments?post=893"}],"wp:featuredmedia":[{"embeddable":true,"href":"https:\/\/vozolpuff.de\/es\/wp-json\/wp\/v2\/media\/896"}],"wp:attachment":[{"href":"https:\/\/vozolpuff.de\/es\/wp-json\/wp\/v2\/media?parent=893"}],"wp:term":[{"taxonomy":"product_brand","embeddable":true,"href":"https:\/\/vozolpuff.de\/es\/wp-json\/wp\/v2\/product_brand?post=893"},{"taxonomy":"product_cat","embeddable":true,"href":"https:\/\/vozolpuff.de\/es\/wp-json\/wp\/v2\/product_cat?post=893"},{"taxonomy":"product_tag","embeddable":true,"href":"https:\/\/vozolpuff.de\/es\/wp-json\/wp\/v2\/product_tag?post=893"}],"curies":[{"name":"wp","href":"https:\/\/api.w.org\/{rel}","templated":true}]}}