{"id":898,"date":"2025-08-24T14:59:22","date_gmt":"2025-08-24T12:59:22","guid":{"rendered":"https:\/\/vozolpuff.de\/?post_type=product&#038;p=898"},"modified":"2026-01-15T11:55:29","modified_gmt":"2026-01-15T10:55:29","slug":"vozol-rave-40000-strawberry-ice","status":"publish","type":"product","link":"https:\/\/vozolpuff.de\/es\/producto\/vozol-rave-40000-strawberry-ice\/","title":{"rendered":"Vozol Rave 40000 Fresa Helada"},"content":{"rendered":"<h2 class=\"text-xl font-bold text-text-100 mt-1 -mb-0.5\">Vozol Rave 40000 Strawberry Ice Cigarrillo electr\u00f3nico desechable<\/h2>\n<p class=\"whitespace-normal break-words\">En <strong>VOZOL RAVE 40000 caladas Strawberry Ice desechable<\/strong> Entusiasma con el dulce aroma de las fresas maduras y un refrescante toque fr\u00edo. Con su impresionante capacidad de 40 000 caladas y su potente bater\u00eda de 1000 mAh, este cigarrillo electr\u00f3nico establece nuevos est\u00e1ndares en la categor\u00eda de desechables. La innovadora pantalla curva 3D con detecci\u00f3n de latidos de 270\u00b0 y los modos de funcionamiento flexibles ofrecen una experiencia de sabor fresca y fresa sin igual.<\/p>\n<h3 class=\"text-lg font-bold text-text-100 mt-1 -mb-1.5\">VOZOL RAVE 40000 Strawberry Ice Caracter\u00edsticas:<\/h3>\n<p class=\"whitespace-normal break-words\"><strong>Capacidad de l\u00edquido:<\/strong> 20 ml de l\u00edquido para cigarrillos electr\u00f3nicos Premium Strawberry Ice<br \/>\n<strong>Fuente de alimentaci\u00f3n:<\/strong> Bater\u00eda recargable de iones de litio de 1000 mAh<br \/>\n<strong>Salida de vapor:<\/strong> Hasta 40 000 caladas (modo Eco) | 25 000 caladas (modo Max)<br \/>\n<strong>Contenido de nicotina:<\/strong> 5% (50 mg) para un impacto intenso en la garganta<br \/>\n<strong>Tecnolog\u00eda de bobinas:<\/strong> Evaporador de malla de alta gama para aromas puros<br \/>\n<strong>Sistema de flujo de aire:<\/strong> Ajuste variable del suministro de aire<br \/>\n<strong>Pantalla del monitor:<\/strong> Indicador inteligente para supervisi\u00f3n del estado<br \/>\n<strong>Pantalla del sensor:<\/strong> Tecnolog\u00eda sensible al ritmo de 270\u00b0<br \/>\n<strong>Modos de vapeo:<\/strong> Modos suave e intenso disponibles<br \/>\n<strong>Hardware:<\/strong> Unidades de procesamiento MCU duales de S.i.L.C Tech<\/p>\n<h3 class=\"text-lg font-bold text-text-100 mt-1 -mb-1.5\">Descubre m\u00e1s VOZOL VAPE en vozolpuff<\/h3>\n<p class=\"whitespace-normal break-words\">Descubra m\u00e1s cigarrillos electr\u00f3nicos de alta calidad en nuestro <strong><a class=\"underline\" href=\"https:\/\/vozolpuff.de\/es\/\">Tienda en l\u00ednea<\/a><\/strong> o explore la completa <strong><a class=\"underline\" href=\"https:\/\/vozolpuff.de\/es\/product-category\/vozol-vape\/\">Gama de productos VOZOL VAPE<\/a><\/strong>. Encontrar\u00e1 todos los sabores disponibles en nuestra <strong><a class=\"underline\" href=\"https:\/\/vozolpuff.de\/es\/product-category\/vozol-vape\/vozol-rave-40000\/\">Colecci\u00f3n Vozol Rave 40000<\/a><\/strong>.<\/p>","protected":false},"excerpt":{"rendered":"<p>En <strong>VOZOL RAVE 40000 Strawberry Ice Cigarrillo electr\u00f3nico desechable<\/strong> Entusiasma con su dulce aroma a fresa y su refrescante componente fr\u00edo para hasta 40 000 caladas. Con 20 ml de e-l\u00edquido premium, bater\u00eda recargable de 1000 mAh e innovadora pantalla curva 3D con detecci\u00f3n de latidos de 270\u00b0. Modos de funcionamiento flexibles, vaporizador de malla de alta gama y procesamiento S.i.L.C Dual MCU. Contenido de nicotina: 5% (50 mg).<\/p>","protected":false},"featured_media":901,"comment_status":"open","ping_status":"closed","template":"","meta":{"_acf_changed":false},"product_brand":[],"product_cat":[32],"product_tag":[],"class_list":{"0":"post-898","1":"product","2":"type-product","3":"status-publish","4":"has-post-thumbnail","6":"product_cat-vozol-rave-40000","8":"first","9":"instock","10":"shipping-taxable","11":"purchasable","12":"product-type-variable"},"acf":[],"_links":{"self":[{"href":"https:\/\/vozolpuff.de\/es\/wp-json\/wp\/v2\/product\/898","targetHints":{"allow":["GET"]}}],"collection":[{"href":"https:\/\/vozolpuff.de\/es\/wp-json\/wp\/v2\/product"}],"about":[{"href":"https:\/\/vozolpuff.de\/es\/wp-json\/wp\/v2\/types\/product"}],"replies":[{"embeddable":true,"href":"https:\/\/vozolpuff.de\/es\/wp-json\/wp\/v2\/comments?post=898"}],"wp:featuredmedia":[{"embeddable":true,"href":"https:\/\/vozolpuff.de\/es\/wp-json\/wp\/v2\/media\/901"}],"wp:attachment":[{"href":"https:\/\/vozolpuff.de\/es\/wp-json\/wp\/v2\/media?parent=898"}],"wp:term":[{"taxonomy":"product_brand","embeddable":true,"href":"https:\/\/vozolpuff.de\/es\/wp-json\/wp\/v2\/product_brand?post=898"},{"taxonomy":"product_cat","embeddable":true,"href":"https:\/\/vozolpuff.de\/es\/wp-json\/wp\/v2\/product_cat?post=898"},{"taxonomy":"product_tag","embeddable":true,"href":"https:\/\/vozolpuff.de\/es\/wp-json\/wp\/v2\/product_tag?post=898"}],"curies":[{"name":"wp","href":"https:\/\/api.w.org\/{rel}","templated":true}]}}