{"id":903,"date":"2025-08-24T15:02:41","date_gmt":"2025-08-24T13:02:41","guid":{"rendered":"https:\/\/vozolpuff.de\/?post_type=product&#038;p=903"},"modified":"2026-01-15T11:55:07","modified_gmt":"2026-01-15T10:55:07","slug":"vozol-rave-40000-blueberry-ice","status":"publish","type":"product","link":"https:\/\/vozolpuff.de\/es\/producto\/vozol-rave-40000-blueberry-ice\/","title":{"rendered":"Vozol Rave 40000 Blueberry Ice"},"content":{"rendered":"<h2 class=\"text-xl font-bold text-text-100 mt-1 -mb-0.5\">Vozol Rave 40000 Blueberry Ice e-cigarrillo desechable<\/h2>\n<p class=\"whitespace-normal break-words\">En <strong>VOZOL RAVE 40000 caladas Blueberry Ice Vape<\/strong> convence con el sabor natural de los jugosos ar\u00e1ndanos combinado con una sensaci\u00f3n refrescante. Este e-cigarrillo desechable tecnol\u00f3gicamente avanzado ofrece una excepcional autonom\u00eda de 40.000 caladas gracias a su eficiente bater\u00eda de 1000mAh y su generoso llenado de l\u00edquido de 20mL. La espectacular pantalla con sensor de pulsaciones de 270\u00b0 con curvatura 3D y los modos de activaci\u00f3n dual crean una experiencia \u00fanica de enfriamiento con ar\u00e1ndanos.<\/p>\n<h3 class=\"text-lg font-bold text-text-100 mt-1 -mb-1.5\">VOZOL RAVE 40000 Blueberry Ice Datos t\u00e9cnicos:<\/h3>\n<p class=\"whitespace-normal break-words\"><strong>Contenido de e-l\u00edquido:<\/strong> 20 ml de aut\u00e9ntico sabor Blueberry Ice<br \/>\n<strong>Almacenamiento de energ\u00eda:<\/strong> 1000mAh con puerto de carga USB-C<br \/>\n<strong>Recuento por inhalaci\u00f3n:<\/strong> Aprox. 40.000 movimientos (est\u00e1ndar) | 25.000 movimientos (boost)<br \/>\n<strong>concentraci\u00f3n de nicotina:<\/strong> 5% (50mg) para corte far\u00edngeo prominente<br \/>\n<strong>Elemento calefactor:<\/strong> Sistema de bobina de malla para un rendimiento constante<br \/>\n<strong>Control de tiro:<\/strong> Control del flujo de aire personalizable<br \/>\n<strong>Pantalla de informaci\u00f3n:<\/strong> Sistema de control digital<br \/>\n<strong>Respuesta a golpes:<\/strong> Pantalla interactiva de 270<br \/>\n<strong>Nivel de rendimiento:<\/strong> Modo suave y modo de potencia<br \/>\n<strong>Control:<\/strong> Controlador MCU dual de S.i.L.C Tech<\/p>\n<h3 class=\"text-lg font-bold text-text-100 mt-1 -mb-1.5\">Descubre m\u00e1s VOZOL VAPE en vozolpuff<\/h3>\n<p class=\"whitespace-normal break-words\">Descubra m\u00e1s cigarrillos electr\u00f3nicos de alta calidad en nuestro <strong><a class=\"underline\" href=\"https:\/\/vozolpuff.de\/es\/\">Tienda en l\u00ednea<\/a><\/strong> o explore la completa <strong><a class=\"underline\" href=\"https:\/\/vozolpuff.de\/es\/product-category\/vozol-vape\/\">Gama de productos VOZOL VAPE<\/a><\/strong>. Encontrar\u00e1 todos los sabores disponibles en nuestra <strong><a class=\"underline\" href=\"https:\/\/vozolpuff.de\/es\/product-category\/vozol-vape\/vozol-rave-40000\/\">Colecci\u00f3n Vozol Rave 40000<\/a><\/strong>.<\/p>","protected":false},"excerpt":{"rendered":"<p>En <strong>VOZOL RAVE 40000 Blueberry Ice e-cigarrillo desechable<\/strong> impresiona con su sabor natural a ar\u00e1ndanos y su sensaci\u00f3n refrescante de hasta 40.000 caladas. Con llenado de l\u00edquido de 20mL, eficiente bater\u00eda USB-C de 1000mAh y espectacular pantalla con sensor de pulsaciones de 270\u00b0 con curvatura 3D. Modos de activaci\u00f3n dual, sistema de bobina de malla y controlador S.i.L.C Dual MCU. Concentraci\u00f3n de nicotina: 5% (50mg).<\/p>","protected":false},"featured_media":906,"comment_status":"open","ping_status":"closed","template":"","meta":{"_acf_changed":false},"product_brand":[],"product_cat":[32],"product_tag":[],"class_list":{"0":"post-903","1":"product","2":"type-product","3":"status-publish","4":"has-post-thumbnail","6":"product_cat-vozol-rave-40000","8":"first","9":"instock","10":"shipping-taxable","11":"purchasable","12":"product-type-variable"},"acf":[],"_links":{"self":[{"href":"https:\/\/vozolpuff.de\/es\/wp-json\/wp\/v2\/product\/903","targetHints":{"allow":["GET"]}}],"collection":[{"href":"https:\/\/vozolpuff.de\/es\/wp-json\/wp\/v2\/product"}],"about":[{"href":"https:\/\/vozolpuff.de\/es\/wp-json\/wp\/v2\/types\/product"}],"replies":[{"embeddable":true,"href":"https:\/\/vozolpuff.de\/es\/wp-json\/wp\/v2\/comments?post=903"}],"wp:featuredmedia":[{"embeddable":true,"href":"https:\/\/vozolpuff.de\/es\/wp-json\/wp\/v2\/media\/906"}],"wp:attachment":[{"href":"https:\/\/vozolpuff.de\/es\/wp-json\/wp\/v2\/media?parent=903"}],"wp:term":[{"taxonomy":"product_brand","embeddable":true,"href":"https:\/\/vozolpuff.de\/es\/wp-json\/wp\/v2\/product_brand?post=903"},{"taxonomy":"product_cat","embeddable":true,"href":"https:\/\/vozolpuff.de\/es\/wp-json\/wp\/v2\/product_cat?post=903"},{"taxonomy":"product_tag","embeddable":true,"href":"https:\/\/vozolpuff.de\/es\/wp-json\/wp\/v2\/product_tag?post=903"}],"curies":[{"name":"wp","href":"https:\/\/api.w.org\/{rel}","templated":true}]}}