{"id":908,"date":"2025-08-24T15:05:37","date_gmt":"2025-08-24T13:05:37","guid":{"rendered":"https:\/\/vozolpuff.de\/?post_type=product&#038;p=908"},"modified":"2026-01-15T11:54:55","modified_gmt":"2026-01-15T10:54:55","slug":"vozol-rave-40000-blueberry-watermelon","status":"publish","type":"product","link":"https:\/\/vozolpuff.de\/es\/producto\/vozol-rave-40000-blueberry-watermelon\/","title":{"rendered":"Vozol Rave 40000 Ar\u00e1ndano Sand\u00eda"},"content":{"rendered":"<h2 class=\"text-xl font-bold text-text-100 mt-1 -mb-0.5\">e-cigarrillo desechable Vozol Rave 40000 Blueberry Watermelon<\/h2>\n<p class=\"whitespace-normal break-words\">En <strong>VOZOL RAVE 40000 Puffs Ar\u00e1ndano Sand\u00eda Desechables<\/strong> combina la dulzura de los ar\u00e1ndanos maduros con la jugosidad refrescante de la sand\u00eda para crear una composici\u00f3n frutal perfecta. Este innovador vapeador desechable ofrece la incre\u00edble cifra de 40.000 caladas y cuenta con una robusta bater\u00eda recargable de 1.000 mAh. La revolucionaria tecnolog\u00eda de detecci\u00f3n del ritmo en 270\u00b0 con pantalla 3D curva y los modos de vapor variables garantizan una aut\u00e9ntica experiencia de ar\u00e1ndanos y sand\u00eda.<\/p>\n<h3 class=\"text-lg font-bold text-text-100 mt-1 -mb-1.5\">VOZOL RAVE 40000 Ar\u00e1ndano Sand\u00eda Especificaci\u00f3n:<\/h3>\n<p class=\"whitespace-normal break-words\"><strong>Cantidad de relleno:<\/strong> 20mL E-l\u00edquido afrutado Blueberry Watermelon<br \/>\n<strong>Fuente de alimentaci\u00f3n:<\/strong> Bater\u00eda de litio de 1000 mAh con puerto Type-C<br \/>\n<strong>Ciclos de vapor:<\/strong> M\u00e1ximo 40.000 movimientos (normal) | 25.000 movimientos (intensivo)<br \/>\n<strong>Contenido de nicotina:<\/strong> 5% (50mg) para un potente golpe de garganta<br \/>\n<strong>N\u00facleo del vaporizador:<\/strong> Tecnolog\u00eda de bobina de malla para un sabor \u00f3ptimo<br \/>\n<strong>Control de trenes:<\/strong> Flujo de aire ajustable seg\u00fan las necesidades<br \/>\n<strong>Indicaci\u00f3n de estado:<\/strong> LCD inteligente para todos los par\u00e1metros<br \/>\n<strong>Retroalimentaci\u00f3n del sensor:<\/strong> Detecci\u00f3n de latido en 270\u00b0 con respuesta en tiempo real<br \/>\n<strong>Perfiles de vapor:<\/strong> Perfil suave y perfil fuerte seleccionables<br \/>\n<strong>Microprocesador:<\/strong> Unidades MCU duales de S.i.L.C Tech<\/p>\n<h3 class=\"text-lg font-bold text-text-100 mt-1 -mb-1.5\">Descubre m\u00e1s VOZOL VAPE en vozolpuff<\/h3>\n<p class=\"whitespace-normal break-words\">Descubra m\u00e1s cigarrillos electr\u00f3nicos de alta calidad en nuestro <strong><a class=\"underline\" href=\"https:\/\/vozolpuff.de\/es\/\">Tienda en l\u00ednea<\/a><\/strong> o explore la completa <strong><a class=\"underline\" href=\"https:\/\/vozolpuff.de\/es\/product-category\/vozol-vape\/\">Gama de productos VOZOL VAPE<\/a><\/strong>. Encontrar\u00e1 todos los sabores disponibles en nuestra <strong><a class=\"underline\" href=\"https:\/\/vozolpuff.de\/es\/product-category\/vozol-vape\/vozol-rave-40000\/\">Colecci\u00f3n Vozol Rave 40000<\/a><\/strong>.<\/p>","protected":false},"excerpt":{"rendered":"<p>En <strong>VOZOL RAVE 40000 e-cigarrillo desechable Blueberry Watermelon<\/strong> combina dulces ar\u00e1ndanos con refrescante sand\u00eda para crear una composici\u00f3n frutal perfecta para hasta 40.000 caladas. Con 20mL de e-l\u00edquido, robusta bater\u00eda recargable de 1000mAh y revolucionaria tecnolog\u00eda de detecci\u00f3n de pulsaciones de 270\u00b0 con pantalla 3D. Modos de vapor variables, tecnolog\u00eda de bobina de malla y unidades MCU duales S.i.L.C. Contenido de nicotina: 5% (50mg).<\/p>","protected":false},"featured_media":911,"comment_status":"open","ping_status":"closed","template":"","meta":{"_acf_changed":false},"product_brand":[],"product_cat":[32],"product_tag":[],"class_list":{"0":"post-908","1":"product","2":"type-product","3":"status-publish","4":"has-post-thumbnail","6":"product_cat-vozol-rave-40000","8":"first","9":"instock","10":"shipping-taxable","11":"purchasable","12":"product-type-variable"},"acf":[],"_links":{"self":[{"href":"https:\/\/vozolpuff.de\/es\/wp-json\/wp\/v2\/product\/908","targetHints":{"allow":["GET"]}}],"collection":[{"href":"https:\/\/vozolpuff.de\/es\/wp-json\/wp\/v2\/product"}],"about":[{"href":"https:\/\/vozolpuff.de\/es\/wp-json\/wp\/v2\/types\/product"}],"replies":[{"embeddable":true,"href":"https:\/\/vozolpuff.de\/es\/wp-json\/wp\/v2\/comments?post=908"}],"wp:featuredmedia":[{"embeddable":true,"href":"https:\/\/vozolpuff.de\/es\/wp-json\/wp\/v2\/media\/911"}],"wp:attachment":[{"href":"https:\/\/vozolpuff.de\/es\/wp-json\/wp\/v2\/media?parent=908"}],"wp:term":[{"taxonomy":"product_brand","embeddable":true,"href":"https:\/\/vozolpuff.de\/es\/wp-json\/wp\/v2\/product_brand?post=908"},{"taxonomy":"product_cat","embeddable":true,"href":"https:\/\/vozolpuff.de\/es\/wp-json\/wp\/v2\/product_cat?post=908"},{"taxonomy":"product_tag","embeddable":true,"href":"https:\/\/vozolpuff.de\/es\/wp-json\/wp\/v2\/product_tag?post=908"}],"curies":[{"name":"wp","href":"https:\/\/api.w.org\/{rel}","templated":true}]}}