{"id":913,"date":"2025-08-24T15:08:26","date_gmt":"2025-08-24T13:08:26","guid":{"rendered":"https:\/\/vozolpuff.de\/?post_type=product&#038;p=913"},"modified":"2026-01-15T11:54:43","modified_gmt":"2026-01-15T10:54:43","slug":"vozol-rave-40000-mango-peach","status":"publish","type":"product","link":"https:\/\/vozolpuff.de\/es\/producto\/vozol-rave-40000-mango-peach\/","title":{"rendered":"Vozol Rave 40000 Mango Melocot\u00f3n"},"content":{"rendered":"<h2 class=\"text-xl font-bold text-text-100 mt-1 -mb-0.5\">Vozol Rave 40000 Mango Peach Cigarrillo electr\u00f3nico desechable<\/h2>\n<p class=\"whitespace-normal break-words\">En <strong>VOZOL RAVE 40000 caladas Mango Peach Vape<\/strong> Combina la dulzura tropical del mango con la suavidad aterciopelada de los melocotones maduros para crear una experiencia de sabor ex\u00f3tica. Este cigarrillo electr\u00f3nico desechable de primera calidad impresiona con sus sensacionales 40 000 caladas y una potente bater\u00eda de 1000 mAh para semanas de uso. La futurista pantalla Beat-Sensing de 270\u00b0 con superficie 3D y los modos de encendido inteligentes ofrecen un placer de vapeo de mango y melocot\u00f3n de primera clase sin concesiones.<\/p>\n<h3 class=\"text-lg font-bold text-text-100 mt-1 -mb-1.5\">VOZOL RAVE 40000 Mango Peach Caracter\u00edsticas del producto:<\/h3>\n<p class=\"whitespace-normal break-words\"><strong>Capacidad del dep\u00f3sito:<\/strong> 20 ml de l\u00edquido tropical de mango y melocot\u00f3n<br \/>\n<strong>Sistema de bater\u00edas:<\/strong> 1000 mAh con carga r\u00e1pida USB-C<br \/>\n<strong>Rendimiento del puff:<\/strong> Aproximadamente 40 000 movimientos (modo f\u00e1cil) | 25 000 movimientos (modo poder)<br \/>\n<strong>Dosis de nicotina:<\/strong> 5% (50 mg) para golpes intensos en la laringe<br \/>\n<strong>Bobina calefactora:<\/strong> Bobinas de malla avanzadas para una reproducci\u00f3n pura del sabor<br \/>\n<strong>Ajuste de la corriente de aire:<\/strong> Flujo de aire flexible para una calada personalizada<br \/>\n<strong>Interfaz inteligente:<\/strong> Supervisi\u00f3n digital del estado de todas las funciones<br \/>\n<strong>Sistema Beat:<\/strong> Pantalla con respuesta din\u00e1mica de 270\u00b0<br \/>\n<strong>Modos de activaci\u00f3n:<\/strong> Moda c\u00f3moda y de alto rendimiento<br \/>\n<strong>Potencia de la CPU:<\/strong> Arquitectura MCU dual con tecnolog\u00eda S.i.L.C Tech<\/p>\n<h3 class=\"text-lg font-bold text-text-100 mt-1 -mb-1.5\">Descubre m\u00e1s VOZOL VAPE en vozolpuff<\/h3>\n<p class=\"whitespace-normal break-words\">Descubra m\u00e1s cigarrillos electr\u00f3nicos de alta calidad en nuestro <strong><a class=\"underline\" href=\"https:\/\/vozolpuff.de\/es\/\">Tienda en l\u00ednea<\/a><\/strong> o explore la completa <strong><a class=\"underline\" href=\"https:\/\/vozolpuff.de\/es\/product-category\/vozol-vape\/\">Gama de productos VOZOL VAPE<\/a><\/strong>. Encontrar\u00e1 todos los sabores disponibles en nuestra <strong><a class=\"underline\" href=\"https:\/\/vozolpuff.de\/es\/product-category\/vozol-vape\/vozol-rave-40000\/\">Colecci\u00f3n Vozol Rave 40000<\/a><\/strong>.<\/p>","protected":false},"excerpt":{"rendered":"<p>En <strong>VOZOL RAVE 40000 Mango Peach Cigarrillo electr\u00f3nico desechable<\/strong> Combina la dulzura tropical del mango con la suavidad aterciopelada del melocot\u00f3n para crear una experiencia de sabor ex\u00f3tica con hasta 40 000 caladas. Con 20 ml de capacidad de l\u00edquido, una potente bater\u00eda USB-C de 1000 mAh y una pantalla futurista de 270\u00b0 con detecci\u00f3n de latidos y superficie 3D. Modos de encendido inteligentes, bobinas de malla avanzadas y arquitectura S.i.L.C Dual MCU. Dosis de nicotina: 5% (50 mg).<\/p>","protected":false},"featured_media":916,"comment_status":"open","ping_status":"closed","template":"","meta":{"_acf_changed":false},"product_brand":[],"product_cat":[32],"product_tag":[],"class_list":{"0":"post-913","1":"product","2":"type-product","3":"status-publish","4":"has-post-thumbnail","6":"product_cat-vozol-rave-40000","8":"first","9":"instock","10":"shipping-taxable","11":"purchasable","12":"product-type-variable"},"acf":[],"_links":{"self":[{"href":"https:\/\/vozolpuff.de\/es\/wp-json\/wp\/v2\/product\/913","targetHints":{"allow":["GET"]}}],"collection":[{"href":"https:\/\/vozolpuff.de\/es\/wp-json\/wp\/v2\/product"}],"about":[{"href":"https:\/\/vozolpuff.de\/es\/wp-json\/wp\/v2\/types\/product"}],"replies":[{"embeddable":true,"href":"https:\/\/vozolpuff.de\/es\/wp-json\/wp\/v2\/comments?post=913"}],"wp:featuredmedia":[{"embeddable":true,"href":"https:\/\/vozolpuff.de\/es\/wp-json\/wp\/v2\/media\/916"}],"wp:attachment":[{"href":"https:\/\/vozolpuff.de\/es\/wp-json\/wp\/v2\/media?parent=913"}],"wp:term":[{"taxonomy":"product_brand","embeddable":true,"href":"https:\/\/vozolpuff.de\/es\/wp-json\/wp\/v2\/product_brand?post=913"},{"taxonomy":"product_cat","embeddable":true,"href":"https:\/\/vozolpuff.de\/es\/wp-json\/wp\/v2\/product_cat?post=913"},{"taxonomy":"product_tag","embeddable":true,"href":"https:\/\/vozolpuff.de\/es\/wp-json\/wp\/v2\/product_tag?post=913"}],"curies":[{"name":"wp","href":"https:\/\/api.w.org\/{rel}","templated":true}]}}