{"id":918,"date":"2025-08-24T15:11:26","date_gmt":"2025-08-24T13:11:26","guid":{"rendered":"https:\/\/vozolpuff.de\/?post_type=product&#038;p=918"},"modified":"2026-01-15T11:54:31","modified_gmt":"2026-01-15T10:54:31","slug":"vozol-rave-40000-strawberry-watermelon","status":"publish","type":"product","link":"https:\/\/vozolpuff.de\/es\/producto\/vozol-rave-40000-strawberry-watermelon\/","title":{"rendered":"Vozol Rave 40000 Fresa Sand\u00eda"},"content":{"rendered":"<h2 class=\"text-xl font-bold text-text-100 mt-1 -mb-0.5\">Vozol Rave 40000 Sand\u00eda fresa e-cigarrillo desechable<\/h2>\n<p class=\"whitespace-normal break-words\">En <strong>VOZOL RAVE 40000 Puffs Sand\u00eda Fresa Desechables<\/strong> presenta una armoniosa fusi\u00f3n de dulces fresas y jugosa sand\u00eda para una experiencia de vapor veraniega. Con su excepcional rendimiento de 40.000 caladas y su potente bater\u00eda recargable de 1.000 mAh, este cigarrillo electr\u00f3nico redefine la longevidad. La innovadora pantalla curva 3D con reconocimiento de pulsaciones en 270\u00b0 y los modos de funcionamiento adaptables garantizan una experiencia incomparable de sabor a Fresa y Sand\u00eda.<\/p>\n<h3 class=\"text-lg font-bold text-text-100 mt-1 -mb-1.5\">VOZOL RAVE 40000 Fresa Sand\u00eda Detalles:<\/h3>\n<p class=\"whitespace-normal break-words\"><strong>Dep\u00f3sito de l\u00edquido:<\/strong> 20 ml de mezcla afrutada de fresa y sand\u00eda<br \/>\n<strong>Unidad de potencia:<\/strong> 1000mAh Li-Ion con puerto de carga r\u00e1pida Type-C<br \/>\n<strong>Capacidad de inhalaci\u00f3n:<\/strong> Hasta 40.000 trenes (funcionamiento normal) | 25.000 trenes (funcionamiento turbo)<br \/>\n<strong>Potencia de nicotina:<\/strong> 5% (50mg) para un golpe de garganta pronunciado<br \/>\n<strong>Dise\u00f1o de la bobina:<\/strong> Tecnolog\u00eda de malla de precisi\u00f3n para sabores aut\u00e9nticos<br \/>\n<strong>Control de flujo:<\/strong> Regulaci\u00f3n continua del caudal de aire<br \/>\n<strong>Display-Tech:<\/strong> Pantalla inteligente para supervisar el sistema<br \/>\n<strong>Sensaci\u00f3n de latido:<\/strong> Reacci\u00f3n interactiva de 270<br \/>\n<strong>Ajustes de vapor:<\/strong> Ajuste suave y ajuste intenso<br \/>\n<strong>Fichas de control:<\/strong> Procesamiento MCU dual de S.i.L.C Tech<\/p>\n<h3 class=\"text-lg font-bold text-text-100 mt-1 -mb-1.5\">Descubre m\u00e1s VOZOL VAPE en vozolpuff<\/h3>\n<p class=\"whitespace-normal break-words\">Descubra m\u00e1s cigarrillos electr\u00f3nicos de alta calidad en nuestro <strong><a class=\"underline\" href=\"https:\/\/vozolpuff.de\/es\/\">Tienda en l\u00ednea<\/a><\/strong> o explore la completa <strong><a class=\"underline\" href=\"https:\/\/vozolpuff.de\/es\/product-category\/vozol-vape\/\">Gama de productos VOZOL VAPE<\/a><\/strong>. Encontrar\u00e1 todos los sabores disponibles en nuestra <strong><a class=\"underline\" href=\"https:\/\/vozolpuff.de\/es\/product-category\/vozol-vape\/vozol-rave-40000\/\">Colecci\u00f3n Vozol Rave 40000<\/a><\/strong>.<\/p>","protected":false},"excerpt":{"rendered":"<p>En <strong>VOZOL RAVE 40000 Sand\u00eda fresa e-cigarrillo desechable<\/strong> presenta una armoniosa fusi\u00f3n de dulces fresas y jugosa sand\u00eda para una experiencia de vapor veraniega con hasta 40.000 caladas. Con una potente bater\u00eda Li-Ion recargable de 1000mAh, dep\u00f3sito de l\u00edquido de 20mL y una innovadora pantalla curvada 3D con reconocimiento de pulsaciones de 270\u00b0. Modos de funcionamiento adaptativos, tecnolog\u00eda Precision Mesh y procesamiento S.i.L.C Dual MCU. Potencia de nicotina: 5% (50mg).<\/p>","protected":false},"featured_media":921,"comment_status":"open","ping_status":"closed","template":"","meta":{"_acf_changed":false},"product_brand":[],"product_cat":[32],"product_tag":[],"class_list":{"0":"post-918","1":"product","2":"type-product","3":"status-publish","4":"has-post-thumbnail","6":"product_cat-vozol-rave-40000","8":"first","9":"instock","10":"shipping-taxable","11":"purchasable","12":"product-type-variable"},"acf":[],"_links":{"self":[{"href":"https:\/\/vozolpuff.de\/es\/wp-json\/wp\/v2\/product\/918","targetHints":{"allow":["GET"]}}],"collection":[{"href":"https:\/\/vozolpuff.de\/es\/wp-json\/wp\/v2\/product"}],"about":[{"href":"https:\/\/vozolpuff.de\/es\/wp-json\/wp\/v2\/types\/product"}],"replies":[{"embeddable":true,"href":"https:\/\/vozolpuff.de\/es\/wp-json\/wp\/v2\/comments?post=918"}],"wp:featuredmedia":[{"embeddable":true,"href":"https:\/\/vozolpuff.de\/es\/wp-json\/wp\/v2\/media\/921"}],"wp:attachment":[{"href":"https:\/\/vozolpuff.de\/es\/wp-json\/wp\/v2\/media?parent=918"}],"wp:term":[{"taxonomy":"product_brand","embeddable":true,"href":"https:\/\/vozolpuff.de\/es\/wp-json\/wp\/v2\/product_brand?post=918"},{"taxonomy":"product_cat","embeddable":true,"href":"https:\/\/vozolpuff.de\/es\/wp-json\/wp\/v2\/product_cat?post=918"},{"taxonomy":"product_tag","embeddable":true,"href":"https:\/\/vozolpuff.de\/es\/wp-json\/wp\/v2\/product_tag?post=918"}],"curies":[{"name":"wp","href":"https:\/\/api.w.org\/{rel}","templated":true}]}}