{"id":923,"date":"2025-08-24T15:14:08","date_gmt":"2025-08-24T13:14:08","guid":{"rendered":"https:\/\/vozolpuff.de\/?post_type=product&#038;p=923"},"modified":"2026-01-15T11:54:19","modified_gmt":"2026-01-15T10:54:19","slug":"vozol-rave-40000-cool-mint","status":"publish","type":"product","link":"https:\/\/vozolpuff.de\/es\/producto\/vozol-rave-40000-cool-mint\/","title":{"rendered":"Vozol Rave 40000 Cool Mint"},"content":{"rendered":"<h2 class=\"text-xl font-bold text-text-100 mt-1 -mb-0.5\">Vozol Rave 40000 Cool Mint Cigarrillo electr\u00f3nico desechable<\/h2>\n<p class=\"whitespace-normal break-words\">En <strong>VOZOL RAVE 40000 caladas Cool Mint Vape<\/strong> Ofrece una experiencia cl\u00e1sica y refrescante de menta con un intenso enfriamiento para todos los amantes de los sabores claros. Este cigarrillo electr\u00f3nico desechable de alta calidad destaca por sus impresionantes 40 000 caladas y una bater\u00eda fiable de 1000 mAh para una m\u00e1xima autonom\u00eda. La espectacular pantalla Beat Sensing de 270\u00b0 con tecnolog\u00eda 3D y los dos modos de activaci\u00f3n crean una experiencia de vapeo Cool Mint perfecta con una claridad refrescante.<\/p>\n<h3 class=\"text-lg font-bold text-text-100 mt-1 -mb-1.5\">VOZOL RAVE 40000 Cool Mint Caracter\u00edsticas:<\/h3>\n<p class=\"whitespace-normal break-words\"><strong>Volumen de e-l\u00edquido:<\/strong> 20 ml de aroma intenso a menta fresca<br \/>\n<strong>Rendimiento de la bater\u00eda:<\/strong> 1000 mAh con funci\u00f3n de carga USB tipo C<br \/>\n<strong>Alcance de los trenes:<\/strong> Aproximadamente 40 000 caladas (modo est\u00e1ndar) | 25 000 caladas (modo boost)<br \/>\n<strong>Nivel de nicotina:<\/strong> 5% (50 mg) para un potente efecto en la garganta<br \/>\n<strong>Tecnolog\u00eda de vaporizador:<\/strong> Bobinas de malla de alto rendimiento<br \/>\n<strong>Gesti\u00f3n del flujo de aire:<\/strong> Circulaci\u00f3n de aire ajustable con precisi\u00f3n<br \/>\n<strong>Pantalla de control:<\/strong> Interfaz digital para todos los datos operativos<br \/>\n<strong>Reconocimiento de ritmo:<\/strong> Tecnolog\u00eda de respuesta sensible de 270\u00b0<br \/>\n<strong>Modos de vapeo:<\/strong> Disponible vapeo suave y vapeo potente<br \/>\n<strong>Electr\u00f3nica:<\/strong> Sistema MCU dual de S.i.L.C Tech<\/p>\n<h3 class=\"text-lg font-bold text-text-100 mt-1 -mb-1.5\">Descubre m\u00e1s VOZOL VAPE en vozolpuff<\/h3>\n<p class=\"whitespace-normal break-words\">Descubra m\u00e1s cigarrillos electr\u00f3nicos de alta calidad en nuestro <strong><a class=\"underline\" href=\"https:\/\/vozolpuff.de\/es\/\">Tienda en l\u00ednea<\/a><\/strong> o explore la completa <strong><a class=\"underline\" href=\"https:\/\/vozolpuff.de\/es\/product-category\/vozol-vape\/\">Gama de productos VOZOL VAPE<\/a><\/strong>. Encontrar\u00e1 todos los sabores disponibles en nuestra <strong><a class=\"underline\" href=\"https:\/\/vozolpuff.de\/es\/product-category\/vozol-vape\/vozol-rave-40000\/\">Colecci\u00f3n Vozol Rave 40000<\/a><\/strong>.<\/p>","protected":false},"excerpt":{"rendered":"<p>En <strong>VOZOL RAVE 40000 Cool Mint Cigarrillo electr\u00f3nico desechable<\/strong> Ofrece una experiencia cl\u00e1sica y refrescante de menta con un enfriamiento intenso para hasta 40 000 caladas. Con una bater\u00eda USB tipo C de 1000 mAh de gran fiabilidad, 20 ml de aroma Cool Mint y una espectacular pantalla Beat-Sensing de 270\u00b0 con tecnolog\u00eda 3D. Modos de activaci\u00f3n duales, bobinas de malla de alto rendimiento y sistema S.i.L.C Dual MCU. Nivel de nicotina: 5% (50 mg).<\/p>","protected":false},"featured_media":926,"comment_status":"open","ping_status":"closed","template":"","meta":{"_acf_changed":false},"product_brand":[],"product_cat":[32],"product_tag":[],"class_list":{"0":"post-923","1":"product","2":"type-product","3":"status-publish","4":"has-post-thumbnail","6":"product_cat-vozol-rave-40000","8":"first","9":"instock","10":"shipping-taxable","11":"purchasable","12":"product-type-variable"},"acf":[],"_links":{"self":[{"href":"https:\/\/vozolpuff.de\/es\/wp-json\/wp\/v2\/product\/923","targetHints":{"allow":["GET"]}}],"collection":[{"href":"https:\/\/vozolpuff.de\/es\/wp-json\/wp\/v2\/product"}],"about":[{"href":"https:\/\/vozolpuff.de\/es\/wp-json\/wp\/v2\/types\/product"}],"replies":[{"embeddable":true,"href":"https:\/\/vozolpuff.de\/es\/wp-json\/wp\/v2\/comments?post=923"}],"wp:featuredmedia":[{"embeddable":true,"href":"https:\/\/vozolpuff.de\/es\/wp-json\/wp\/v2\/media\/926"}],"wp:attachment":[{"href":"https:\/\/vozolpuff.de\/es\/wp-json\/wp\/v2\/media?parent=923"}],"wp:term":[{"taxonomy":"product_brand","embeddable":true,"href":"https:\/\/vozolpuff.de\/es\/wp-json\/wp\/v2\/product_brand?post=923"},{"taxonomy":"product_cat","embeddable":true,"href":"https:\/\/vozolpuff.de\/es\/wp-json\/wp\/v2\/product_cat?post=923"},{"taxonomy":"product_tag","embeddable":true,"href":"https:\/\/vozolpuff.de\/es\/wp-json\/wp\/v2\/product_tag?post=923"}],"curies":[{"name":"wp","href":"https:\/\/api.w.org\/{rel}","templated":true}]}}