{"id":938,"date":"2025-08-24T15:38:54","date_gmt":"2025-08-24T13:38:54","guid":{"rendered":"https:\/\/vozolpuff.de\/?post_type=product&#038;p=938"},"modified":"2026-01-15T11:53:38","modified_gmt":"2026-01-15T10:53:38","slug":"vozol-rave-40000-strawberry-mango","status":"publish","type":"product","link":"https:\/\/vozolpuff.de\/es\/producto\/vozol-rave-40000-strawberry-mango\/","title":{"rendered":"Vozol Rave 40000 Fresa Mango"},"content":{"rendered":"<h2 class=\"text-xl font-bold text-text-100 mt-1 -mb-0.5\">Vozol Rave 40000 Strawberry Mango Cigarrillo electr\u00f3nico desechable<\/h2>\n<p class=\"whitespace-normal break-words\">El VOZOL RAVE 40000 Strawberry Mango combina la dulzura tropical del mango con jugosas fresas para crear una experiencia de sabor irresistible. Este vape desechable de \u00faltima generaci\u00f3n impresiona con su impresionante n\u00famero de caladas, 40 000, y su avanzada tecnolog\u00eda S.i.L.C. La bater\u00eda de 1000 mAh con funci\u00f3n de carga USB-C garantiza un rendimiento fiable, mientras que la pantalla inteligente Beat-Sensing de 270\u00b0 proporciona informaci\u00f3n continua. Dos modos de vapor diferentes permiten una personalizaci\u00f3n individual seg\u00fan sus preferencias.<\/p>\n<h3 class=\"text-lg font-bold text-text-100 mt-1 -mb-1.5\">Especificaciones de la edici\u00f3n Strawberry Mango:<\/h3>\n<p class=\"whitespace-normal break-words\"><strong>Capacidad de l\u00edquido:<\/strong> 20 ml de e-l\u00edquido afrutado de fresa y mango<br \/>\n<strong>Alimentaci\u00f3n por bater\u00eda:<\/strong> 1000 mAh recargable con conexi\u00f3n tipo C<br \/>\n<strong>Recuento de puff:<\/strong> M\u00e1ximo 40 000 movimientos (normal) | 25 000 movimientos (modo intensivo)<br \/>\n<strong>Potencia de nicotina:<\/strong> 5% (50 mg) para un potente golpe en la garganta<br \/>\n<strong>Tipo de vaporizador:<\/strong> Tecnolog\u00eda Premium Mesh Coil<br \/>\n<strong>Resistencia al tiro:<\/strong> Control de flujo de aire ajustable<br \/>\n<strong>Funci\u00f3n de visualizaci\u00f3n:<\/strong> Bater\u00eda digital y pantalla l\u00edquida<br \/>\n<strong>Pantalla del sensor:<\/strong> Detecci\u00f3n de ritmo de 270\u00b0 con retroalimentaci\u00f3n en directo<br \/>\n<strong>Modos de funcionamiento:<\/strong> Modo normal y modo de potencia de sobrecarga<br \/>\n<strong>Unidad procesadora:<\/strong> Chips MCU duales de S.i.L.C Tech<\/p>\n<h3 class=\"text-lg font-bold text-text-100 mt-1 -mb-1.5\">Descubre m\u00e1s VOZOL VAPE en vozolpuff<\/h3>\n<p class=\"whitespace-normal break-words\">M\u00e1s informaci\u00f3n <strong><a class=\"underline\" href=\"https:\/\/vozolpuff.de\/es\/\">Productos VOZOL<\/a><\/strong> en nuestro surtido o navegue por nuestra gama completa de <strong><a class=\"underline\" href=\"https:\/\/vozolpuff.de\/es\/product-category\/vozol-vape\/\">VOZOL VAPE Categor\u00eda<\/a><\/strong>. Encontrar\u00e1 todos los sabores disponibles en nuestra <strong><a class=\"underline\" href=\"https:\/\/vozolpuff.de\/es\/product-category\/vozol-vape\/vozol-rave-40000\/\">Colecci\u00f3n Vozol Rave 40000<\/a><\/strong>.<\/p>","protected":false},"excerpt":{"rendered":"<p>En <strong>VOZOL RAVE 40000 Strawberry Mango Cigarrillo electr\u00f3nico desechable<\/strong> Combina la dulzura tropical del mango con jugosas fresas para crear una experiencia de sabor irresistible con hasta 40 000 caladas. Con bater\u00eda recargable tipo C de 1000 mAh, 20 ml de e-l\u00edquido afrutado y pantalla inteligente con detecci\u00f3n de latidos de 270\u00b0. Dos modos de vapor, tecnolog\u00eda de bobina de malla premium y chips S.i.L.C Dual MCU. Concentraci\u00f3n de nicotina: 5% (50 mg).<\/p>","protected":false},"featured_media":941,"comment_status":"open","ping_status":"closed","template":"","meta":{"_acf_changed":false},"product_brand":[],"product_cat":[32],"product_tag":[],"class_list":{"0":"post-938","1":"product","2":"type-product","3":"status-publish","4":"has-post-thumbnail","6":"product_cat-vozol-rave-40000","8":"first","9":"instock","10":"shipping-taxable","11":"purchasable","12":"product-type-variable"},"acf":[],"_links":{"self":[{"href":"https:\/\/vozolpuff.de\/es\/wp-json\/wp\/v2\/product\/938","targetHints":{"allow":["GET"]}}],"collection":[{"href":"https:\/\/vozolpuff.de\/es\/wp-json\/wp\/v2\/product"}],"about":[{"href":"https:\/\/vozolpuff.de\/es\/wp-json\/wp\/v2\/types\/product"}],"replies":[{"embeddable":true,"href":"https:\/\/vozolpuff.de\/es\/wp-json\/wp\/v2\/comments?post=938"}],"wp:featuredmedia":[{"embeddable":true,"href":"https:\/\/vozolpuff.de\/es\/wp-json\/wp\/v2\/media\/941"}],"wp:attachment":[{"href":"https:\/\/vozolpuff.de\/es\/wp-json\/wp\/v2\/media?parent=938"}],"wp:term":[{"taxonomy":"product_brand","embeddable":true,"href":"https:\/\/vozolpuff.de\/es\/wp-json\/wp\/v2\/product_brand?post=938"},{"taxonomy":"product_cat","embeddable":true,"href":"https:\/\/vozolpuff.de\/es\/wp-json\/wp\/v2\/product_cat?post=938"},{"taxonomy":"product_tag","embeddable":true,"href":"https:\/\/vozolpuff.de\/es\/wp-json\/wp\/v2\/product_tag?post=938"}],"curies":[{"name":"wp","href":"https:\/\/api.w.org\/{rel}","templated":true}]}}