{"id":948,"date":"2025-08-24T15:44:49","date_gmt":"2025-08-24T13:44:49","guid":{"rendered":"https:\/\/vozolpuff.de\/?post_type=product&#038;p=948"},"modified":"2026-01-15T11:53:14","modified_gmt":"2026-01-15T10:53:14","slug":"vozol-rave-40000-double-apple","status":"publish","type":"product","link":"https:\/\/vozolpuff.de\/es\/producto\/vozol-rave-40000-double-apple\/","title":{"rendered":"Vozol Rave 40000 Doble Manzana"},"content":{"rendered":"<h2 class=\"text-xl font-bold text-text-100 mt-1 -mb-0.5\">Vozol Rave 40000 Doble Manzana e-cigarrillo desechable<\/h2>\n<p class=\"whitespace-normal break-words\">Sum\u00e9rgete en el cl\u00e1sico sabor a manzana doble con el VOZOL RAVE 40000 Double Apple Vape Desechable. Este e-cigarrillo desechable premium combina notas de manzana verde y roja para crear un perfil de sabor armonioso que har\u00e1 las delicias de tradicionalistas y novatos por igual. Con la revolucionaria tecnolog\u00eda de detecci\u00f3n de ritmo de 270\u00b0 y dos modos de disparo diferentes, cada calada es una experiencia personalizada. La robusta bater\u00eda de 1000mAh garantiza un rendimiento duradero durante toda la vida \u00fatil de 40.000 caladas.<\/p>\n<h3 class=\"text-lg font-bold text-text-100 mt-1 -mb-1.5\">Caracter\u00edsticas especiales de Double Apple:<\/h3>\n<p class=\"whitespace-normal break-words\"><strong>Volumen de sabor:<\/strong> L\u00edquido doble manzana aut\u00e9ntico de 20 ml<br \/>\n<strong>Fuente de alimentaci\u00f3n:<\/strong> Bater\u00eda de alto rendimiento de 1000 mAh con puerto USB-C<br \/>\n<strong>Capacidad de vapeo:<\/strong> M\u00e1ximo 40.000 caladas (modo Eco) | 25.000 caladas (modo Turbo)<br \/>\n<strong>Nivel de nicotina:<\/strong> 5% (50 mg) para disfrutar con cuerpo<br \/>\n<strong>Innovaci\u00f3n en bobinas:<\/strong> Elemento calefactor de malla para sabores puros<br \/>\n<strong>Ajuste de caudal:<\/strong> Calado ajustable con precisi\u00f3n<br \/>\n<strong>Monitor de estado:<\/strong> Pantalla LED para toda la informaci\u00f3n importante<br \/>\n<strong>Tecnolog\u00eda de sensores:<\/strong> Detecci\u00f3n de latido en 270\u00b0 con visualizaci\u00f3n din\u00e1mica<br \/>\n<strong>Modos de vapeo:<\/strong> Ajustes Eco y Turbo disponibles<br \/>\n<strong>Unidad de procesamiento:<\/strong> Innovadora arquitectura de doble chip S.i.L.C Tech<\/p>\n<h3 class=\"text-lg font-bold text-text-100 mt-1 -mb-1.5\">Descubre m\u00e1s VOZOL VAPE en vozolpuff<\/h3>\n<p class=\"whitespace-normal break-words\">M\u00e1s informaci\u00f3n <strong><a class=\"underline\" href=\"https:\/\/vozolpuff.de\/es\/\">Productos VOZOL<\/a><\/strong> en nuestro surtido o navegue por nuestra gama completa de <strong><a class=\"underline\" href=\"https:\/\/vozolpuff.de\/es\/product-category\/vozol-vape\/\">VOZOL VAPE Categor\u00eda<\/a><\/strong>. Encontrar\u00e1 todos los sabores disponibles en nuestra <strong><a class=\"underline\" href=\"https:\/\/vozolpuff.de\/es\/product-category\/vozol-vape\/vozol-rave-40000\/\">Colecci\u00f3n Vozol Rave 40000<\/a><\/strong>.<\/p>","protected":false},"excerpt":{"rendered":"<p>En <strong>VOZOL RAVE 40000 Doble Manzana e-cigarrillo desechable<\/strong> combina notas de manzana verde y roja para crear un perfil de sabor cl\u00e1sico y armonioso de hasta 40.000 caladas. Con robusta bater\u00eda USB-C de 1000 mAh, 20 ml de aut\u00e9ntico l\u00edquido Double Apple y revolucionaria tecnolog\u00eda de detecci\u00f3n de latido de 270\u00b0. Dos modos de encendido, elemento calefactor de malla e innovadora arquitectura de doble chip S.i.L.C Tech. Nivel de nicotina: 5% (50mg).<\/p>","protected":false},"featured_media":951,"comment_status":"open","ping_status":"closed","template":"","meta":{"_acf_changed":false},"product_brand":[],"product_cat":[32],"product_tag":[],"class_list":{"0":"post-948","1":"product","2":"type-product","3":"status-publish","4":"has-post-thumbnail","6":"product_cat-vozol-rave-40000","8":"first","9":"instock","10":"shipping-taxable","11":"purchasable","12":"product-type-variable"},"acf":[],"_links":{"self":[{"href":"https:\/\/vozolpuff.de\/es\/wp-json\/wp\/v2\/product\/948","targetHints":{"allow":["GET"]}}],"collection":[{"href":"https:\/\/vozolpuff.de\/es\/wp-json\/wp\/v2\/product"}],"about":[{"href":"https:\/\/vozolpuff.de\/es\/wp-json\/wp\/v2\/types\/product"}],"replies":[{"embeddable":true,"href":"https:\/\/vozolpuff.de\/es\/wp-json\/wp\/v2\/comments?post=948"}],"wp:featuredmedia":[{"embeddable":true,"href":"https:\/\/vozolpuff.de\/es\/wp-json\/wp\/v2\/media\/951"}],"wp:attachment":[{"href":"https:\/\/vozolpuff.de\/es\/wp-json\/wp\/v2\/media?parent=948"}],"wp:term":[{"taxonomy":"product_brand","embeddable":true,"href":"https:\/\/vozolpuff.de\/es\/wp-json\/wp\/v2\/product_brand?post=948"},{"taxonomy":"product_cat","embeddable":true,"href":"https:\/\/vozolpuff.de\/es\/wp-json\/wp\/v2\/product_cat?post=948"},{"taxonomy":"product_tag","embeddable":true,"href":"https:\/\/vozolpuff.de\/es\/wp-json\/wp\/v2\/product_tag?post=948"}],"curies":[{"name":"wp","href":"https:\/\/api.w.org\/{rel}","templated":true}]}}