{"id":953,"date":"2025-08-24T15:47:29","date_gmt":"2025-08-24T13:47:29","guid":{"rendered":"https:\/\/vozolpuff.de\/?post_type=product&#038;p=953"},"modified":"2026-01-15T11:53:01","modified_gmt":"2026-01-15T10:53:01","slug":"vozol-rave-40000-watermelon-bubblegum","status":"publish","type":"product","link":"https:\/\/vozolpuff.de\/es\/producto\/vozol-rave-40000-watermelon-bubblegum\/","title":{"rendered":"Vozol Rave 40000 Sand\u00eda Chicle"},"content":{"rendered":"<h2 class=\"text-xl font-bold text-text-100 mt-1 -mb-0.5\">Vozol Rave 40000 Watermelon Bubblegum Cigarrillo electr\u00f3nico desechable<\/h2>\n<p class=\"whitespace-normal break-words\">Reviva los recuerdos nost\u00e1lgicos de su infancia con VOZOL RAVE 40000 Watermelon Bubblegum. Este extraordinario cigarrillo electr\u00f3nico desechable combina la jugosa frescura de la sand\u00eda con el dulce aroma del chicle para crear una experiencia de sabor inconfundible. La pantalla curva 3D futurista con funci\u00f3n Beat Sensing de 270\u00b0 convierte cada sesi\u00f3n de vapeo en un espect\u00e1culo visual. Gracias a la avanzada tecnolog\u00eda Dual MCU y a la bater\u00eda de 1000 mAh, disfrutar\u00e1 de una calidad constante en las 40 000 caladas posibles.<\/p>\n<h3 class=\"text-lg font-bold text-text-100 mt-1 -mb-1.5\">Caracter\u00edsticas de Watermelon Bubblegum:<\/h3>\n<p class=\"whitespace-normal break-words\"><strong>Contenido del sabor:<\/strong> 20 ml de chicle de sand\u00eda dulce y afrutado<br \/>\n<strong>Almacenamiento de energ\u00eda:<\/strong> Bater\u00eda recargable de iones de litio de 1000 mAh<br \/>\n<strong>Rango de inflado:<\/strong> Hasta 40 000 caladas (modo suave) | 25 000 caladas (modo intenso)<br \/>\n<strong>Dosis de nicotina:<\/strong> 5% (50mg) para un golpe de garganta pronunciado<br \/>\n<strong>Atomizador-Tech:<\/strong> Sistema de bobinas de malla de alto rendimiento<br \/>\n<strong>Control del aire:<\/strong> Suministro de aire regulable de forma continua<br \/>\n<strong>Pantalla de informaci\u00f3n:<\/strong> Interfaz digital multifuncional<br \/>\n<strong>Respuesta a golpes:<\/strong> Pantalla del sensor de 270\u00b0 con actualizaciones en tiempo real<br \/>\n<strong>Niveles de rendimiento:<\/strong> Modos de vapor suave e intenso<br \/>\n<strong>Tecnolog\u00eda cerebral:<\/strong> Controlador S.i.L.C Tech Dual-MCU<\/p>\n<h3 class=\"text-lg font-bold text-text-100 mt-1 -mb-1.5\">Descubre m\u00e1s VOZOL VAPE en vozolpuff<\/h3>\n<p class=\"whitespace-normal break-words\">M\u00e1s informaci\u00f3n <strong><a class=\"underline\" href=\"https:\/\/vozolpuff.de\/es\/\">Productos VOZOL<\/a><\/strong> en nuestro surtido o navegue por nuestra gama completa de <strong><a class=\"underline\" href=\"https:\/\/vozolpuff.de\/es\/product-category\/vozol-vape\/\">VOZOL VAPE Categor\u00eda<\/a><\/strong>. Encontrar\u00e1 todos los sabores disponibles en nuestra <strong><a class=\"underline\" href=\"https:\/\/vozolpuff.de\/es\/product-category\/vozol-vape\/vozol-rave-40000\/\">Colecci\u00f3n Vozol Rave 40000<\/a><\/strong>.<\/p>","protected":false},"excerpt":{"rendered":"<p>En <strong>VOZOL RAVE 40000 Watermelon Bubblegum Cigarrillo electr\u00f3nico desechable<\/strong> Combina la jugosa frescura de la sand\u00eda con el dulce aroma del chicle para crear una experiencia de sabor nost\u00e1lgica con hasta 40 000 caladas. Con bater\u00eda recargable de iones de litio de 1000 mAh, 20 ml de contenido de sabor y una pantalla curva 3D futurista con funci\u00f3n de detecci\u00f3n de ritmo de 270\u00b0. Modos de vapor dual, sistema de bobina de malla de alto rendimiento y controlador S.i.L.C Tech Dual-MCU. Dosis de nicotina: 5% (50 mg).<\/p>","protected":false},"featured_media":956,"comment_status":"open","ping_status":"closed","template":"","meta":{"_acf_changed":false},"product_brand":[],"product_cat":[32],"product_tag":[],"class_list":{"0":"post-953","1":"product","2":"type-product","3":"status-publish","4":"has-post-thumbnail","6":"product_cat-vozol-rave-40000","8":"first","9":"instock","10":"shipping-taxable","11":"purchasable","12":"product-type-variable"},"acf":[],"_links":{"self":[{"href":"https:\/\/vozolpuff.de\/es\/wp-json\/wp\/v2\/product\/953","targetHints":{"allow":["GET"]}}],"collection":[{"href":"https:\/\/vozolpuff.de\/es\/wp-json\/wp\/v2\/product"}],"about":[{"href":"https:\/\/vozolpuff.de\/es\/wp-json\/wp\/v2\/types\/product"}],"replies":[{"embeddable":true,"href":"https:\/\/vozolpuff.de\/es\/wp-json\/wp\/v2\/comments?post=953"}],"wp:featuredmedia":[{"embeddable":true,"href":"https:\/\/vozolpuff.de\/es\/wp-json\/wp\/v2\/media\/956"}],"wp:attachment":[{"href":"https:\/\/vozolpuff.de\/es\/wp-json\/wp\/v2\/media?parent=953"}],"wp:term":[{"taxonomy":"product_brand","embeddable":true,"href":"https:\/\/vozolpuff.de\/es\/wp-json\/wp\/v2\/product_brand?post=953"},{"taxonomy":"product_cat","embeddable":true,"href":"https:\/\/vozolpuff.de\/es\/wp-json\/wp\/v2\/product_cat?post=953"},{"taxonomy":"product_tag","embeddable":true,"href":"https:\/\/vozolpuff.de\/es\/wp-json\/wp\/v2\/product_tag?post=953"}],"curies":[{"name":"wp","href":"https:\/\/api.w.org\/{rel}","templated":true}]}}