{"id":973,"date":"2025-08-24T16:02:54","date_gmt":"2025-08-24T14:02:54","guid":{"rendered":"https:\/\/vozolpuff.de\/?post_type=product&#038;p=973"},"modified":"2026-01-15T11:52:14","modified_gmt":"2026-01-15T10:52:14","slug":"vozol-rave-40000-cherry-strawberry","status":"publish","type":"product","link":"https:\/\/vozolpuff.de\/es\/producto\/vozol-rave-40000-cherry-strawberry\/","title":{"rendered":"Vozol Rave 40000 Cereza Fresa"},"content":{"rendered":"<h2 class=\"text-xl font-bold text-text-100 mt-1 -mb-0.5\">e-cigarrillo desechable Vozol Rave 40000 Cherry Strawberry<\/h2>\n<p class=\"whitespace-normal break-words\">Disfruta de la cl\u00e1sica combinaci\u00f3n de bayas con el VOZOL RAVE 40000 Cherry Strawberry Vape Desechable. Este elegante e-cigarrillo desechable combina dulces cerezas con jugosas fresas para crear un sabor frutal atemporal que nunca pasa de moda. La futurista pantalla curvada en 3D con funci\u00f3n de detecci\u00f3n de ritmo de 270\u00b0 a\u00f1ade un toque tecnol\u00f3gico a cada momento de vapeo. Equipado con una fiable bater\u00eda de 1000 mAh y un innovador control MCU dual, ofrece un rendimiento constante durante toda su vida \u00fatil de 40.000 caladas.<\/p>\n<h3 class=\"text-lg font-bold text-text-100 mt-1 -mb-1.5\">Especificaciones del sistema Cherry Strawberry:<\/h3>\n<p class=\"whitespace-normal break-words\"><strong>Sabor-Volumen:<\/strong> Mezcla cl\u00e1sica de fresa y cereza de 20 ml<br \/>\n<strong>Fuente de alimentaci\u00f3n:<\/strong> Bater\u00eda de alta densidad de 1000 mAh con puerto Type-C<br \/>\n<strong>Capacidad de inhalaci\u00f3n:<\/strong> Hasta 40.000 movimientos (modo est\u00e1ndar) | 25.000 movimientos (modo alto)<br \/>\n<strong>Proporci\u00f3n de nicotina:<\/strong> 5% (50 mg) para una satisfacci\u00f3n total<br \/>\n<strong>Tecnolog\u00eda de atomizaci\u00f3n:<\/strong> Dise\u00f1o de bobina de malla de \u00faltima generaci\u00f3n<br \/>\n<strong>Gesti\u00f3n del aire:<\/strong> Control de flujo de aire ajustable con precisi\u00f3n<br \/>\n<strong>Centro de informaci\u00f3n:<\/strong> Pantalla digital multifunci\u00f3n<br \/>\n<strong>Interfaz de ritmo:<\/strong> Visualizaci\u00f3n del sensor a 270\u00b0 con animaci\u00f3n en directo<br \/>\n<strong>Estilos de vapeo:<\/strong> Modos est\u00e1ndar y de alta intensidad<br \/>\n<strong>Chips controladores:<\/strong> Revolucionaria unidad de procesamiento doble S.i.L.C Tech<\/p>\n<h3 class=\"text-lg font-bold text-text-100 mt-1 -mb-1.5\">Descubre m\u00e1s VOZOL VAPE en vozolpuff<\/h3>\n<p class=\"whitespace-normal break-words\">M\u00e1s informaci\u00f3n <strong><a class=\"underline\" href=\"https:\/\/vozolpuff.de\/es\/\">Productos VOZOL<\/a><\/strong> en nuestro surtido o navegue por nuestra gama completa de <strong><a class=\"underline\" href=\"https:\/\/vozolpuff.de\/es\/product-category\/vozol-vape\/\">VOZOL VAPE Categor\u00eda<\/a><\/strong>. Encontrar\u00e1 todos los sabores disponibles en nuestra <strong><a class=\"underline\" href=\"https:\/\/vozolpuff.de\/es\/product-category\/vozol-vape\/vozol-rave-40000\/\">Colecci\u00f3n Vozol Rave 40000<\/a><\/strong>.<\/p>","protected":false},"excerpt":{"rendered":"<p>El vapeador desechable VOZOL RAVE 40000 Cherry Strawberry combina dulces cerezas con jugosas fresas para crear un sabor a bayas atemporal. Con hasta 40.000 caladas, pantalla futurista de 270\u00b0, bater\u00eda de 1.000 mAh y tecnolog\u00eda MCU dual para un rendimiento y sabor constantes.<\/p>","protected":false},"featured_media":976,"comment_status":"open","ping_status":"closed","template":"","meta":{"_acf_changed":false},"product_brand":[],"product_cat":[32],"product_tag":[],"class_list":{"0":"post-973","1":"product","2":"type-product","3":"status-publish","4":"has-post-thumbnail","6":"product_cat-vozol-rave-40000","8":"first","9":"instock","10":"shipping-taxable","11":"purchasable","12":"product-type-variable"},"acf":[],"_links":{"self":[{"href":"https:\/\/vozolpuff.de\/es\/wp-json\/wp\/v2\/product\/973","targetHints":{"allow":["GET"]}}],"collection":[{"href":"https:\/\/vozolpuff.de\/es\/wp-json\/wp\/v2\/product"}],"about":[{"href":"https:\/\/vozolpuff.de\/es\/wp-json\/wp\/v2\/types\/product"}],"replies":[{"embeddable":true,"href":"https:\/\/vozolpuff.de\/es\/wp-json\/wp\/v2\/comments?post=973"}],"wp:featuredmedia":[{"embeddable":true,"href":"https:\/\/vozolpuff.de\/es\/wp-json\/wp\/v2\/media\/976"}],"wp:attachment":[{"href":"https:\/\/vozolpuff.de\/es\/wp-json\/wp\/v2\/media?parent=973"}],"wp:term":[{"taxonomy":"product_brand","embeddable":true,"href":"https:\/\/vozolpuff.de\/es\/wp-json\/wp\/v2\/product_brand?post=973"},{"taxonomy":"product_cat","embeddable":true,"href":"https:\/\/vozolpuff.de\/es\/wp-json\/wp\/v2\/product_cat?post=973"},{"taxonomy":"product_tag","embeddable":true,"href":"https:\/\/vozolpuff.de\/es\/wp-json\/wp\/v2\/product_tag?post=973"}],"curies":[{"name":"wp","href":"https:\/\/api.w.org\/{rel}","templated":true}]}}