{"id":978,"date":"2025-08-24T16:07:12","date_gmt":"2025-08-24T14:07:12","guid":{"rendered":"https:\/\/vozolpuff.de\/?post_type=product&#038;p=978"},"modified":"2026-04-26T04:52:47","modified_gmt":"2026-04-26T02:52:47","slug":"vozol-rave-40000-love-777","status":"publish","type":"product","link":"https:\/\/vozolpuff.de\/es\/producto\/vozol-rave-40000-love-777\/","title":{"rendered":"Vozol Rave 40000 Love 777"},"content":{"rendered":"<h2 class=\"text-xl font-bold text-text-100 mt-1 -mb-0.5\">e-cigarrillo desechable Vozol Rave 40000 Love 777<\/h2>\n<p class=\"whitespace-normal break-words\">Experimenta el misterioso sabor de Love 777 con el VOZOL RAVE 40000 Love 777 Limited Edition. Este exclusivo cigarrillo electr\u00f3nico desechable ofrece un perfil de sabor \u00fanico y complejo que promete felicidad y pasi\u00f3n en cada calada. La espectacular pantalla de 270\u00b0 con sensor de ritmo y efectos 3D convierte cada sesi\u00f3n en una fiesta visual. Combinado con la \u00faltima tecnolog\u00eda S.i.L.C dual MCU y una potente bater\u00eda de 1000mAh, Love 777 ser\u00e1 tu compa\u00f1ero perfecto para vapear hasta 40.000 caladas inolvidables.<\/p>\n<h3 class=\"text-lg font-bold text-text-100 mt-1 -mb-1.5\">Me encantan las caracter\u00edsticas del 777 Premium:<\/h3>\n<p class=\"whitespace-normal break-words\"><strong>Sabor misterioso:<\/strong> 20mL exclusivo Love 777 Signature-Liquid<br \/>\n<strong>Rendimiento de la bater\u00eda:<\/strong> Bater\u00eda profesional de 1000 mAh con carga r\u00e1pida<br \/>\n<strong>Puffs de toda la vida:<\/strong> M\u00e1ximo 40.000 movimientos (estilo cl\u00e1sico) | 25.000 movimientos (estilo intenso)<br \/>\n<strong>Formulaci\u00f3n de nicotina:<\/strong> Mezcla de nicotina premium 5% (50mg)<br \/>\n<strong>Bobina-Excelencia:<\/strong> Elementos calefactores de malla ultrapremium<br \/>\n<strong>Precisi\u00f3n del flujo de aire:<\/strong> Sistema de flujo de aire microajustable<br \/>\n<strong>Display-Magic:<\/strong> Interfaz digital n\u00edtida<br \/>\n<strong>Beat Symphony:<\/strong> Sensaci\u00f3n r\u00edtmica de 270\u00b0 con efectos espectaculares<br \/>\n<strong>Modos de experiencia:<\/strong> Experiencia de vapeo cl\u00e1sica e intensa<br \/>\n<strong>Tech-Heart:<\/strong> Tecnolog\u00eda S.i.L.C de \u00faltima generaci\u00f3n Cerebro Dual-MCU<\/p>\n<h3 class=\"text-lg font-bold text-text-100 mt-1 -mb-1.5\">Descubre m\u00e1s VOZOL VAPE en vozolpuff<\/h3>\n<p class=\"whitespace-normal break-words\">M\u00e1s informaci\u00f3n <strong><a class=\"underline\" href=\"https:\/\/vozolpuff.de\/es\/\">Productos VOZOL<\/a><\/strong> en nuestro surtido o navegue por nuestra gama completa de <strong><a class=\"underline\" href=\"https:\/\/vozolpuff.de\/es\/product-category\/vozol-vape\/\">VOZOL VAPE Categor\u00eda<\/a><\/strong>. Encontrar\u00e1 todos los sabores disponibles en nuestra <strong><a class=\"underline\" href=\"https:\/\/vozolpuff.de\/es\/product-category\/vozol-vape\/vozol-rave-40000\/\">Colecci\u00f3n Vozol Rave 40000<\/a><\/strong>.<\/p>","protected":false},"excerpt":{"rendered":"<p>El vapeador desechable VOZOL RAVE 40000 Love 777 ofrece una experiencia de sabor misteriosa y exclusiva en una edici\u00f3n limitada. Con hasta 40.000 caladas, espectacular pantalla beat de 270\u00b0 con efectos 3D, bater\u00eda de 1000mAh y tecnolog\u00eda S.i.L.C dual MCU para sesiones inolvidables.<\/p>","protected":false},"featured_media":981,"comment_status":"open","ping_status":"closed","template":"","meta":{"_acf_changed":false},"product_brand":[],"product_cat":[32],"product_tag":[],"class_list":{"0":"post-978","1":"product","2":"type-product","3":"status-publish","4":"has-post-thumbnail","6":"product_cat-vozol-rave-40000","8":"first","9":"instock","10":"shipping-taxable","11":"purchasable","12":"product-type-variable"},"acf":[],"_links":{"self":[{"href":"https:\/\/vozolpuff.de\/es\/wp-json\/wp\/v2\/product\/978","targetHints":{"allow":["GET"]}}],"collection":[{"href":"https:\/\/vozolpuff.de\/es\/wp-json\/wp\/v2\/product"}],"about":[{"href":"https:\/\/vozolpuff.de\/es\/wp-json\/wp\/v2\/types\/product"}],"replies":[{"embeddable":true,"href":"https:\/\/vozolpuff.de\/es\/wp-json\/wp\/v2\/comments?post=978"}],"wp:featuredmedia":[{"embeddable":true,"href":"https:\/\/vozolpuff.de\/es\/wp-json\/wp\/v2\/media\/981"}],"wp:attachment":[{"href":"https:\/\/vozolpuff.de\/es\/wp-json\/wp\/v2\/media?parent=978"}],"wp:term":[{"taxonomy":"product_brand","embeddable":true,"href":"https:\/\/vozolpuff.de\/es\/wp-json\/wp\/v2\/product_brand?post=978"},{"taxonomy":"product_cat","embeddable":true,"href":"https:\/\/vozolpuff.de\/es\/wp-json\/wp\/v2\/product_cat?post=978"},{"taxonomy":"product_tag","embeddable":true,"href":"https:\/\/vozolpuff.de\/es\/wp-json\/wp\/v2\/product_tag?post=978"}],"curies":[{"name":"wp","href":"https:\/\/api.w.org\/{rel}","templated":true}]}}