{"id":984,"date":"2025-08-24T16:21:51","date_gmt":"2025-08-24T14:21:51","guid":{"rendered":"https:\/\/vozolpuff.de\/?post_type=product&#038;p=984"},"modified":"2026-01-15T11:51:49","modified_gmt":"2026-01-15T10:51:49","slug":"vozol-rave-40000-raspberry-watermelon","status":"publish","type":"product","link":"https:\/\/vozolpuff.de\/es\/producto\/vozol-rave-40000-raspberry-watermelon\/","title":{"rendered":"Vozol Rave 40000 Sand\u00eda Frambuesa"},"content":{"rendered":"<h2 class=\"text-xl font-bold text-text-100 mt-1 -mb-0.5\">Vozol Rave 40000 Sand\u00eda y frambuesa Vape desechable<\/h2>\n<p class=\"whitespace-normal break-words\">El VOZOL RAVE 40000 Raspberry Watermelon combina la dulce frescura de la jugosa sand\u00eda con la intensa dulzura de las frambuesas maduras. Con hasta 40 000 caladas y una potente bater\u00eda de 1000 mAh, este cigarrillo electr\u00f3nico desechable ofrece una experiencia de vapeo excepcional. La innovadora pantalla Beat-Sensing de 270\u00b0 con tecnolog\u00eda 3D convierte cada sesi\u00f3n de vapeo en una experiencia visual.<\/p>\n<h3 class=\"text-lg font-bold text-text-100 mt-1 -mb-1.5\">Caracter\u00edsticas t\u00e9cnicas de la Raspberry Watermelon:<\/h3>\n<p class=\"whitespace-normal break-words\"><strong>Volumen de e-l\u00edquido:<\/strong> 20 ml de mezcla de frutas premium<br \/>\n<strong>Rendimiento de la bater\u00eda:<\/strong> 1000 mAh con carga r\u00e1pida USB tipo C<br \/>\n<strong>Movimientos m\u00e1ximos:<\/strong> Hasta 40 000 (modo est\u00e1ndar) | 25 000 (modo potente)<br \/>\n<strong>Contenido de nicotina:<\/strong> 5% (50 mg) para un sabor intenso<br \/>\n<strong>Sistema de bobina:<\/strong> Bobinas de malla de alta calidad para un vapor \u00f3ptimo<br \/>\n<strong>Suministro de aire:<\/strong> Infinitamente ajustable<br \/>\n<strong>Pantalla inteligente:<\/strong> Indicador de bater\u00eda y l\u00edquido en tiempo real<br \/>\n<strong>Modo dual:<\/strong> Est\u00e1ndar para un vapor suave, potencia para caladas intensas<br \/>\n<strong>Tecnolog\u00eda de chips:<\/strong> Procesadores MCU duales de S.i.L.C Tech<\/p>\n<h3 class=\"text-lg font-bold text-text-100 mt-1 -mb-1.5\">Descubre m\u00e1s VOZOL VAPE en vozolpuff<\/h3>\n<p class=\"whitespace-normal break-words\">Descubra m\u00e1s cigarrillos electr\u00f3nicos premium en nuestra <strong><a class=\"underline\" href=\"https:\/\/vozolpuff.de\/es\/\">P\u00e1gina de inicio<\/a><\/strong>Explore toda la <strong><a class=\"underline\" href=\"https:\/\/vozolpuff.de\/es\/product-category\/vozol-vape\/\">Colecci\u00f3n VOZOL VAPE<\/a><\/strong> o navegar por todos los <strong><a class=\"underline\" href=\"https:\/\/vozolpuff.de\/es\/product-category\/vozol-vape\/vozol-rave-40000\/\">Vozol Rave 40000 sabores<\/a><\/strong>.<\/p>","protected":false},"excerpt":{"rendered":"<p>El vaporizador desechable VOZOL RAVE 40000 Raspberry Watermelon combina la dulzura de la sand\u00eda con la intensidad de la frambuesa en un refrescante d\u00fao frutal. Con hasta 40 000 caladas, pantalla Beat de 270\u00b0 con tecnolog\u00eda 3D, bater\u00eda de 1000 mAh y procesadores MCU duales para una experiencia de vapeo \u00f3ptima.<\/p>","protected":false},"featured_media":986,"comment_status":"open","ping_status":"closed","template":"","meta":{"_acf_changed":false},"product_brand":[],"product_cat":[32],"product_tag":[],"class_list":{"0":"post-984","1":"product","2":"type-product","3":"status-publish","4":"has-post-thumbnail","6":"product_cat-vozol-rave-40000","8":"first","9":"instock","10":"shipping-taxable","11":"purchasable","12":"product-type-variable"},"acf":[],"_links":{"self":[{"href":"https:\/\/vozolpuff.de\/es\/wp-json\/wp\/v2\/product\/984","targetHints":{"allow":["GET"]}}],"collection":[{"href":"https:\/\/vozolpuff.de\/es\/wp-json\/wp\/v2\/product"}],"about":[{"href":"https:\/\/vozolpuff.de\/es\/wp-json\/wp\/v2\/types\/product"}],"replies":[{"embeddable":true,"href":"https:\/\/vozolpuff.de\/es\/wp-json\/wp\/v2\/comments?post=984"}],"wp:featuredmedia":[{"embeddable":true,"href":"https:\/\/vozolpuff.de\/es\/wp-json\/wp\/v2\/media\/986"}],"wp:attachment":[{"href":"https:\/\/vozolpuff.de\/es\/wp-json\/wp\/v2\/media?parent=984"}],"wp:term":[{"taxonomy":"product_brand","embeddable":true,"href":"https:\/\/vozolpuff.de\/es\/wp-json\/wp\/v2\/product_brand?post=984"},{"taxonomy":"product_cat","embeddable":true,"href":"https:\/\/vozolpuff.de\/es\/wp-json\/wp\/v2\/product_cat?post=984"},{"taxonomy":"product_tag","embeddable":true,"href":"https:\/\/vozolpuff.de\/es\/wp-json\/wp\/v2\/product_tag?post=984"}],"curies":[{"name":"wp","href":"https:\/\/api.w.org\/{rel}","templated":true}]}}