{"id":989,"date":"2025-08-24T16:25:12","date_gmt":"2025-08-24T14:25:12","guid":{"rendered":"https:\/\/vozolpuff.de\/?post_type=product&#038;p=989"},"modified":"2026-01-15T11:51:36","modified_gmt":"2026-01-15T10:51:36","slug":"vozol-rave-40000-blueberry-storm","status":"publish","type":"product","link":"https:\/\/vozolpuff.de\/es\/producto\/vozol-rave-40000-blueberry-storm\/","title":{"rendered":"Vozol Rave 40000 Tormenta de ar\u00e1ndanos"},"content":{"rendered":"<h2 class=\"text-xl font-bold text-text-100 mt-1 -mb-0.5\">Vapeador desechable Vozol Rave 40000 Blueberry Storm<\/h2>\n<p class=\"whitespace-normal break-words\">Experimenta la intensa tormenta de ar\u00e1ndanos del VOZOL RAVE 40000, donde los dulces ar\u00e1ndanos se encuentran con una refrescante intensidad de tormenta. Este vapeador desechable de alta calidad combina hasta 40.000 caladas de vapor con una tecnolog\u00eda de pantalla de \u00faltima generaci\u00f3n. La bater\u00eda recargable de 1000mAh garantiza sesiones de vapor de larga duraci\u00f3n con una potencia constante.<\/p>\n<h3 class=\"text-lg font-bold text-text-100 mt-1 -mb-1.5\">Especificaciones de la variante Blueberry Storm:<\/h3>\n<p class=\"whitespace-normal break-words\"><strong>Capacidad de l\u00edquido:<\/strong> 20 ml de composici\u00f3n de ar\u00e1ndanos intensos<br \/>\n<strong>Bater\u00eda:<\/strong> 1000mAh recargable mediante USB-C<br \/>\n<strong>Recuento de puff:<\/strong> Aprox. 40.000 movimientos (modo normal) | 25.000 movimientos (modo boost)<br \/>\n<strong>Nivel de nicotina:<\/strong> 5% (50 mg) para un efecto potente<br \/>\n<strong>Vaporizador Tech:<\/strong> Sistema de bobina de malla para sabores puros<br \/>\n<strong>Control del flujo de aire:<\/strong> Resistencia al aire personalizable<br \/>\n<strong>Funci\u00f3n de visualizaci\u00f3n:<\/strong> Pantalla digital para controlar el estado<br \/>\n<strong>Sensor de 270\u00b0:<\/strong> Tecnolog\u00eda de reconocimiento del ritmo con respuesta en directo<br \/>\n<strong>Modos de disparo:<\/strong> Dos niveles de intensidad diferentes<br \/>\n<strong>Procesador:<\/strong> Tecnolog\u00eda S.i.L.C de doble MCU<\/p>\n<h3 class=\"text-lg font-bold text-text-100 mt-1 -mb-1.5\">Descubre m\u00e1s VOZOL VAPE en vozolpuff<\/h3>\n<p class=\"whitespace-normal break-words\">Descubra m\u00e1s cigarrillos electr\u00f3nicos premium en nuestra <strong><a class=\"underline\" href=\"https:\/\/vozolpuff.de\/es\/\">P\u00e1gina de inicio<\/a><\/strong>Explore toda la <strong><a class=\"underline\" href=\"https:\/\/vozolpuff.de\/es\/product-category\/vozol-vape\/\">Colecci\u00f3n VOZOL VAPE<\/a><\/strong> o navegar por todos los <strong><a class=\"underline\" href=\"https:\/\/vozolpuff.de\/es\/product-category\/vozol-vape\/vozol-rave-40000\/\">Vozol Rave 40000 sabores<\/a><\/strong>.<\/p>","protected":false},"excerpt":{"rendered":"<p>El vapeador desechable VOZOL RAVE 40000 Blueberry Storm ofrece intensos sabores a ar\u00e1ndanos con la refrescante intensidad de una tormenta. Con hasta 40.000 caladas, pantalla con sensor de latido de 270\u00b0, bater\u00eda recargable de 1000mAh y tecnolog\u00eda MCU dual para potentes sesiones de vapor.<\/p>","protected":false},"featured_media":991,"comment_status":"open","ping_status":"closed","template":"","meta":{"_acf_changed":false},"product_brand":[],"product_cat":[32],"product_tag":[],"class_list":{"0":"post-989","1":"product","2":"type-product","3":"status-publish","4":"has-post-thumbnail","6":"product_cat-vozol-rave-40000","8":"first","9":"instock","10":"shipping-taxable","11":"purchasable","12":"product-type-variable"},"acf":[],"_links":{"self":[{"href":"https:\/\/vozolpuff.de\/es\/wp-json\/wp\/v2\/product\/989","targetHints":{"allow":["GET"]}}],"collection":[{"href":"https:\/\/vozolpuff.de\/es\/wp-json\/wp\/v2\/product"}],"about":[{"href":"https:\/\/vozolpuff.de\/es\/wp-json\/wp\/v2\/types\/product"}],"replies":[{"embeddable":true,"href":"https:\/\/vozolpuff.de\/es\/wp-json\/wp\/v2\/comments?post=989"}],"wp:featuredmedia":[{"embeddable":true,"href":"https:\/\/vozolpuff.de\/es\/wp-json\/wp\/v2\/media\/991"}],"wp:attachment":[{"href":"https:\/\/vozolpuff.de\/es\/wp-json\/wp\/v2\/media?parent=989"}],"wp:term":[{"taxonomy":"product_brand","embeddable":true,"href":"https:\/\/vozolpuff.de\/es\/wp-json\/wp\/v2\/product_brand?post=989"},{"taxonomy":"product_cat","embeddable":true,"href":"https:\/\/vozolpuff.de\/es\/wp-json\/wp\/v2\/product_cat?post=989"},{"taxonomy":"product_tag","embeddable":true,"href":"https:\/\/vozolpuff.de\/es\/wp-json\/wp\/v2\/product_tag?post=989"}],"curies":[{"name":"wp","href":"https:\/\/api.w.org\/{rel}","templated":true}]}}