{"id":994,"date":"2025-08-24T16:29:26","date_gmt":"2025-08-24T14:29:26","guid":{"rendered":"https:\/\/vozolpuff.de\/?post_type=product&#038;p=994"},"modified":"2026-01-15T11:51:24","modified_gmt":"2026-01-15T10:51:24","slug":"vozol-rave-40000-mixed-berries","status":"publish","type":"product","link":"https:\/\/vozolpuff.de\/es\/producto\/vozol-rave-40000-mixed-berries\/","title":{"rendered":"Vozol Rave 40000 Mezcla de bayas"},"content":{"rendered":"<h2 class=\"text-xl font-bold text-text-100 mt-1 -mb-0.5\">Vapeador desechable Vozol Rave 40000 Mixed Berries<\/h2>\n<p class=\"whitespace-normal break-words\">El vapeador desechable VOZOL RAVE 40000 Mixed Berries presenta una armoniosa sinfon\u00eda de diferentes sabores de bayas. Fresas, moras, frambuesas y ar\u00e1ndanos se funden en un complejo perfil de sabores. Con una avanzada tecnolog\u00eda de pantalla 3D y hasta 40.000 caladas, este dispositivo ofrece una experiencia de vapeo de primera calidad.<\/p>\n<h3 class=\"text-lg font-bold text-text-100 mt-1 -mb-1.5\">Caracter\u00edsticas de la edici\u00f3n Mixed Berries:<\/h3>\n<p class=\"whitespace-normal break-words\"><strong>Cantidad de E-Jugo:<\/strong> 20 ml de mezcla multicapa de bayas<br \/>\n<strong>Especificaciones de la bater\u00eda:<\/strong> 1000 mAh con funci\u00f3n de carga Type-C<br \/>\n<strong>Capacidad del tren:<\/strong> M\u00e1ximo 40.000 (funcionamiento normal) | 25.000 (funcionamiento turbo)<br \/>\n<strong>Potencia de nicotina:<\/strong> 5% (50mg) para un golpe de garganta pronunciado<br \/>\n<strong>Elemento calefactor:<\/strong> Bobinas de malla premium para una producci\u00f3n de vapor sabrosa<br \/>\n<strong>Sistema de flujo de aire:<\/strong> Regulaci\u00f3n variable del caudal de aire<br \/>\n<strong>Pantalla del monitor:<\/strong> Control en tiempo real de la bater\u00eda y del nivel de llenado<br \/>\n<strong>Sensor-Tech:<\/strong> Detecci\u00f3n de latido en 270\u00b0 con visualizaci\u00f3n din\u00e1mica<br \/>\n<strong>Selecci\u00f3n de moda:<\/strong> Ajustes est\u00e1ndar y de alto rendimiento<br \/>\n<strong>Controlador:<\/strong> Chips MCU duales con tecnolog\u00eda S.i.L.C<\/p>\n<h3 class=\"text-lg font-bold text-text-100 mt-1 -mb-1.5\">Descubre m\u00e1s VOZOL VAPE en vozolpuff<\/h3>\n<p class=\"whitespace-normal break-words\">Descubra m\u00e1s cigarrillos electr\u00f3nicos premium en nuestra <strong><a class=\"underline\" href=\"https:\/\/vozolpuff.de\/es\/\">P\u00e1gina de inicio<\/a><\/strong>Explore toda la <strong><a class=\"underline\" href=\"https:\/\/vozolpuff.de\/es\/product-category\/vozol-vape\/\">Colecci\u00f3n VOZOL VAPE<\/a><\/strong> o navegar por todos los <strong><a class=\"underline\" href=\"https:\/\/vozolpuff.de\/es\/product-category\/vozol-vape\/vozol-rave-40000\/\">Vozol Rave 40000 sabores<\/a><\/strong>.<\/p>","protected":false},"excerpt":{"rendered":"<p>El vapeador desechable VOZOL RAVE 40000 Mixed Berries combina fresas, moras, frambuesas y ar\u00e1ndanos en una armoniosa sinfon\u00eda de bayas. Con hasta 40.000 caladas, tecnolog\u00eda avanzada de pantalla 3D, bater\u00eda de 1000mAh y bobinas de malla premium para sabores complejos.<\/p>","protected":false},"featured_media":997,"comment_status":"open","ping_status":"closed","template":"","meta":{"_acf_changed":false},"product_brand":[],"product_cat":[32],"product_tag":[],"class_list":{"0":"post-994","1":"product","2":"type-product","3":"status-publish","4":"has-post-thumbnail","6":"product_cat-vozol-rave-40000","8":"first","9":"instock","10":"shipping-taxable","11":"purchasable","12":"product-type-variable"},"acf":[],"_links":{"self":[{"href":"https:\/\/vozolpuff.de\/es\/wp-json\/wp\/v2\/product\/994","targetHints":{"allow":["GET"]}}],"collection":[{"href":"https:\/\/vozolpuff.de\/es\/wp-json\/wp\/v2\/product"}],"about":[{"href":"https:\/\/vozolpuff.de\/es\/wp-json\/wp\/v2\/types\/product"}],"replies":[{"embeddable":true,"href":"https:\/\/vozolpuff.de\/es\/wp-json\/wp\/v2\/comments?post=994"}],"wp:featuredmedia":[{"embeddable":true,"href":"https:\/\/vozolpuff.de\/es\/wp-json\/wp\/v2\/media\/997"}],"wp:attachment":[{"href":"https:\/\/vozolpuff.de\/es\/wp-json\/wp\/v2\/media?parent=994"}],"wp:term":[{"taxonomy":"product_brand","embeddable":true,"href":"https:\/\/vozolpuff.de\/es\/wp-json\/wp\/v2\/product_brand?post=994"},{"taxonomy":"product_cat","embeddable":true,"href":"https:\/\/vozolpuff.de\/es\/wp-json\/wp\/v2\/product_cat?post=994"},{"taxonomy":"product_tag","embeddable":true,"href":"https:\/\/vozolpuff.de\/es\/wp-json\/wp\/v2\/product_tag?post=994"}],"curies":[{"name":"wp","href":"https:\/\/api.w.org\/{rel}","templated":true}]}}