{"id":999,"date":"2025-08-24T16:32:03","date_gmt":"2025-08-24T14:32:03","guid":{"rendered":"https:\/\/vozolpuff.de\/?post_type=product&#038;p=999"},"modified":"2026-01-15T11:51:11","modified_gmt":"2026-01-15T10:51:11","slug":"vozol-rave-40000-cherry-cola","status":"publish","type":"product","link":"https:\/\/vozolpuff.de\/es\/producto\/vozol-rave-40000-cherry-cola\/","title":{"rendered":"Vozol Rave 40000 Cereza Cola"},"content":{"rendered":"<h2 class=\"text-xl font-bold text-text-100 mt-1 -mb-0.5\">Vozol Rave 40000 Cherry Cola Vape desechable<\/h2>\n<p class=\"whitespace-normal break-words\">Disfruta de la nost\u00e1lgica combinaci\u00f3n de cerezas dulces y cola cl\u00e1sica con VOZOL RAVE 40000 Cherry Cola. Este sabor \u00fanico combina el sabor afrutado de la cereza con el ic\u00f3nico aroma burbujeante de la cola. La innovadora pantalla Beat-Sensing reacciona din\u00e1micamente a cada calada y convierte el vapeo en una experiencia multisensorial.<\/p>\n<h3 class=\"text-lg font-bold text-text-100 mt-1 -mb-1.5\">Detalles t\u00e9cnicos de la versi\u00f3n Cherry Cola:<\/h3>\n<p class=\"whitespace-normal break-words\"><strong>Volumen de llenado:<\/strong> 20 ml de aut\u00e9ntica mezcla de cereza y cola<br \/>\n<strong>Unidad de potencia:<\/strong> Bater\u00eda de litio de 1000 mAh con puerto USB-C<br \/>\n<strong>Salida de vapor:<\/strong> Hasta 40 000 inhalaciones (modo Eco) | 25 000 (modo Rendimiento)<br \/>\n<strong>Concentraci\u00f3n de nicotina:<\/strong> 5% (50 mg) para un sabor caracter\u00edstico<br \/>\n<strong>Dise\u00f1o de la bobina:<\/strong> Tecnolog\u00eda de malla para un desarrollo puro del aroma<br \/>\n<strong>Resistencia al tiro:<\/strong> Control de flujo de aire ajustable<br \/>\n<strong>Pantalla de informaci\u00f3n:<\/strong> Sistema de control digital<br \/>\n<strong>Pantalla interactiva:<\/strong> Sensor de movimiento de 270\u00b0 con respuesta visual<br \/>\n<strong>Modos de potencia:<\/strong> Doble ajuste para diferentes intensidades de vapor<br \/>\n<strong>Conjunto de chips:<\/strong> Sistema MCU doble de S.i.L.C Tech<\/p>\n<h3 class=\"text-lg font-bold text-text-100 mt-1 -mb-1.5\">Descubre m\u00e1s VOZOL VAPE en vozolpuff<\/h3>\n<p class=\"whitespace-normal break-words\">Descubra m\u00e1s cigarrillos electr\u00f3nicos premium en nuestra <strong><a class=\"underline\" href=\"https:\/\/vozolpuff.de\/es\/\">P\u00e1gina de inicio<\/a><\/strong>Explore toda la <strong><a class=\"underline\" href=\"https:\/\/vozolpuff.de\/es\/product-category\/vozol-vape\/\">Colecci\u00f3n VOZOL VAPE<\/a><\/strong> o navegar por todos los <strong><a class=\"underline\" href=\"https:\/\/vozolpuff.de\/es\/product-category\/vozol-vape\/vozol-rave-40000\/\">Vozol Rave 40000 sabores<\/a><\/strong>.<\/p>","protected":false},"excerpt":{"rendered":"<p>El vaporizador desechable VOZOL RAVE 40000 Cherry Cola combina cerezas dulces con el cl\u00e1sico aroma de la cola para crear una experiencia de sabor nost\u00e1lgica. Con hasta 40 000 caladas, pantalla din\u00e1mica con detecci\u00f3n de ritmo, bater\u00eda de 1000 mAh y tecnolog\u00eda de malla para disfrutar del aut\u00e9ntico sabor de la cola de cereza.<\/p>","protected":false},"featured_media":1001,"comment_status":"open","ping_status":"closed","template":"","meta":{"_acf_changed":false},"product_brand":[],"product_cat":[32],"product_tag":[],"class_list":{"0":"post-999","1":"product","2":"type-product","3":"status-publish","4":"has-post-thumbnail","6":"product_cat-vozol-rave-40000","8":"first","9":"instock","10":"shipping-taxable","11":"purchasable","12":"product-type-variable"},"acf":[],"_links":{"self":[{"href":"https:\/\/vozolpuff.de\/es\/wp-json\/wp\/v2\/product\/999","targetHints":{"allow":["GET"]}}],"collection":[{"href":"https:\/\/vozolpuff.de\/es\/wp-json\/wp\/v2\/product"}],"about":[{"href":"https:\/\/vozolpuff.de\/es\/wp-json\/wp\/v2\/types\/product"}],"replies":[{"embeddable":true,"href":"https:\/\/vozolpuff.de\/es\/wp-json\/wp\/v2\/comments?post=999"}],"wp:featuredmedia":[{"embeddable":true,"href":"https:\/\/vozolpuff.de\/es\/wp-json\/wp\/v2\/media\/1001"}],"wp:attachment":[{"href":"https:\/\/vozolpuff.de\/es\/wp-json\/wp\/v2\/media?parent=999"}],"wp:term":[{"taxonomy":"product_brand","embeddable":true,"href":"https:\/\/vozolpuff.de\/es\/wp-json\/wp\/v2\/product_brand?post=999"},{"taxonomy":"product_cat","embeddable":true,"href":"https:\/\/vozolpuff.de\/es\/wp-json\/wp\/v2\/product_cat?post=999"},{"taxonomy":"product_tag","embeddable":true,"href":"https:\/\/vozolpuff.de\/es\/wp-json\/wp\/v2\/product_tag?post=999"}],"curies":[{"name":"wp","href":"https:\/\/api.w.org\/{rel}","templated":true}]}}