{"id":289,"date":"2025-08-21T09:36:49","date_gmt":"2025-08-21T07:36:49","guid":{"rendered":"https:\/\/vozolpuff.de\/?page_id=289"},"modified":"2025-08-21T09:58:28","modified_gmt":"2025-08-21T07:58:28","slug":"about","status":"publish","type":"page","link":"https:\/\/vozolpuff.de\/fr\/about\/","title":{"rendered":"\u00c0 propos de"},"content":{"rendered":"<section class=\"section dark\" id=\"section_214102955\">\n\t\t<div class=\"section-bg fill\" >\n\t\t\t<img loading=\"lazy\" decoding=\"async\" width=\"1024\" height=\"588\" src=\"https:\/\/vozolpuff.de\/wp-content\/uploads\/2025\/08\/\u5fae\u4fe1\u56fe\u7247_20250820223125.png\" class=\"bg attachment- size-\" alt=\"\" \/>\t\t\t\t\t\t<div class=\"section-bg-overlay absolute fill\"><\/div>\n\t\t\t\n\n\t\t<\/div>\n\n\t\t\n\n\t\t<div class=\"section-content relative\">\n\t\t\t\n\n<div class=\"row align-center\"  id=\"row-75341793\">\n\n\n\t<div id=\"col-278043021\" class=\"col medium-9 small-12 large-7\"  >\n\t\t\t\t<div class=\"col-inner text-center\"  >\n\t\t\t\n\t\t\t\n\n\t<div id=\"text-2737067960\" class=\"text\">\n\t\t\n\n<h3>\u00c0 propos de nous<\/h3>\n\t\t\n<style>\n#text-2737067960 {\n  font-size: 2.75rem;\n  line-height: 1;\n}\n<\/style>\n\t<\/div>\n\t\n\t<div id=\"text-3013155682\" class=\"text\">\n\t\t\n\n<p><strong>D\u00e9couvrez vozolpuff.fr, votre premi\u00e8re adresse en ligne pour des produits de vapotage jetables de qualit\u00e9. Avec six ans d'exp\u00e9rience dans le secteur, nous nous sommes impos\u00e9s comme un distributeur de confiance pour des marques leaders telles que Vozol, Waspe, Bang, JNR, RandM Tornado, Elf Box, Uwin, Vapsolo, Al Fakher et de nombreux autres noms prestigieux de l'industrie de la vape. Nos produits, reconnus internationalement, atteignent des clients dans de nombreux pays du monde entier.<\/strong><\/p>\n<p><strong>Chez vozolpuff.fr, nous servons aussi bien les clients individuels que les grossistes avec une gamme compl\u00e8te de solutions de vapotage jetables. L'accent que nous mettons sur l'excellence de la qualit\u00e9 et la satisfaction des clients nous distingue comme un distributeur de produits de vapotage fiable et professionnel.<\/strong><\/p>\n<p><strong>Parcourez notre gamme vari\u00e9e d'appareils jetables Vozol, de produits RandM Tornado, d'articles Vapsolo, de produits Elf Box et d'autres marques haut de gamme afin de trouver la solution de vapotage parfaite pour vos besoins individuels. Que vous soyez un vapoteur exp\u00e9riment\u00e9 ou que vous commenciez \u00e0 peine \u00e0 vaper, notre vaste gamme de produits r\u00e9pond aux besoins de chacun.<\/strong><\/p>\n<p><strong>Choisissez vozolpuff.fr pour une exp\u00e9rience d'achat sans faille, des prix justes et une vari\u00e9t\u00e9 impressionnante de saveurs et de dispositifs qui enrichiront votre aventure de vapoteur. Rejoignez notre client\u00e8le satisfaite aux quatre coins du monde et d\u00e9couvrez la praticit\u00e9 et la satisfaction que procure la vape jetable.<\/strong><\/p>\n<p><strong>R\u00e9volutionnez votre exp\u00e9rience de vapotage avec les produits jetables premium de vozolpuff.fr. Commandez d\u00e8s aujourd'hui et profitez de la perfection de la vape \u00e0 son meilleur niveau !<\/strong><\/p>\n\t\t\n<style>\n#text-3013155682 {\n  font-size: 1.2rem;\n  line-height: 1.65;\n  color: rgb(255,255,255);\n}\n#text-3013155682 > * {\n  color: rgb(255,255,255);\n}\n<\/style>\n\t<\/div>\n\t\n\n\t\t<\/div>\n\t\t\t\t\t<\/div>\n\n\t\n\n<\/div>\n\n\t\t<\/div>\n\n\t\t\n<style>\n#section_214102955 {\n  padding-top: 30px;\n  padding-bottom: 30px;\n  min-height: 600px;\n}\n#section_214102955 .section-bg-overlay {\n  background-color: rgba(0, 0, 0, 0.4);\n}\n@media (min-width:850px) {\n  #section_214102955 {\n    min-height: 900px;\n  }\n}\n<\/style>\n\t<\/section>","protected":false},"excerpt":{"rendered":"","protected":false},"author":1,"featured_media":0,"parent":0,"menu_order":0,"comment_status":"closed","ping_status":"closed","template":"","meta":{"_acf_changed":false,"footnotes":""},"class_list":["post-289","page","type-page","status-publish","hentry"],"acf":[],"_links":{"self":[{"href":"https:\/\/vozolpuff.de\/fr\/wp-json\/wp\/v2\/pages\/289","targetHints":{"allow":["GET"]}}],"collection":[{"href":"https:\/\/vozolpuff.de\/fr\/wp-json\/wp\/v2\/pages"}],"about":[{"href":"https:\/\/vozolpuff.de\/fr\/wp-json\/wp\/v2\/types\/page"}],"author":[{"embeddable":true,"href":"https:\/\/vozolpuff.de\/fr\/wp-json\/wp\/v2\/users\/1"}],"replies":[{"embeddable":true,"href":"https:\/\/vozolpuff.de\/fr\/wp-json\/wp\/v2\/comments?post=289"}],"version-history":[{"count":10,"href":"https:\/\/vozolpuff.de\/fr\/wp-json\/wp\/v2\/pages\/289\/revisions"}],"predecessor-version":[{"id":307,"href":"https:\/\/vozolpuff.de\/fr\/wp-json\/wp\/v2\/pages\/289\/revisions\/307"}],"wp:attachment":[{"href":"https:\/\/vozolpuff.de\/fr\/wp-json\/wp\/v2\/media?parent=289"}],"curies":[{"name":"wp","href":"https:\/\/api.w.org\/{rel}","templated":true}]}}