{"id":1093,"date":"2025-08-25T10:04:01","date_gmt":"2025-08-25T08:04:01","guid":{"rendered":"https:\/\/vozolpuff.de\/?post_type=product&#038;p=1093"},"modified":"2026-04-26T04:51:46","modified_gmt":"2026-04-26T02:51:46","slug":"vozol-gear-power-20000-blue-mojito","status":"publish","type":"product","link":"https:\/\/vozolpuff.de\/fr\/produit\/vozol-gear-power-20000-blue-mojito\/","title":{"rendered":"Vozol Gear Power 20000 Blue Mojito"},"content":{"rendered":"<h2 class=\"text-xl font-bold text-text-100 mt-1 -mb-0.5\">Vozol Gear Power 20000 Blue Mojito Vape jetable<\/h2>\n<p class=\"whitespace-normal break-words\">La Vozol Gear Power 20000 Blue Mojito apporte la saveur rafra\u00eechissante d'un cocktail classique dans le monde du vapotage. Cette cigarette \u00e9lectronique jetable sophistiqu\u00e9e s\u00e9duit par sa technologie innovante et sa flexibilit\u00e9 qui permet de passer d'un mode de puissance \u00e0 l'autre. Gr\u00e2ce \u00e0 son \u00e9cran clair, vous gardez toujours le contr\u00f4le total.<\/p>\n<h3 class=\"text-lg font-bold text-text-100 mt-1 -mb-1.5\">Fonctions principales :<\/h3>\n<p class=\"whitespace-normal break-words\"><strong>Technologie r\u00e9volutionnaire S.i.L.C. :<\/strong> Offre une puret\u00e9 et une consistance gustative in\u00e9gal\u00e9es<\/p>\n<p class=\"whitespace-normal break-words\"><strong>R\u00e9glages de puissance flexibles :<\/strong> Choisissez entre 20 000 mouvements efficaces ou 12 000 mouvements puissants.<\/p>\n<p class=\"whitespace-normal break-words\"><strong>Concept \u00e0 double bobine maill\u00e9e :<\/strong> Intensifie la profondeur aromatique et optimise la production de vapeur<\/p>\n<p class=\"whitespace-normal break-words\"><strong>Technologie d'affichage moderne :<\/strong> Fournit des informations pr\u00e9cises sur la batterie et le niveau de charge<\/p>\n<p class=\"whitespace-normal break-words\"><strong>R\u00e9servoir haute capacit\u00e9 :<\/strong> Contenu de 20 ml d'e-liquide avec une concentration en nicotine \u00e9prouv\u00e9e de 5% (50 mg)<\/p>\n<h3 class=\"text-lg font-bold text-text-100 mt-1 -mb-1.5\">D\u00e9couvrir plus de VOZOL VAPE chez vozolpuff<\/h3>\n<p class=\"whitespace-normal break-words\">Visitez <strong><a class=\"underline\" href=\"https:\/\/vozolpuff.de\/fr\/\">vozolpuff.fr<\/a><\/strong> Pour d\u00e9couvrir d'autres solutions de vapotage haut de gamme, parcourez notre <strong><a class=\"underline\" href=\"https:\/\/vozolpuff.de\/fr\/product-category\/vozol-vape\/\">VOZOL VAPE<\/a><\/strong> Cat\u00e9gorie ou d\u00e9couvrez l'ensemble de la gamme <strong><a class=\"underline\" href=\"https:\/\/vozolpuff.de\/fr\/product-category\/vozol-vape\/vozol-gear-power-20000\/\">Vozol Gear Power 20000<\/a><\/strong> Choix de go\u00fbts.<\/p>","protected":false},"excerpt":{"rendered":"<p>La cigarette \u00e9lectronique jetable Vozol Gear Power 20000 Blue Mojito apporte une saveur rafra\u00eechissante de cocktail \u00e0 la vape. La technologie S.i.L.C et le double syst\u00e8me Mesh permettent 12 000 \u00e0 20 000 bouff\u00e9es dans des modes flexibles. La technologie d'affichage moderne fournit des informations pr\u00e9cises sur la batterie et le niveau de remplissage.<\/p>","protected":false},"featured_media":1095,"comment_status":"open","ping_status":"closed","template":"","meta":{"_acf_changed":false},"product_brand":[],"product_cat":[33],"product_tag":[],"class_list":{"0":"post-1093","1":"product","2":"type-product","3":"status-publish","4":"has-post-thumbnail","6":"product_cat-vozol-gear-power-20000","8":"first","9":"instock","10":"shipping-taxable","11":"purchasable","12":"product-type-variable"},"acf":[],"_links":{"self":[{"href":"https:\/\/vozolpuff.de\/fr\/wp-json\/wp\/v2\/product\/1093","targetHints":{"allow":["GET"]}}],"collection":[{"href":"https:\/\/vozolpuff.de\/fr\/wp-json\/wp\/v2\/product"}],"about":[{"href":"https:\/\/vozolpuff.de\/fr\/wp-json\/wp\/v2\/types\/product"}],"replies":[{"embeddable":true,"href":"https:\/\/vozolpuff.de\/fr\/wp-json\/wp\/v2\/comments?post=1093"}],"wp:featuredmedia":[{"embeddable":true,"href":"https:\/\/vozolpuff.de\/fr\/wp-json\/wp\/v2\/media\/1095"}],"wp:attachment":[{"href":"https:\/\/vozolpuff.de\/fr\/wp-json\/wp\/v2\/media?parent=1093"}],"wp:term":[{"taxonomy":"product_brand","embeddable":true,"href":"https:\/\/vozolpuff.de\/fr\/wp-json\/wp\/v2\/product_brand?post=1093"},{"taxonomy":"product_cat","embeddable":true,"href":"https:\/\/vozolpuff.de\/fr\/wp-json\/wp\/v2\/product_cat?post=1093"},{"taxonomy":"product_tag","embeddable":true,"href":"https:\/\/vozolpuff.de\/fr\/wp-json\/wp\/v2\/product_tag?post=1093"}],"curies":[{"name":"wp","href":"https:\/\/api.w.org\/{rel}","templated":true}]}}