{"id":1116,"date":"2025-08-25T10:28:29","date_gmt":"2025-08-25T08:28:29","guid":{"rendered":"https:\/\/vozolpuff.de\/?post_type=product&#038;p=1116"},"modified":"2026-04-26T04:51:22","modified_gmt":"2026-04-26T02:51:22","slug":"vozol-gear-power-20000-blue-razz-ice","status":"publish","type":"product","link":"https:\/\/vozolpuff.de\/fr\/produit\/vozol-gear-power-20000-blue-razz-ice\/","title":{"rendered":"Vozol Gear Power 20000 Blue Razz Ice"},"content":{"rendered":"<h2 class=\"text-xl font-bold text-text-100 mt-1 -mb-0.5\">Vozol Gear Power 20000 Blue Razz Ice Cigarette \u00e9lectronique jetable<\/h2>\n<p class=\"whitespace-normal break-words\">D\u00e9couvrez l'ar\u00f4me rafra\u00eechissant des framboises bleues avec un effet glac\u00e9 dans la Vozol Gear Power 20000 Blue Razz Ice. Cette cigarette \u00e9lectronique jetable de haute qualit\u00e9 combine des notes sucr\u00e9es de baies avec une finale rafra\u00eechissante et offre entre 12 000 et 20 000 bouff\u00e9es de pur plaisir. \u00c9quip\u00e9 de la technologie avanc\u00e9e S.i.L.C Mesh Coil, d'une batterie de 650 mAh et de 20 ml d'e-liquide de premi\u00e8re qualit\u00e9, cet appareil garantit une exp\u00e9rience gustative constante jusqu'\u00e0 la derni\u00e8re bouff\u00e9e.<\/p>\n<h3 class=\"text-lg font-bold text-text-100 mt-1 -mb-1.5\">Caract\u00e9ristiques fonctionnelles de Blue Razz Ice :<\/h3>\n<p class=\"whitespace-normal break-words\"><strong>Technologie S.i.L.C. Mesh :<\/strong> Optimise le go\u00fbt rafra\u00eechissant de la framboise bleue pour un d\u00e9veloppement intense des ar\u00f4mes.<\/p>\n<p class=\"whitespace-normal break-words\"><strong>Modes de fonctionnement intelligents :<\/strong> 20 000 bouff\u00e9es en mode \u00c9co \u00e9conomique ou 12 000 bouff\u00e9es puissantes en mode Power<\/p>\n<p class=\"whitespace-normal break-words\"><strong>Syst\u00e8me \u00e0 double maille :<\/strong> Maximise la profondeur gustative de la combinaison Blue Razz Ice<\/p>\n<p class=\"whitespace-normal break-words\"><strong>\u00c9cran intelligent :<\/strong> Surveille en permanence le niveau de la batterie et la consommation de liquide<\/p>\n<p class=\"whitespace-normal break-words\"><strong>E-liquide premium :<\/strong> 20 ml pr\u00e9rempli avec 5% Teneur en nicotine pour un plaisir durable<\/p>\n<h3 class=\"text-lg font-bold text-text-100 mt-1 -mb-1.5\">D\u00e9couvrir plus de VOZOL VAPE chez vozolpuff<\/h3>\n<p class=\"whitespace-normal break-words\">D\u00e9couvrez d'autres produits \u00e0 vapeur haut de gamme dans notre <strong><a class=\"underline\" href=\"https:\/\/vozolpuff.de\/fr\/\">Boutique en ligne<\/a><\/strong> ou parcourez notre gamme compl\u00e8te de <strong><a class=\"underline\" href=\"https:\/\/vozolpuff.de\/fr\/product-category\/vozol-vape\/\">Collection VOZOL VAPE<\/a><\/strong>. Toutes les saveurs des c\u00e9l\u00e8bres <strong><a class=\"underline\" href=\"https:\/\/vozolpuff.de\/fr\/product-category\/vozol-vape\/vozol-gear-power-20000\/\">Vozol Gear Power s\u00e9rie 20000<\/a><\/strong> vous trouverez dans notre vaste assortiment.<\/p>","protected":false},"excerpt":{"rendered":"<div>\n<div class=\"grid-cols-1 grid gap-2.5 [&amp;_&gt;_*]:min-w-0\">\n<p class=\"whitespace-normal break-words\">Vozol Gear Power 20000 Blue Razz Ice Einweg-Vape mit erfrischendem Himbeer-Eis-Geschmack. S.i.L.C Mesh-Technologie, 12.000-20.000 Z\u00fcge, 650mAh Akku und Smart-Display f\u00fcr optimalen Dampfgenuss in Eco- oder Power-Modus.<\/p>\n<\/div>\n<\/div>\n<div class=\"flex flex-col gap-2 py-2\"><\/div>\n","protected":false},"featured_media":1118,"comment_status":"open","ping_status":"closed","template":"","meta":{"_acf_changed":false},"product_brand":[],"product_cat":[33],"product_tag":[],"class_list":{"0":"post-1116","1":"product","2":"type-product","3":"status-publish","4":"has-post-thumbnail","6":"product_cat-vozol-gear-power-20000","8":"first","9":"instock","10":"shipping-taxable","11":"purchasable","12":"product-type-variable"},"acf":[],"_links":{"self":[{"href":"https:\/\/vozolpuff.de\/fr\/wp-json\/wp\/v2\/product\/1116","targetHints":{"allow":["GET"]}}],"collection":[{"href":"https:\/\/vozolpuff.de\/fr\/wp-json\/wp\/v2\/product"}],"about":[{"href":"https:\/\/vozolpuff.de\/fr\/wp-json\/wp\/v2\/types\/product"}],"replies":[{"embeddable":true,"href":"https:\/\/vozolpuff.de\/fr\/wp-json\/wp\/v2\/comments?post=1116"}],"wp:featuredmedia":[{"embeddable":true,"href":"https:\/\/vozolpuff.de\/fr\/wp-json\/wp\/v2\/media\/1118"}],"wp:attachment":[{"href":"https:\/\/vozolpuff.de\/fr\/wp-json\/wp\/v2\/media?parent=1116"}],"wp:term":[{"taxonomy":"product_brand","embeddable":true,"href":"https:\/\/vozolpuff.de\/fr\/wp-json\/wp\/v2\/product_brand?post=1116"},{"taxonomy":"product_cat","embeddable":true,"href":"https:\/\/vozolpuff.de\/fr\/wp-json\/wp\/v2\/product_cat?post=1116"},{"taxonomy":"product_tag","embeddable":true,"href":"https:\/\/vozolpuff.de\/fr\/wp-json\/wp\/v2\/product_tag?post=1116"}],"curies":[{"name":"wp","href":"https:\/\/api.w.org\/{rel}","templated":true}]}}