{"id":1128,"date":"2025-08-25T10:40:01","date_gmt":"2025-08-25T08:40:01","guid":{"rendered":"https:\/\/vozolpuff.de\/?post_type=product&#038;p=1128"},"modified":"2026-04-26T04:51:10","modified_gmt":"2026-04-26T02:51:10","slug":"vozol-gear-power-20000-lemon-lime","status":"publish","type":"product","link":"https:\/\/vozolpuff.de\/fr\/produit\/vozol-gear-power-20000-lemon-lime\/","title":{"rendered":"Vozol Gear Power 20000 Citron vert"},"content":{"rendered":"<h2 class=\"text-xl font-bold text-text-100 mt-1 -mb-0.5\">E-cigarette Vozol Gear Power 20000 Lemon Lime jetable<\/h2>\n<p class=\"whitespace-normal break-words\">Savourez l'\u00e9quilibre parfait entre le citron p\u00e9tillant et le citron vert rafra\u00eechissant avec la Vozol Gear Power 20000 Lemon Lime. Cette vape jetable de premi\u00e8re classe s\u00e9duit par sa note vivante d'agrumes et offre entre 12.000 et 20.000 bouff\u00e9es au go\u00fbt intense gr\u00e2ce \u00e0 la technologie S.i.L.C la plus moderne. Avec sa batterie robuste de 650mAh, son \u00e9cran LED informatif et ses 20mL d'e-liquide premium, elle pose de nouveaux jalons dans le segment des vapes jetables.<\/p>\n<h3 class=\"text-lg font-bold text-text-100 mt-1 -mb-1.5\">Sp\u00e9cifications de Lemon Lime :<\/h3>\n<p class=\"whitespace-normal break-words\"><strong>Syst\u00e8me de maillage S.i.L.C :<\/strong> fait ressortir de mani\u00e8re optimale les notes fra\u00eeches d'agrumes pour un go\u00fbt authentique<\/p>\n<p class=\"whitespace-normal break-words\"><strong>Modes personnalisables :<\/strong> 20.000 bouff\u00e9es douces en mode \u00e9co ou 12.000 bouff\u00e9es puissantes en mode power<\/p>\n<p class=\"whitespace-normal break-words\"><strong>Coils en maille \u00e9largie :<\/strong> intensifie l'ar\u00f4me rafra\u00eechissant d'agrumes<\/p>\n<p class=\"whitespace-normal break-words\"><strong>Surveillance num\u00e9rique :<\/strong> Affichage en continu de la charge de la batterie et des donn\u00e9es de consommation<\/p>\n<p class=\"whitespace-normal break-words\"><strong>Remplissage premium :<\/strong> 20mL de e-liquide de qualit\u00e9 avec une concentration de nicotine de 5%<\/p>\n<h3 class=\"text-lg font-bold text-text-100 mt-1 -mb-1.5\">D\u00e9couvrir plus de VOZOL VAPE chez vozolpuff<\/h3>\n<p class=\"whitespace-normal break-words\">D\u00e9couvrez d'autres produits \u00e0 vapeur haut de gamme dans notre <strong><a class=\"underline\" href=\"https:\/\/vozolpuff.de\/fr\/\">Boutique en ligne<\/a><\/strong> ou parcourez notre gamme compl\u00e8te de <strong><a class=\"underline\" href=\"https:\/\/vozolpuff.de\/fr\/product-category\/vozol-vape\/\">Collection VOZOL VAPE<\/a><\/strong>. Toutes les saveurs des c\u00e9l\u00e8bres <strong><a class=\"underline\" href=\"https:\/\/vozolpuff.de\/fr\/product-category\/vozol-vape\/vozol-gear-power-20000\/\">Vozol Gear Power s\u00e9rie 20000<\/a><\/strong> vous trouverez dans notre vaste assortiment.<\/p>","protected":false},"excerpt":{"rendered":"<div>\n<div class=\"grid-cols-1 grid gap-2.5 [&amp;_&gt;_*]:min-w-0\">\n<p class=\"whitespace-normal break-words\">Vozol Gear Power 20000 Lemon Lime Einweg-Vape mit spritziger Zitrus-Kombination. S.i.L.C Mesh-Technologie, 12.000-20.000 Z\u00fcge, 650mAh Akku und LED-Screen f\u00fcr optimalen Dampfgenuss in Eco- oder Power-Modus.<\/p>\n<\/div>\n<\/div>\n<div class=\"flex flex-col gap-2 py-2\"><\/div>\n","protected":false},"featured_media":1130,"comment_status":"open","ping_status":"closed","template":"","meta":{"_acf_changed":false},"product_brand":[],"product_cat":[33],"product_tag":[],"class_list":{"0":"post-1128","1":"product","2":"type-product","3":"status-publish","4":"has-post-thumbnail","6":"product_cat-vozol-gear-power-20000","8":"first","9":"instock","10":"shipping-taxable","11":"purchasable","12":"product-type-variable"},"acf":[],"_links":{"self":[{"href":"https:\/\/vozolpuff.de\/fr\/wp-json\/wp\/v2\/product\/1128","targetHints":{"allow":["GET"]}}],"collection":[{"href":"https:\/\/vozolpuff.de\/fr\/wp-json\/wp\/v2\/product"}],"about":[{"href":"https:\/\/vozolpuff.de\/fr\/wp-json\/wp\/v2\/types\/product"}],"replies":[{"embeddable":true,"href":"https:\/\/vozolpuff.de\/fr\/wp-json\/wp\/v2\/comments?post=1128"}],"wp:featuredmedia":[{"embeddable":true,"href":"https:\/\/vozolpuff.de\/fr\/wp-json\/wp\/v2\/media\/1130"}],"wp:attachment":[{"href":"https:\/\/vozolpuff.de\/fr\/wp-json\/wp\/v2\/media?parent=1128"}],"wp:term":[{"taxonomy":"product_brand","embeddable":true,"href":"https:\/\/vozolpuff.de\/fr\/wp-json\/wp\/v2\/product_brand?post=1128"},{"taxonomy":"product_cat","embeddable":true,"href":"https:\/\/vozolpuff.de\/fr\/wp-json\/wp\/v2\/product_cat?post=1128"},{"taxonomy":"product_tag","embeddable":true,"href":"https:\/\/vozolpuff.de\/fr\/wp-json\/wp\/v2\/product_tag?post=1128"}],"curies":[{"name":"wp","href":"https:\/\/api.w.org\/{rel}","templated":true}]}}