{"id":1178,"date":"2025-08-25T14:13:47","date_gmt":"2025-08-25T12:13:47","guid":{"rendered":"https:\/\/vozolpuff.de\/?post_type=product&#038;p=1178"},"modified":"2026-03-31T16:14:19","modified_gmt":"2026-03-31T14:14:19","slug":"vozol-gear-shisha-25000-two-apples","status":"publish","type":"product","link":"https:\/\/vozolpuff.de\/fr\/produit\/vozol-gear-shisha-25000-two-apples\/","title":{"rendered":"Vozol Gear Shisha 25000 Two Apples"},"content":{"rendered":"<h2 class=\"text-xl font-bold text-text-100 mt-1 -mb-0.5\">Vozol Gear Shisha 25000 Two Apples E-cigarette jetable<\/h2>\n<p class=\"whitespace-normal break-words\">Le site <strong>Vozol Gear Shisha 25000 Two Apples<\/strong> r\u00e9unit la combinaison classique de saveurs double pomme dans un vaporisateur jetable ultramoderne. Avec une capacit\u00e9 impressionnante allant jusqu'\u00e0 25 000 bouff\u00e9es en mode \u00e9conomique Eco, vous profitez de moments de vapeur de longue dur\u00e9e sans compromis. Le puissant mode Power offre des exp\u00e9riences gustatives plus intenses gr\u00e2ce \u00e0 la technologie innovante Dual-Mesh-Coil. Le syst\u00e8me de flux d'air optimis\u00e9 sur le plan a\u00e9rodynamique a \u00e9t\u00e9 sp\u00e9cialement con\u00e7u pour les passionn\u00e9s de DTL et garantit des bouff\u00e9es sans effort et velout\u00e9es. \u00c9quip\u00e9 d'une batterie robuste de 1000mAh, d'un r\u00e9servoir de liquide de grande capacit\u00e9 de 24ml et d'un \u00e9cran couleur clair de 2,1 pouces, cet appareil allie endurance, innovation et confort en parfaite harmonie.<\/p>\n<h3 class=\"text-lg font-bold text-text-100 mt-1 -mb-1.5\">Points forts techniques de la Vozol Gear Shisha 25000 Two Apples :<\/h3>\n<p class=\"whitespace-normal break-words\"><strong>Stockage d'\u00e9nergie :<\/strong> Batterie haute capacit\u00e9 1000mAh<br \/>\n<strong>Mode \u00e9co :<\/strong> Jusqu'\u00e0 25 000 trains \u00e0 vapeur<br \/>\n<strong>Fonctionnement en mode puissance :<\/strong> Jusqu'\u00e0 18.000 trains \u00e0 vapeur<br \/>\n<strong>Taux de nicotine :<\/strong> 5mg\/ml pour une exp\u00e9rience de vapotage satisfaisante<br \/>\n<strong>Technique de traction :<\/strong> DTL (Direct-to-Lung) pour des nuages de vapeur volumineux<br \/>\n<strong>\u00c9l\u00e9ments chauffants :<\/strong> Coils Dual-Mesh pour un go\u00fbt et un d\u00e9veloppement de vapeur optimaux<br \/>\n<strong>Fonctionnalit\u00e9s intelligentes :<\/strong> Interaction audio pour une utilisation moderne<br \/>\n<strong>annonce :<\/strong> \u00c9cran couleur de 2,1 pouces pour le contr\u00f4le de l'\u00e9tat<br \/>\n<strong>alimentation en air :<\/strong> Contr\u00f4le variable de l'airflow pour des exp\u00e9riences de vapotage personnalis\u00e9es<\/p>\n<h3 class=\"text-lg font-bold text-text-100 mt-1 -mb-1.5\">D\u00e9couvrir plus de VOZOL VAPE chez vozolpuff<\/h3>\n<p class=\"whitespace-normal break-words\">D\u00e9couvrez d'autres produits \u00e0 vapeur haut de gamme dans notre <strong><a class=\"underline\" href=\"https:\/\/vozolpuff.de\/fr\/\">Assortiment principal<\/a><\/strong>Pour plus d'informations, consultez notre <strong><a class=\"underline\" href=\"https:\/\/vozolpuff.de\/fr\/product-category\/vozol-vape\/\">Collection VOZOL VAPE<\/a><\/strong> ou explorez toutes les options disponibles <strong><a class=\"underline\" href=\"https:\/\/vozolpuff.de\/fr\/product-category\/vozol-vape\/vozol-gear-shisha-25000\/\">Vozol Gear Shisha 25000 saveurs<\/a><\/strong>.<\/p>","protected":false},"excerpt":{"rendered":"<div>\n<div class=\"grid-cols-1 grid gap-2.5 [&amp;_&gt;_*]:min-w-0\">\n<p class=\"whitespace-normal break-words\">Vozol Gear Shisha 25000 Two Apples Einweg-Vape mit klassischem Doppel-Apfel-Geschmack. Dual-Mesh-Technologie, 18.000-25.000 Z\u00fcge, 1000mAh Akku, 24ml E-Liquid und 2,1-Zoll-Farbdisplay f\u00fcr DTL-Dampfgenuss in Eco- oder Power-Modus.<\/p>\n<\/div>\n<\/div>\n<div class=\"flex flex-col gap-2 py-2\"><\/div>\n","protected":false},"featured_media":1181,"comment_status":"open","ping_status":"closed","template":"","meta":{"_acf_changed":false},"product_brand":[],"product_cat":[34],"product_tag":[],"class_list":{"0":"post-1178","1":"product","2":"type-product","3":"status-publish","4":"has-post-thumbnail","6":"product_cat-vozol-gear-shisha-25000","8":"first","9":"instock","10":"shipping-taxable","11":"purchasable","12":"product-type-variable"},"acf":[],"_links":{"self":[{"href":"https:\/\/vozolpuff.de\/fr\/wp-json\/wp\/v2\/product\/1178","targetHints":{"allow":["GET"]}}],"collection":[{"href":"https:\/\/vozolpuff.de\/fr\/wp-json\/wp\/v2\/product"}],"about":[{"href":"https:\/\/vozolpuff.de\/fr\/wp-json\/wp\/v2\/types\/product"}],"replies":[{"embeddable":true,"href":"https:\/\/vozolpuff.de\/fr\/wp-json\/wp\/v2\/comments?post=1178"}],"wp:featuredmedia":[{"embeddable":true,"href":"https:\/\/vozolpuff.de\/fr\/wp-json\/wp\/v2\/media\/1181"}],"wp:attachment":[{"href":"https:\/\/vozolpuff.de\/fr\/wp-json\/wp\/v2\/media?parent=1178"}],"wp:term":[{"taxonomy":"product_brand","embeddable":true,"href":"https:\/\/vozolpuff.de\/fr\/wp-json\/wp\/v2\/product_brand?post=1178"},{"taxonomy":"product_cat","embeddable":true,"href":"https:\/\/vozolpuff.de\/fr\/wp-json\/wp\/v2\/product_cat?post=1178"},{"taxonomy":"product_tag","embeddable":true,"href":"https:\/\/vozolpuff.de\/fr\/wp-json\/wp\/v2\/product_tag?post=1178"}],"curies":[{"name":"wp","href":"https:\/\/api.w.org\/{rel}","templated":true}]}}