{"id":1195,"date":"2025-08-25T14:23:34","date_gmt":"2025-08-25T12:23:34","guid":{"rendered":"https:\/\/vozolpuff.de\/?post_type=product&#038;p=1195"},"modified":"2026-03-31T16:14:00","modified_gmt":"2026-03-31T14:14:00","slug":"vozol-gear-shisha-25000-blackcurrant-ice","status":"publish","type":"product","link":"https:\/\/vozolpuff.de\/fr\/produit\/vozol-gear-shisha-25000-blackcurrant-ice\/","title":{"rendered":"Vozol Gear Shisha 25000 Glace au cassis"},"content":{"rendered":"<h2 class=\"text-xl font-bold text-text-100 mt-1 -mb-0.5\">Vozol Gear Shisha 25000 Glace cassis E-cigarette jetable<\/h2>\n<p class=\"whitespace-normal break-words\">Plongez dans le monde des <strong>Vozol Gear Shisha 25000 Glace au cassis<\/strong>o\u00f9 l'intensit\u00e9 du cassis rencontre la fra\u00eecheur vivifiante. Cet appareil jetable ultramoderne impressionne par ses 25 000 bouff\u00e9es en mode \u00e9co, \u00e9conome en ressources, pour des p\u00e9riodes de vapotage prolong\u00e9es. Le puissant mode Power cr\u00e9e des dimensions de go\u00fbt intensifi\u00e9es gr\u00e2ce \u00e0 une technique de vaporisation innovante \u00e0 double maille. Le syst\u00e8me de canaux d'air a\u00e9rodynamique perfectionn\u00e9 a \u00e9t\u00e9 d\u00e9velopp\u00e9 exclusivement pour les sp\u00e9cialistes DTL et assure un pr\u00e9l\u00e8vement de vapeur sans effort et velout\u00e9. L'association d'un accumulateur d'\u00e9nergie robuste de 1000mAh, d'un r\u00e9servoir de liquide g\u00e9n\u00e9reux de 24ml et d'un \u00e9cran couleur de 2,1 pouces \u00e0 la pointe de la technologie cr\u00e9e une harmonie optimale entre durabilit\u00e9, innovation et confort.<\/p>\n<h3 class=\"text-lg font-bold text-text-100 mt-1 -mb-1.5\">D\u00e9tails de l'\u00e9quipement de la Vozol Gear Shisha 25000 Blackcurrant Ice :<\/h3>\n<p class=\"whitespace-normal break-words\"><strong>Alimentation en \u00e9nergie :<\/strong> Batterie haute capacit\u00e9 de 1000mAh<br \/>\n<strong>Mode \u00e9conomique :<\/strong> Jusqu'\u00e0 25.000 trains en fer<br \/>\n<strong>Mode intensif :<\/strong> Jusqu'\u00e0 18.000 trains renforc\u00e9s<br \/>\n<strong>taux de nicotine :<\/strong> 5mg\/ml pour des s\u00e9ances de vapotage satisfaisantes<br \/>\n<strong>Technique de la vapeur :<\/strong> DTL (Direct To Lung) pour une production imposante de nuages<br \/>\n<strong>Spirales chauffantes :<\/strong> Technologie Dual-Mesh pour un maximum de go\u00fbt et de volume de vapeur<br \/>\n<strong>Des \u00e9l\u00e9ments intelligents :<\/strong> R\u00e9ponse audio pour une exp\u00e9rience utilisateur moderne<br \/>\n<strong>Syst\u00e8me d'affichage :<\/strong> \u00c9cran couleur de 2,1 pouces pour une utilisation facile<br \/>\n<strong>Contr\u00f4le de la ventilation :<\/strong> Ajustement variable de l'airflow pour des pr\u00e9f\u00e9rences de vapeur personnalis\u00e9es<\/p>\n<h3 class=\"text-lg font-bold text-text-100 mt-1 -mb-1.5\">D\u00e9couvrir plus de VOZOL VAPE chez vozolpuff<\/h3>\n<p class=\"whitespace-normal break-words\">D\u00e9couvrez d'autres produits \u00e0 vapeur haut de gamme dans notre <strong><a class=\"underline\" href=\"https:\/\/vozolpuff.de\/fr\/\">Assortiment principal<\/a><\/strong>Pour plus d'informations, consultez notre <strong><a class=\"underline\" href=\"https:\/\/vozolpuff.de\/fr\/product-category\/vozol-vape\/\">Collection VOZOL VAPE<\/a><\/strong> ou explorez toutes les options disponibles <strong><a class=\"underline\" href=\"https:\/\/vozolpuff.de\/fr\/product-category\/vozol-vape\/vozol-gear-shisha-25000\/\">Vozol Gear Shisha 25000 saveurs<\/a><\/strong>.<\/p>","protected":false},"excerpt":{"rendered":"<div>\n<div class=\"grid-cols-1 grid gap-2.5 [&amp;_&gt;_*]:min-w-0\">\n<p class=\"whitespace-normal break-words\">Vozol Gear Shisha 25000 Blackcurrant Ice Einweg-Vape mit intensiver schwarzer Johannisbeere und belebender K\u00fchle. Dual-Mesh-Technologie, 18.000-25.000 Z\u00fcge, 1000mAh Akku, 24ml E-Liquid und 2,1-Zoll-Farbdisplay f\u00fcr DTL-Dampfgenuss.<\/p>\n<\/div>\n<\/div>\n<div class=\"flex flex-col gap-2 py-2\"><\/div>\n","protected":false},"featured_media":1197,"comment_status":"open","ping_status":"closed","template":"","meta":{"_acf_changed":false},"product_brand":[],"product_cat":[34],"product_tag":[],"class_list":{"0":"post-1195","1":"product","2":"type-product","3":"status-publish","4":"has-post-thumbnail","6":"product_cat-vozol-gear-shisha-25000","8":"first","9":"instock","10":"shipping-taxable","11":"purchasable","12":"product-type-variable"},"acf":[],"_links":{"self":[{"href":"https:\/\/vozolpuff.de\/fr\/wp-json\/wp\/v2\/product\/1195","targetHints":{"allow":["GET"]}}],"collection":[{"href":"https:\/\/vozolpuff.de\/fr\/wp-json\/wp\/v2\/product"}],"about":[{"href":"https:\/\/vozolpuff.de\/fr\/wp-json\/wp\/v2\/types\/product"}],"replies":[{"embeddable":true,"href":"https:\/\/vozolpuff.de\/fr\/wp-json\/wp\/v2\/comments?post=1195"}],"wp:featuredmedia":[{"embeddable":true,"href":"https:\/\/vozolpuff.de\/fr\/wp-json\/wp\/v2\/media\/1197"}],"wp:attachment":[{"href":"https:\/\/vozolpuff.de\/fr\/wp-json\/wp\/v2\/media?parent=1195"}],"wp:term":[{"taxonomy":"product_brand","embeddable":true,"href":"https:\/\/vozolpuff.de\/fr\/wp-json\/wp\/v2\/product_brand?post=1195"},{"taxonomy":"product_cat","embeddable":true,"href":"https:\/\/vozolpuff.de\/fr\/wp-json\/wp\/v2\/product_cat?post=1195"},{"taxonomy":"product_tag","embeddable":true,"href":"https:\/\/vozolpuff.de\/fr\/wp-json\/wp\/v2\/product_tag?post=1195"}],"curies":[{"name":"wp","href":"https:\/\/api.w.org\/{rel}","templated":true}]}}