{"id":1219,"date":"2025-08-25T14:53:59","date_gmt":"2025-08-25T12:53:59","guid":{"rendered":"https:\/\/vozolpuff.de\/?post_type=product&#038;p=1219"},"modified":"2026-03-31T16:13:35","modified_gmt":"2026-03-31T14:13:35","slug":"vozol-gear-shisha-25000-perfume-lemon","status":"publish","type":"product","link":"https:\/\/vozolpuff.de\/fr\/produit\/vozol-gear-shisha-25000-perfume-lemon\/","title":{"rendered":"Vozol Gear Shisha 25000 Parfum citron"},"content":{"rendered":"<h2 class=\"text-xl font-bold text-text-100 mt-1 -mb-0.5\">Vozol Gear Shisha 25000 Parfum Citron Cigarette \u00e9lectronique jetable<\/h2>\n<p class=\"whitespace-normal break-words\">D\u00e9couvrez avec la <strong>Vozol Gear Shisha 25000 Parfum citron<\/strong> Une composition raffin\u00e9e d'agrumes aux notes parfum\u00e9es \u00e9l\u00e9gantes. Cet appareil jetable haut de gamme impressionne par ses 25 000 bouff\u00e9es en mode Eco \u00e9conome en ressources pour des p\u00e9riodes de plaisir infinies. Le mode Power puissant renforce les sensations gustatives gr\u00e2ce \u00e0 une technologie innovante de vaporisateur \u00e0 double maille. Le syst\u00e8me Airway, perfectionn\u00e9 sur le plan de la dynamique des fluides, a \u00e9t\u00e9 sp\u00e9cialement d\u00e9velopp\u00e9 pour les amateurs de DTL et garantit une inhalation de vapeur facile et soyeuse. La combinaison d'une batterie robuste de 1000 mAh, d'un r\u00e9servoir de liquide volumineux de 24 ml et d'un \u00e9cran couleur ultramoderne de 2,1 pouces cr\u00e9e l'harmonie id\u00e9ale entre durabilit\u00e9, fonctionnalit\u00e9 et confort d'utilisation.<\/p>\n<h3 class=\"text-lg font-bold text-text-100 mt-1 -mb-1.5\">Caract\u00e9ristiques de la chicha Vozol Gear 25000 Perfume Lemon :<\/h3>\n<p class=\"whitespace-normal break-words\"><strong>performance de la batterie :<\/strong> Batterie haute capacit\u00e9 1000 mAh<br \/>\n<strong>Mode efficacit\u00e9 :<\/strong> Jusqu'\u00e0 25 000 trains parfum\u00e9s<br \/>\n<strong>Mode d'alimentation :<\/strong> Jusqu'\u00e0 18 000 trajets intensifs<br \/>\n<strong>concentration de nicotine :<\/strong> 5 mg\/ml pour des bouff\u00e9es satisfaisantes<br \/>\n<strong>M\u00e9thode \u00e0 la vapeur :<\/strong> DTL (Direct To Lung) pour une formation de nuages volumineux<br \/>\n<strong>Syst\u00e8me de bobines :<\/strong> Innovation Dual Mesh pour un go\u00fbt et une production de vapeur optimaux<br \/>\n<strong>Fonctions intelligentes :<\/strong> R\u00e9ponse audio pour une exp\u00e9rience utilisateur moderne<br \/>\n<strong>Technologie d'affichage :<\/strong> \u00c9cran couleur 2,1 pouces pour un contr\u00f4le intuitif<br \/>\n<strong>Gestion de la ventilation :<\/strong> Commande \u00e0 d\u00e9bit d'air variable pour des r\u00e9glages personnalis\u00e9s<\/p>\n<h3 class=\"text-lg font-bold text-text-100 mt-1 -mb-1.5\">D\u00e9couvrir plus de VOZOL VAPE chez vozolpuff<\/h3>\n<p class=\"whitespace-normal break-words\">D\u00e9couvrez d'autres produits \u00e0 vapeur haut de gamme dans notre <strong><a class=\"underline\" href=\"https:\/\/vozolpuff.de\/fr\/\">Assortiment principal<\/a><\/strong>Pour plus d'informations, consultez notre <strong><a class=\"underline\" href=\"https:\/\/vozolpuff.de\/fr\/product-category\/vozol-vape\/\">Collection VOZOL VAPE<\/a><\/strong> ou explorez toutes les options disponibles <strong><a class=\"underline\" href=\"https:\/\/vozolpuff.de\/fr\/product-category\/vozol-vape\/vozol-gear-shisha-25000\/\">Vozol Gear Shisha 25000 saveurs<\/a><\/strong>.<\/p>","protected":false},"excerpt":{"rendered":"<div>\n<div class=\"grid-cols-1 grid gap-2.5 [&amp;_&gt;_*]:min-w-0\">\n<p class=\"whitespace-normal break-words\">Vozol Gear Shisha 25000 Perfume Lemon Einweg-Vape mit raffinierter Zitrus-Komposition und eleganten Duftnoten. Dual-Mesh-Technologie, 18.000-25.000 Z\u00fcge, 1000mAh Akku, 24ml E-Liquid und 2,1-Zoll-Farbdisplay f\u00fcr DTL-Dampfgenuss.<\/p>\n<\/div>\n<\/div>\n<div class=\"flex flex-col gap-2 py-2\"><\/div>\n","protected":false},"featured_media":1221,"comment_status":"open","ping_status":"closed","template":"","meta":{"_acf_changed":false},"product_brand":[],"product_cat":[34],"product_tag":[],"class_list":{"0":"post-1219","1":"product","2":"type-product","3":"status-publish","4":"has-post-thumbnail","6":"product_cat-vozol-gear-shisha-25000","8":"first","9":"instock","10":"shipping-taxable","11":"purchasable","12":"product-type-variable"},"acf":[],"_links":{"self":[{"href":"https:\/\/vozolpuff.de\/fr\/wp-json\/wp\/v2\/product\/1219","targetHints":{"allow":["GET"]}}],"collection":[{"href":"https:\/\/vozolpuff.de\/fr\/wp-json\/wp\/v2\/product"}],"about":[{"href":"https:\/\/vozolpuff.de\/fr\/wp-json\/wp\/v2\/types\/product"}],"replies":[{"embeddable":true,"href":"https:\/\/vozolpuff.de\/fr\/wp-json\/wp\/v2\/comments?post=1219"}],"wp:featuredmedia":[{"embeddable":true,"href":"https:\/\/vozolpuff.de\/fr\/wp-json\/wp\/v2\/media\/1221"}],"wp:attachment":[{"href":"https:\/\/vozolpuff.de\/fr\/wp-json\/wp\/v2\/media?parent=1219"}],"wp:term":[{"taxonomy":"product_brand","embeddable":true,"href":"https:\/\/vozolpuff.de\/fr\/wp-json\/wp\/v2\/product_brand?post=1219"},{"taxonomy":"product_cat","embeddable":true,"href":"https:\/\/vozolpuff.de\/fr\/wp-json\/wp\/v2\/product_cat?post=1219"},{"taxonomy":"product_tag","embeddable":true,"href":"https:\/\/vozolpuff.de\/fr\/wp-json\/wp\/v2\/product_tag?post=1219"}],"curies":[{"name":"wp","href":"https:\/\/api.w.org\/{rel}","templated":true}]}}