{"id":1234,"date":"2025-08-25T15:01:33","date_gmt":"2025-08-25T13:01:33","guid":{"rendered":"https:\/\/vozolpuff.de\/?post_type=product&#038;p=1234"},"modified":"2026-03-31T16:13:15","modified_gmt":"2026-03-31T14:13:15","slug":"vozol-gear-shisha-25000-grape-ice","status":"publish","type":"product","link":"https:\/\/vozolpuff.de\/fr\/produit\/vozol-gear-shisha-25000-grape-ice\/","title":{"rendered":"Vozol Gear Shisha 25000 Grape Ice"},"content":{"rendered":"<h2 class=\"text-xl font-bold text-text-100 mt-1 -mb-0.5\">Vozol Gear Shisha 25000 Grape Ice Cigarette \u00e9lectronique jetable<\/h2>\n<p class=\"whitespace-normal break-words\">Plongez dans le monde des <strong>Vozol Gear Shisha 25000 Grape Ice<\/strong>, o\u00f9 les notes sucr\u00e9es du raisin rencontrent une fra\u00eecheur vivifiante. Cet appareil jetable haut de gamme impressionne par ses 25 000 bouff\u00e9es en mode Eco, respectueux des ressources, pour des moments de plaisir infinis. Le mode Power puissant cr\u00e9e des dimensions gustatives intensifi\u00e9es gr\u00e2ce \u00e0 une technologie d'\u00e9vaporation Dual Mesh ultramoderne. La conception Airway, perfectionn\u00e9e sur le plan de la dynamique des fluides, a \u00e9t\u00e9 sp\u00e9cialement con\u00e7ue pour les sp\u00e9cialistes du DTL et garantit une vapeur soyeuse et sans effort. \u00c9quip\u00e9 d'une batterie fiable de 1000 mAh, d'un r\u00e9servoir d'e-liquide volumineux de 24 ml et d'un \u00e9cran m\u00e9ga informatif de 2,1 pouces, cet appareil allie durabilit\u00e9, fonctionnalit\u00e9 et confort dans une harmonie optimale.<\/p>\n<h3 class=\"text-lg font-bold text-text-100 mt-1 -mb-1.5\">Caract\u00e9ristiques de la Vozol Gear Shisha 25000 Grape Ice :<\/h3>\n<p class=\"whitespace-normal break-words\"><strong>Technologie des batteries :<\/strong> Batterie haute capacit\u00e9 1000mAh<br \/>\n<strong>Mode efficacit\u00e9 :<\/strong> Jusqu'\u00e0 25 000 trains rames<br \/>\n<strong>Mode intensif :<\/strong> Jusqu'\u00e0 18 000 tractions puissantes<br \/>\n<strong>taux de nicotine :<\/strong> 5 mg\/ml pour des sessions de vapotage satisfaisantes<br \/>\n<strong>Technique de la vapeur :<\/strong> DTL (Direct To Lung) pour une production de nuages volumineux<br \/>\n<strong>Innovation en mati\u00e8re de bobines :<\/strong> Technologie Dual-Mesh pour un maximum de go\u00fbt et de volume de vapeur<br \/>\n<strong>Fonctions suppl\u00e9mentaires :<\/strong> Interaction audio pour une exp\u00e9rience utilisateur moderne<br \/>\n<strong>Syst\u00e8me d'affichage :<\/strong> \u00c9cran couleur 2,1 pouces pour une utilisation intuitive<br \/>\n<strong>Contr\u00f4le de la ventilation :<\/strong> Ajustement variable de l'airflow pour des pr\u00e9f\u00e9rences de vapeur personnalis\u00e9es<\/p>\n<h3 class=\"text-lg font-bold text-text-100 mt-1 -mb-1.5\">D\u00e9couvrir plus de VOZOL VAPE chez vozolpuff<\/h3>\n<p class=\"whitespace-normal break-words\">D\u00e9couvrez d'autres produits \u00e0 vapeur haut de gamme dans notre <strong><a class=\"underline\" href=\"https:\/\/vozolpuff.de\/fr\/\">Assortiment principal<\/a><\/strong>Pour plus d'informations, consultez notre <strong><a class=\"underline\" href=\"https:\/\/vozolpuff.de\/fr\/product-category\/vozol-vape\/\">Collection VOZOL VAPE<\/a><\/strong> ou explorez toutes les options disponibles <strong><a class=\"underline\" href=\"https:\/\/vozolpuff.de\/fr\/product-category\/vozol-vape\/vozol-gear-shisha-25000\/\">Vozol Gear Shisha 25000 saveurs<\/a><\/strong>.<\/p>","protected":false},"excerpt":{"rendered":"<div>\n<div class=\"grid-cols-1 grid gap-2.5 [&amp;_&gt;_*]:min-w-0\">\n<p class=\"whitespace-normal break-words\">Vozol Gear Shisha 25000 Grape Ice Einweg-Vape mit s\u00fc\u00dfen Traubennoten und belebender Frische. Dual-Mesh-Technologie, 18.000-25.000 Z\u00fcge, 1000mAh Akku, 24ml E-Liquid und 2,1-Zoll-Farbdisplay f\u00fcr DTL-Dampfgenuss.<\/p>\n<\/div>\n<\/div>\n<div class=\"flex flex-col gap-2 py-2\"><\/div>\n","protected":false},"featured_media":1237,"comment_status":"open","ping_status":"closed","template":"","meta":{"_acf_changed":false},"product_brand":[],"product_cat":[34],"product_tag":[],"class_list":{"0":"post-1234","1":"product","2":"type-product","3":"status-publish","4":"has-post-thumbnail","6":"product_cat-vozol-gear-shisha-25000","8":"first","9":"instock","10":"shipping-taxable","11":"purchasable","12":"product-type-variable"},"acf":[],"_links":{"self":[{"href":"https:\/\/vozolpuff.de\/fr\/wp-json\/wp\/v2\/product\/1234","targetHints":{"allow":["GET"]}}],"collection":[{"href":"https:\/\/vozolpuff.de\/fr\/wp-json\/wp\/v2\/product"}],"about":[{"href":"https:\/\/vozolpuff.de\/fr\/wp-json\/wp\/v2\/types\/product"}],"replies":[{"embeddable":true,"href":"https:\/\/vozolpuff.de\/fr\/wp-json\/wp\/v2\/comments?post=1234"}],"wp:featuredmedia":[{"embeddable":true,"href":"https:\/\/vozolpuff.de\/fr\/wp-json\/wp\/v2\/media\/1237"}],"wp:attachment":[{"href":"https:\/\/vozolpuff.de\/fr\/wp-json\/wp\/v2\/media?parent=1234"}],"wp:term":[{"taxonomy":"product_brand","embeddable":true,"href":"https:\/\/vozolpuff.de\/fr\/wp-json\/wp\/v2\/product_brand?post=1234"},{"taxonomy":"product_cat","embeddable":true,"href":"https:\/\/vozolpuff.de\/fr\/wp-json\/wp\/v2\/product_cat?post=1234"},{"taxonomy":"product_tag","embeddable":true,"href":"https:\/\/vozolpuff.de\/fr\/wp-json\/wp\/v2\/product_tag?post=1234"}],"curies":[{"name":"wp","href":"https:\/\/api.w.org\/{rel}","templated":true}]}}