{"id":1287,"date":"2025-08-25T15:46:37","date_gmt":"2025-08-25T13:46:37","guid":{"rendered":"https:\/\/vozolpuff.de\/?post_type=product&#038;p=1287"},"modified":"2026-03-31T16:12:14","modified_gmt":"2026-03-31T14:12:14","slug":"vozol-gear-shisha-25000-grape-mint","status":"publish","type":"product","link":"https:\/\/vozolpuff.de\/fr\/produit\/vozol-gear-shisha-25000-grape-mint\/","title":{"rendered":"Vozol Gear Shisha 25000 Grape Menthe"},"content":{"rendered":"<h2 class=\"text-xl font-bold text-text-100 mt-1 -mb-0.5\">Vozol Gear Shisha 25000 Grape Mint Vaporisateur jetable<\/h2>\n<p class=\"whitespace-normal break-words\">Avec la chicha Vozol Gear 25000 Grape Mint, d\u00e9couvrez l'harmonie parfaite entre les ar\u00f4mes sucr\u00e9s du raisin et la menthe rafra\u00eechissante. Cette combinaison de saveurs exceptionnelle offre jusqu'\u00e0 25 000 bouff\u00e9es en mode \u00e9co et vous g\u00e2te \u00e0 chaque inhalation. En mode Power, l'ing\u00e9nieux syst\u00e8me de bobines \u00e0 double maillage intensifie les notes fruit\u00e9es du raisin et renforce la fra\u00eecheur rafra\u00eechissante de la menthe.<\/p>\n<p class=\"whitespace-normal break-words\">La m\u00e9canique de flux avanc\u00e9e du syst\u00e8me de canaux d'air r\u00e9pond aux exigences les plus \u00e9lev\u00e9es pour le plaisir de la vapeur DTL et garantit des bouff\u00e9es douces et instantan\u00e9es. Avec sa batterie puissante de 1000mAh, son r\u00e9servoir de liquide de grande capacit\u00e9 de 24ml et son \u00e9cran clair de 2,1 pouces, cet appareil allie endurance, fonctionnalit\u00e9 et facilit\u00e9 d'utilisation.<\/p>\n<h3 class=\"text-lg font-bold text-text-100 mt-1 -mb-1.5\">Vozol Gear Shisha 25000 Grape Mint Caract\u00e9ristiques :<\/h3>\n<p class=\"whitespace-normal break-words\"><strong>batterie :<\/strong> 1000mAh pour une utilisation prolong\u00e9e<br \/>\n<strong>Mode \u00e9co :<\/strong> Jusqu'\u00e0 25.000 trains<br \/>\n<strong>Mode d'alimentation :<\/strong> Jusqu'\u00e0 18.000 trains<br \/>\n<strong>Taux de nicotine :<\/strong> 5 mg\/ml pour des effets satisfaisants<br \/>\n<strong>Style de vapotage :<\/strong> DTL (Direct To Lung) pour les gros nuages de vapeur<br \/>\n<strong>Conception de la bobine :<\/strong> Dual-Mesh pour un go\u00fbt et un d\u00e9veloppement de la vapeur renforc\u00e9s<br \/>\n<strong>\u00c9l\u00e9ments interactifs :<\/strong> Retour d'information audio pour une utilisation moderne<br \/>\n<strong>annonce :<\/strong> \u00e9cran couleur de 2,1 pouces pour un contr\u00f4le facile<br \/>\n<strong>Contr\u00f4le du flux d'air :<\/strong> Airflow r\u00e9glable pour les pr\u00e9f\u00e9rences individuelles<\/p>\n<h3 class=\"text-lg font-bold text-text-100 mt-1 -mb-1.5\">D\u00e9couvrir plus de VOZOL VAPE chez vozolpuff<\/h3>\n<p class=\"whitespace-normal break-words\">D\u00e9couvrez d'autres e-cigarettes premium sur notre <strong><a class=\"underline\" href=\"https:\/\/vozolpuff.de\/fr\/\">Page d'accueil<\/a><\/strong>Explorez l'ensemble de la <strong><a class=\"underline\" href=\"https:\/\/vozolpuff.de\/fr\/product-category\/vozol-vape\/\">Collection VOZOL VAPE<\/a><\/strong> ou parcourez tous les articles disponibles <strong><a class=\"underline\" href=\"https:\/\/vozolpuff.de\/fr\/product-category\/vozol-vape\/vozol-gear-shisha-25000\/\">Vozol Gear Shisha 25000 saveurs<\/a><\/strong>.<\/p>","protected":false},"excerpt":{"rendered":"<p class=\"whitespace-normal break-words\">La Vozol Gear Shisha 25000 Grape Mint jetable combine des ar\u00f4mes de raisin sucr\u00e9s avec de la menthe rafra\u00eechissante. Jusqu'\u00e0 25 000 bouff\u00e9es, batterie 1000mAh, syst\u00e8me de bobines Dual-Mesh et \u00e9cran 2,1\u2033. Optimis\u00e9 DTL pour un plaisir fruit\u00e9 avec un effet rafra\u00eechissant.<\/p>","protected":false},"featured_media":1289,"comment_status":"open","ping_status":"closed","template":"","meta":{"_acf_changed":false},"product_brand":[],"product_cat":[34],"product_tag":[],"class_list":{"0":"post-1287","1":"product","2":"type-product","3":"status-publish","4":"has-post-thumbnail","6":"product_cat-vozol-gear-shisha-25000","8":"first","9":"instock","10":"shipping-taxable","11":"purchasable","12":"product-type-variable"},"acf":[],"_links":{"self":[{"href":"https:\/\/vozolpuff.de\/fr\/wp-json\/wp\/v2\/product\/1287","targetHints":{"allow":["GET"]}}],"collection":[{"href":"https:\/\/vozolpuff.de\/fr\/wp-json\/wp\/v2\/product"}],"about":[{"href":"https:\/\/vozolpuff.de\/fr\/wp-json\/wp\/v2\/types\/product"}],"replies":[{"embeddable":true,"href":"https:\/\/vozolpuff.de\/fr\/wp-json\/wp\/v2\/comments?post=1287"}],"wp:featuredmedia":[{"embeddable":true,"href":"https:\/\/vozolpuff.de\/fr\/wp-json\/wp\/v2\/media\/1289"}],"wp:attachment":[{"href":"https:\/\/vozolpuff.de\/fr\/wp-json\/wp\/v2\/media?parent=1287"}],"wp:term":[{"taxonomy":"product_brand","embeddable":true,"href":"https:\/\/vozolpuff.de\/fr\/wp-json\/wp\/v2\/product_brand?post=1287"},{"taxonomy":"product_cat","embeddable":true,"href":"https:\/\/vozolpuff.de\/fr\/wp-json\/wp\/v2\/product_cat?post=1287"},{"taxonomy":"product_tag","embeddable":true,"href":"https:\/\/vozolpuff.de\/fr\/wp-json\/wp\/v2\/product_tag?post=1287"}],"curies":[{"name":"wp","href":"https:\/\/api.w.org\/{rel}","templated":true}]}}