{"id":1302,"date":"2025-08-25T15:54:22","date_gmt":"2025-08-25T13:54:22","guid":{"rendered":"https:\/\/vozolpuff.de\/?post_type=product&#038;p=1302"},"modified":"2026-03-31T16:11:53","modified_gmt":"2026-03-31T14:11:53","slug":"vozol-gear-shisha-25000-maiden-killer","status":"publish","type":"product","link":"https:\/\/vozolpuff.de\/fr\/produit\/vozol-gear-shisha-25000-maiden-killer\/","title":{"rendered":"Vozol Gear Shisha 25000 Maiden Killer"},"content":{"rendered":"<h2 class=\"text-xl font-bold text-text-100 mt-1 -mb-0.5\">Vozol Gear Shisha 25000 Maiden Killer \u00e0 usage unique<\/h2>\n<p class=\"whitespace-normal break-words\">La chicha Vozol Gear 25000 Maiden Killer s\u00e9duit par sa combinaison d'ar\u00f4mes s\u00e9duisante et sa douceur irr\u00e9sistible. Avec un nombre impressionnant de 25 000 bouff\u00e9es en mode \u00e9co, qui pr\u00e9serve les ressources, vous faites l'exp\u00e9rience d'un plaisir de longue dur\u00e9e sans compromis. La technologie innovante des bobines Dual-Mesh en mode Power d\u00e9ploie des dimensions gustatives intenses et assure une densit\u00e9 de vapeur exceptionnelle.<\/p>\n<p class=\"whitespace-normal break-words\">Le syst\u00e8me de canaux \u00e0 flux optimis\u00e9 a \u00e9t\u00e9 con\u00e7u pour les passionn\u00e9s de DTL et garantit des bouff\u00e9es douces et imm\u00e9diates d'une consistance parfaite. L'association d'une batterie puissante de 1000mAh, d'un volume d'ar\u00f4me g\u00e9n\u00e9reux de 24ml et d'un \u00e9cran tactile moderne de 2,1 pouces fait de cet appareil un compagnon de vapotage indispensable.<\/p>\n<h3 class=\"text-lg font-bold text-text-100 mt-1 -mb-1.5\">Vozol Gear Shisha 25000 Maiden Killer Sp\u00e9cifications :<\/h3>\n<p class=\"whitespace-normal break-words\"><strong>Alimentation \u00e9lectrique :<\/strong> 1000mAh pour une performance endurante<br \/>\n<strong>Variante Eco :<\/strong> Jusqu'\u00e0 25.000 trains<br \/>\n<strong>Variante de puissance :<\/strong> Jusqu'\u00e0 18.000 trains<br \/>\n<strong>Niveau de nicotine :<\/strong> 5 mg\/ml pour un effet satisfaisant<br \/>\n<strong>Mode vapeur :<\/strong> DTL (Direct To Lung) pour des nuages volumineux<br \/>\n<strong>Spirales chauffantes :<\/strong> Double maillage pour une excellente transmission des saveurs<br \/>\n<strong>Des fonctions intelligentes :<\/strong> Notifications audio pour une utilisation intelligente<br \/>\n<strong>Visualisation :<\/strong> \u00e9cran couleur de 2,1 pouces pour un contr\u00f4le total<br \/>\n<strong>D\u00e9bit d'air :<\/strong> A\u00e9ration r\u00e9glable pour des tirages adapt\u00e9s<\/p>\n<h3 class=\"text-lg font-bold text-text-100 mt-1 -mb-1.5\">D\u00e9couvrir plus de VOZOL VAPE chez vozolpuff<\/h3>\n<p class=\"whitespace-normal break-words\">D\u00e9couvrez d'autres e-cigarettes premium sur notre <strong><a class=\"underline\" href=\"https:\/\/vozolpuff.de\/fr\/\">Page d'accueil<\/a><\/strong>Explorez l'ensemble de la <strong><a class=\"underline\" href=\"https:\/\/vozolpuff.de\/fr\/product-category\/vozol-vape\/\">Collection VOZOL VAPE<\/a><\/strong> ou parcourez tous les articles disponibles <strong><a class=\"underline\" href=\"https:\/\/vozolpuff.de\/fr\/product-category\/vozol-vape\/vozol-gear-shisha-25000\/\">Vozol Gear Shisha 25000 saveurs<\/a><\/strong>.<\/p>","protected":false},"excerpt":{"rendered":"<p class=\"whitespace-normal break-words\">La Vozol Gear Shisha 25000 Maiden Killer jetable-Vape se distingue par une combinaison d'ar\u00f4mes s\u00e9duisante et une douceur irr\u00e9sistible. Jusqu'\u00e0 25 000 bouff\u00e9es, batterie 1000mAh, technologie de bobine \u00e0 double maillage et \u00e9cran 2,1\u2033. Optimis\u00e9 DTL pour des dimensions gustatives intenses.<\/p>\n<p class=\"whitespace-normal break-words\">","protected":false},"featured_media":1304,"comment_status":"open","ping_status":"closed","template":"","meta":{"_acf_changed":false},"product_brand":[],"product_cat":[34],"product_tag":[],"class_list":{"0":"post-1302","1":"product","2":"type-product","3":"status-publish","4":"has-post-thumbnail","6":"product_cat-vozol-gear-shisha-25000","8":"first","9":"instock","10":"shipping-taxable","11":"purchasable","12":"product-type-variable"},"acf":[],"_links":{"self":[{"href":"https:\/\/vozolpuff.de\/fr\/wp-json\/wp\/v2\/product\/1302","targetHints":{"allow":["GET"]}}],"collection":[{"href":"https:\/\/vozolpuff.de\/fr\/wp-json\/wp\/v2\/product"}],"about":[{"href":"https:\/\/vozolpuff.de\/fr\/wp-json\/wp\/v2\/types\/product"}],"replies":[{"embeddable":true,"href":"https:\/\/vozolpuff.de\/fr\/wp-json\/wp\/v2\/comments?post=1302"}],"wp:featuredmedia":[{"embeddable":true,"href":"https:\/\/vozolpuff.de\/fr\/wp-json\/wp\/v2\/media\/1304"}],"wp:attachment":[{"href":"https:\/\/vozolpuff.de\/fr\/wp-json\/wp\/v2\/media?parent=1302"}],"wp:term":[{"taxonomy":"product_brand","embeddable":true,"href":"https:\/\/vozolpuff.de\/fr\/wp-json\/wp\/v2\/product_brand?post=1302"},{"taxonomy":"product_cat","embeddable":true,"href":"https:\/\/vozolpuff.de\/fr\/wp-json\/wp\/v2\/product_cat?post=1302"},{"taxonomy":"product_tag","embeddable":true,"href":"https:\/\/vozolpuff.de\/fr\/wp-json\/wp\/v2\/product_tag?post=1302"}],"curies":[{"name":"wp","href":"https:\/\/api.w.org\/{rel}","templated":true}]}}