{"id":1322,"date":"2025-08-25T16:04:16","date_gmt":"2025-08-25T14:04:16","guid":{"rendered":"https:\/\/vozolpuff.de\/?post_type=product&#038;p=1322"},"modified":"2026-03-31T16:11:22","modified_gmt":"2026-03-31T14:11:22","slug":"vozol-gear-shisha-25000-strawberry-margarita","status":"publish","type":"product","link":"https:\/\/vozolpuff.de\/fr\/produit\/vozol-gear-shisha-25000-strawberry-margarita\/","title":{"rendered":"Vozol Gear Shisha 25000 Fraise Margarita"},"content":{"rendered":"<h2 class=\"text-xl font-bold text-text-100 mt-1 -mb-0.5\">Vozol Gear Shisha 25000 Strawberry Margarita Vaporisateur jetable<\/h2>\n<p class=\"whitespace-normal break-words\">La Vozol Gear Shisha 25000 Strawberry Margarita vous transporte dans un monde d'atmosph\u00e8re de cocktail estival avec des fraises sucr\u00e9es et des notes rafra\u00eechissantes de margarita. En mode \u00e9co, qui pr\u00e9serve les ressources, vous profitez de jusqu'\u00e0 25 000 bouff\u00e9es de ce m\u00e9lange de saveurs exquises. En mode Power, la technologie innovante des bobines Dual-Mesh d\u00e9ploie des couches d'ar\u00f4mes complexes et cr\u00e9e une exp\u00e9rience de cocktail authentique.<\/p>\n<p class=\"whitespace-normal break-words\">Le syst\u00e8me de canaux d'air perfectionn\u00e9 en termes de flux est parfaitement adapt\u00e9 aux vapoteurs DTL et garantit des inhalations soyeuses et sans effort. \u00c9quip\u00e9 d'un accumulateur d'\u00e9nergie fiable de 1000mAh, d'un r\u00e9servoir de liquide g\u00e9n\u00e9reux de 24ml et d'un \u00e9cran haute r\u00e9solution de 2,1 pouces, cet appareil offre une fonctionnalit\u00e9 et un style ultimes.<\/p>\n<h3 class=\"text-lg font-bold text-text-100 mt-1 -mb-1.5\">Vozol Gear Shisha 25000 Strawberry Margarita Sp\u00e9cifications :<\/h3>\n<p class=\"whitespace-normal break-words\"><strong>Source de courant :<\/strong> 1000mAh pour une autonomie \u00e9tendue<br \/>\n<strong>Mode \u00e9co :<\/strong> Jusqu'\u00e0 25.000 trains<br \/>\n<strong>Mode d'alimentation :<\/strong> Jusqu'\u00e0 18.000 trains<br \/>\n<strong>Teneur en nicotine :<\/strong> 5mg\/ml pour un effet satisfaisant<br \/>\n<strong>Technique de vapotage :<\/strong> DTL (Direct To Lung) pour une formation de nuages impressionnante<br \/>\n<strong>Technologie d'\u00e9vaporation :<\/strong> Double maillage pour une excellente reproduction des saveurs<br \/>\n<strong>Fonctionnalit\u00e9s intelligentes :<\/strong> Retour audio pour une interaction moderne<br \/>\n<strong>Syst\u00e8me d'affichage :<\/strong> \u00c9cran couleur de 2,1 pouces pour un contr\u00f4le total<br \/>\n<strong>Contr\u00f4le de l'airflow :<\/strong> Arriv\u00e9e d'air variable pour des r\u00e9glages sur mesure<\/p>\n<h3 class=\"text-lg font-bold text-text-100 mt-1 -mb-1.5\">D\u00e9couvrir plus de VOZOL VAPE chez vozolpuff<\/h3>\n<p class=\"whitespace-normal break-words\">D\u00e9couvrez d'autres e-cigarettes premium sur notre <strong><a class=\"underline\" href=\"https:\/\/vozolpuff.de\/fr\/\">Page d'accueil<\/a><\/strong>Explorez l'ensemble de la <strong><a class=\"underline\" href=\"https:\/\/vozolpuff.de\/fr\/product-category\/vozol-vape\/\">Collection VOZOL VAPE<\/a><\/strong> ou parcourez tous les articles disponibles <strong><a class=\"underline\" href=\"https:\/\/vozolpuff.de\/fr\/product-category\/vozol-vape\/vozol-gear-shisha-25000\/\">Vozol Gear Shisha 25000 saveurs<\/a><\/strong>.<\/p>","protected":false},"excerpt":{"rendered":"<p class=\"whitespace-normal break-words\">La Vozol Gear Shisha 25000 Strawberry Margarita jetable-Vape vous transporte dans une atmosph\u00e8re de cocktail estival avec des fraises sucr\u00e9es et des notes de margarita. Jusqu'\u00e0 25 000 bouff\u00e9es, batterie 1000mAh, technologie dual-mesh et \u00e9cran 2,1\u2033. Optimis\u00e9 DTL pour une exp\u00e9rience de cocktail authentique.<\/p>\n<p class=\"whitespace-normal break-words\">","protected":false},"featured_media":1324,"comment_status":"open","ping_status":"closed","template":"","meta":{"_acf_changed":false},"product_brand":[],"product_cat":[34],"product_tag":[],"class_list":{"0":"post-1322","1":"product","2":"type-product","3":"status-publish","4":"has-post-thumbnail","6":"product_cat-vozol-gear-shisha-25000","8":"first","9":"instock","10":"shipping-taxable","11":"purchasable","12":"product-type-variable"},"acf":[],"_links":{"self":[{"href":"https:\/\/vozolpuff.de\/fr\/wp-json\/wp\/v2\/product\/1322","targetHints":{"allow":["GET"]}}],"collection":[{"href":"https:\/\/vozolpuff.de\/fr\/wp-json\/wp\/v2\/product"}],"about":[{"href":"https:\/\/vozolpuff.de\/fr\/wp-json\/wp\/v2\/types\/product"}],"replies":[{"embeddable":true,"href":"https:\/\/vozolpuff.de\/fr\/wp-json\/wp\/v2\/comments?post=1322"}],"wp:featuredmedia":[{"embeddable":true,"href":"https:\/\/vozolpuff.de\/fr\/wp-json\/wp\/v2\/media\/1324"}],"wp:attachment":[{"href":"https:\/\/vozolpuff.de\/fr\/wp-json\/wp\/v2\/media?parent=1322"}],"wp:term":[{"taxonomy":"product_brand","embeddable":true,"href":"https:\/\/vozolpuff.de\/fr\/wp-json\/wp\/v2\/product_brand?post=1322"},{"taxonomy":"product_cat","embeddable":true,"href":"https:\/\/vozolpuff.de\/fr\/wp-json\/wp\/v2\/product_cat?post=1322"},{"taxonomy":"product_tag","embeddable":true,"href":"https:\/\/vozolpuff.de\/fr\/wp-json\/wp\/v2\/product_tag?post=1322"}],"curies":[{"name":"wp","href":"https:\/\/api.w.org\/{rel}","templated":true}]}}