{"id":1326,"date":"2025-08-25T16:06:34","date_gmt":"2025-08-25T14:06:34","guid":{"rendered":"https:\/\/vozolpuff.de\/?post_type=product&#038;p=1326"},"modified":"2026-03-31T16:11:15","modified_gmt":"2026-03-31T14:11:15","slug":"vozol-gear-shisha-25000-watermelon-mint","status":"publish","type":"product","link":"https:\/\/vozolpuff.de\/fr\/produit\/vozol-gear-shisha-25000-watermelon-mint\/","title":{"rendered":"Vozol Gear Shisha 25000 Past\u00e8que Menthe"},"content":{"rendered":"<h2 class=\"text-xl font-bold text-text-100 mt-1 -mb-0.5\">Vozol Gear Shisha 25000 Watermelon Mint Vape jetable<\/h2>\n<p class=\"whitespace-normal break-words\">Avec la Vozol Gear Shisha 25000 Watermelon Mint, savourez la symbiose parfaite entre la past\u00e8que juteuse et la menthe vivifiante. Cette combinaison rafra\u00eechissante offre jusqu'\u00e0 25 000 bouff\u00e9es de fra\u00eecheur estivale en mode Eco \u00e9conome en \u00e9nergie. Le syst\u00e8me avanc\u00e9 Dual Mesh en mode Power renforce les ar\u00f4mes fruit\u00e9s de past\u00e8que et apporte des notes rafra\u00eechissantes de menthe \u00e0 chaque inhalation.<\/p>\n<p class=\"whitespace-normal break-words\">La m\u00e9canique des fluides scientifiquement d\u00e9velopp\u00e9e du syst\u00e8me d'air est sp\u00e9cialement con\u00e7ue pour les amateurs de vapotage DTL et offre des bouff\u00e9es douces et puissantes. Avec son syst\u00e8me de batterie durable de 1000 mAh, son r\u00e9servoir d'e-liquide volumineux de 24 ml et son \u00e9cran couleur clair de 2,1 pouces, cet appareil haut de gamme allie performance et facilit\u00e9 d'utilisation.<\/p>\n<h3 class=\"text-lg font-bold text-text-100 mt-1 -mb-1.5\">Caract\u00e9ristiques de la Vozol Gear Shisha 25000 Watermelon Mint :<\/h3>\n<p class=\"whitespace-normal break-words\"><strong>Capacit\u00e9 de la batterie :<\/strong> 1000mAh pour une utilisation de longue dur\u00e9e<br \/>\n<strong>Variante Eco :<\/strong> Jusqu'\u00e0 25.000 trains<br \/>\n<strong>Variante de puissance :<\/strong> Jusqu'\u00e0 18.000 trains<br \/>\n<strong>Niveau de nicotine :<\/strong> 5mg\/ml pour un throat hit optimal<br \/>\n<strong>Mode vapeur :<\/strong> DTL (Direct To Lung) pour une production de vapeur maximale<br \/>\n<strong>Serpentin chauffant :<\/strong> Dual-Mesh pour un d\u00e9veloppement renforc\u00e9 des ar\u00f4mes<br \/>\n<strong>Technologie moderne :<\/strong> Interface audio pour une utilisation intelligente<br \/>\n<strong>Technique d'affichage :<\/strong> \u00c9cran couleur de 2,1 pouces pour une utilisation facile<br \/>\n<strong>R\u00e9gulation de l'air :<\/strong> A\u00e9ration r\u00e9glable pour les pr\u00e9f\u00e9rences individuelles<\/p>\n<h3 class=\"text-lg font-bold text-text-100 mt-1 -mb-1.5\">D\u00e9couvrir plus de VOZOL VAPE chez vozolpuff<\/h3>\n<p class=\"whitespace-normal break-words\">D\u00e9couvrez d'autres e-cigarettes premium sur notre <strong><a class=\"underline\" href=\"https:\/\/vozolpuff.de\/fr\/\">Page d'accueil<\/a><\/strong>Explorez l'ensemble de la <strong><a class=\"underline\" href=\"https:\/\/vozolpuff.de\/fr\/product-category\/vozol-vape\/\">Collection VOZOL VAPE<\/a><\/strong> ou parcourez tous les articles disponibles <strong><a class=\"underline\" href=\"https:\/\/vozolpuff.de\/fr\/product-category\/vozol-vape\/vozol-gear-shisha-25000\/\">Vozol Gear Shisha 25000 saveurs<\/a><\/strong>.<\/p>","protected":false},"excerpt":{"rendered":"<p class=\"whitespace-normal break-words\">La cigarette \u00e9lectronique jetable Vozol Gear Shisha 25000 Watermelon Mint combine \u00e0 la perfection la saveur juteuse de la past\u00e8que et la fra\u00eecheur vivifiante de la menthe. Jusqu'\u00e0 25 000 bouff\u00e9es, batterie 1000 mAh, syst\u00e8me Dual Mesh et \u00e9cran 2,1 pouces. Optimis\u00e9e pour le DTL, elle vous offre une fra\u00eecheur estivale rafra\u00eechissante avec des notes menthol\u00e9es.<\/p>","protected":false},"featured_media":1328,"comment_status":"open","ping_status":"closed","template":"","meta":{"_acf_changed":false},"product_brand":[],"product_cat":[34],"product_tag":[],"class_list":{"0":"post-1326","1":"product","2":"type-product","3":"status-publish","4":"has-post-thumbnail","6":"product_cat-vozol-gear-shisha-25000","8":"first","9":"instock","10":"shipping-taxable","11":"purchasable","12":"product-type-variable"},"acf":[],"_links":{"self":[{"href":"https:\/\/vozolpuff.de\/fr\/wp-json\/wp\/v2\/product\/1326","targetHints":{"allow":["GET"]}}],"collection":[{"href":"https:\/\/vozolpuff.de\/fr\/wp-json\/wp\/v2\/product"}],"about":[{"href":"https:\/\/vozolpuff.de\/fr\/wp-json\/wp\/v2\/types\/product"}],"replies":[{"embeddable":true,"href":"https:\/\/vozolpuff.de\/fr\/wp-json\/wp\/v2\/comments?post=1326"}],"wp:featuredmedia":[{"embeddable":true,"href":"https:\/\/vozolpuff.de\/fr\/wp-json\/wp\/v2\/media\/1328"}],"wp:attachment":[{"href":"https:\/\/vozolpuff.de\/fr\/wp-json\/wp\/v2\/media?parent=1326"}],"wp:term":[{"taxonomy":"product_brand","embeddable":true,"href":"https:\/\/vozolpuff.de\/fr\/wp-json\/wp\/v2\/product_brand?post=1326"},{"taxonomy":"product_cat","embeddable":true,"href":"https:\/\/vozolpuff.de\/fr\/wp-json\/wp\/v2\/product_cat?post=1326"},{"taxonomy":"product_tag","embeddable":true,"href":"https:\/\/vozolpuff.de\/fr\/wp-json\/wp\/v2\/product_tag?post=1326"}],"curies":[{"name":"wp","href":"https:\/\/api.w.org\/{rel}","templated":true}]}}