{"id":2267,"date":"2025-08-28T17:39:21","date_gmt":"2025-08-28T15:39:21","guid":{"rendered":"https:\/\/vozolpuff.de\/?post_type=product&#038;p=2267"},"modified":"2025-08-28T17:39:21","modified_gmt":"2025-08-28T15:39:21","slug":"randm-tornado-15000-peach-blueberry-candy","status":"publish","type":"product","link":"https:\/\/vozolpuff.de\/fr\/produit\/randm-tornado-15000-peach-blueberry-candy\/","title":{"rendered":"RandM Tornado 15000 Peach Blueberry Candy"},"content":{"rendered":"<h2 class=\"text-xl font-bold text-text-100 mt-1 -mb-0.5\">RandM Tornado 15000 Peach Blueberry Candy Vaporisateur jetable<\/h2>\n<p class=\"whitespace-normal break-words\">Replongez-vous dans vos doux souvenirs d'enfance avec la RandM Tornado 15000 Peach Blueberry Candy. Cette saveur ludique combine des p\u00eaches juteuses et des myrtilles sucr\u00e9es avec une note de bonbon sucr\u00e9. 15 000 bouff\u00e9es tir\u00e9es d'un r\u00e9servoir de 25 ml assurent une nostalgie durable des bonbons dans les taux de nicotine 0%, 2%, 3% et 5%.<\/p>\n<h3 class=\"text-lg font-bold text-text-100 mt-1 -mb-1.5\">Peach Blueberry Candy Caract\u00e9ristiques de l'\u00e9quipement :<\/h3>\n<p class=\"whitespace-normal break-words\"><strong>Batterie de bonbons 850mAh \u00e0 haute \u00e9nergie :<\/strong> Une alimentation stable pr\u00e9serve la douceur caract\u00e9ristique de Candy et assure des performances continues pour une exp\u00e9rience compl\u00e8te de gourmandise.<\/p>\n<p class=\"whitespace-normal break-words\"><strong>R\u00e9cipient \u00e0 confiserie de 25 ML de grande capacit\u00e9 :<\/strong> Le r\u00e9servoir de grande capacit\u00e9 garantit de longues phases de vapotage de bonbons sans interrompre l'exp\u00e9rience gustative nostalgique.<\/p>\n<p class=\"whitespace-normal break-words\"><strong>Bobine maill\u00e9e 0,90\u03a9 renfor\u00e7ant le candy :<\/strong> Une technique de chauffage sp\u00e9cialement calibr\u00e9e intensifie les notes sucr\u00e9es de candy et met parfaitement en valeur la combinaison p\u00eache-m\u00fbre.<\/p>\n<p class=\"whitespace-normal break-words\"><strong>Chargeur de bonbons Express Type-C :<\/strong> Le chargement rapide comme l'\u00e9clair r\u00e9duit les pauses entre les moments de vapeur sucr\u00e9e et optimise le temps de grignotage disponible.<\/p>\n<p class=\"whitespace-normal break-words\"><strong>Immense performance de 15 000 bouff\u00e9es de douceur :<\/strong> Capacit\u00e9 exceptionnelle pour l'endurance \u00e0 long terme des bonbons sans perte de l'intensit\u00e9 caract\u00e9ristique des bonbons.<\/p>\n<p class=\"whitespace-normal break-words\"><strong>Effets de lumi\u00e8re RVB color\u00e9s comme des bonbons :<\/strong> Des animations color\u00e9es ludiques cr\u00e9ent une atmosph\u00e8re de bonbons et fonctionnent comme un charmant indicateur de fonctionnement.<\/p>\n<h3 class=\"text-lg font-bold text-text-100 mt-1 -mb-1.5\">D\u00e9couvrir plus de FUMOT VAPE chez vozolpuff<\/h3>\n<p class=\"whitespace-normal break-words\">D\u00e9couvrez d'autres produits vapeur de qualit\u00e9 dans notre <strong><a class=\"underline\" href=\"https:\/\/vozolpuff.de\/fr\/\">Assortiment principal<\/a><\/strong>Explorez l'ensemble de la <strong><a class=\"underline\" href=\"https:\/\/vozolpuff.de\/fr\/product-category\/fumot-vape\/\">Collection FUMOT VAPE<\/a><\/strong> ou parcourez toutes les offres disponibles <strong><a class=\"underline\" href=\"https:\/\/vozolpuff.de\/fr\/product-category\/fumot-vape\/randm-tornado-15000\/\">RandM Tornado 15000 saveurs<\/a><\/strong> pour votre exp\u00e9rience parfaite de la vapeur.<\/p>","protected":false},"excerpt":{"rendered":"<div>\n<div class=\"grid-cols-1 grid gap-2.5 [&amp;_&gt;_*]:min-w-0 !gap-3.5\">\n<p class=\"whitespace-normal break-words\">Die RandM Tornado 15000 Peach Blueberry Candy Einweg-Vape kombiniert saftige Pfirsiche und s\u00fc\u00dfe Blaubeeren mit zuckriger Candy-Note. Mit 15.000 Z\u00fcgen, 25ml Tank, 850mAh Akku und RGB-Beleuchtung f\u00fcr s\u00fc\u00dfe Nostalgie. Erh\u00e4ltlich in 0%, 2%, 3% und 5% Nikotin.<\/p>\n<\/div>\n<\/div>\n<div class=\"h-8\"><\/div>\n","protected":false},"featured_media":2270,"comment_status":"open","ping_status":"closed","template":"","meta":{"_acf_changed":false},"product_brand":[],"product_cat":[44],"product_tag":[],"class_list":{"0":"post-2267","1":"product","2":"type-product","3":"status-publish","4":"has-post-thumbnail","6":"product_cat-randm-tornado-15000","8":"first","9":"instock","10":"shipping-taxable","11":"purchasable","12":"product-type-variable"},"acf":[],"_links":{"self":[{"href":"https:\/\/vozolpuff.de\/fr\/wp-json\/wp\/v2\/product\/2267","targetHints":{"allow":["GET"]}}],"collection":[{"href":"https:\/\/vozolpuff.de\/fr\/wp-json\/wp\/v2\/product"}],"about":[{"href":"https:\/\/vozolpuff.de\/fr\/wp-json\/wp\/v2\/types\/product"}],"replies":[{"embeddable":true,"href":"https:\/\/vozolpuff.de\/fr\/wp-json\/wp\/v2\/comments?post=2267"}],"wp:featuredmedia":[{"embeddable":true,"href":"https:\/\/vozolpuff.de\/fr\/wp-json\/wp\/v2\/media\/2270"}],"wp:attachment":[{"href":"https:\/\/vozolpuff.de\/fr\/wp-json\/wp\/v2\/media?parent=2267"}],"wp:term":[{"taxonomy":"product_brand","embeddable":true,"href":"https:\/\/vozolpuff.de\/fr\/wp-json\/wp\/v2\/product_brand?post=2267"},{"taxonomy":"product_cat","embeddable":true,"href":"https:\/\/vozolpuff.de\/fr\/wp-json\/wp\/v2\/product_cat?post=2267"},{"taxonomy":"product_tag","embeddable":true,"href":"https:\/\/vozolpuff.de\/fr\/wp-json\/wp\/v2\/product_tag?post=2267"}],"curies":[{"name":"wp","href":"https:\/\/api.w.org\/{rel}","templated":true}]}}